{"id":34981,"date":"2023-04-04T13:20:13","date_gmt":"2023-04-04T11:20:13","guid":{"rendered":"https:\/\/www.raschvin.com\/produkt\/bowmore-25-years-symingtons-choice-signatory-vintage-70-cl-559\/"},"modified":"2023-04-04T13:20:13","modified_gmt":"2023-04-04T11:20:13","slug":"bowmore-25-years-symingtons-choice-signatory-vintage-70-cl-559","status":"publish","type":"product","link":"https:\/\/www.raschvin.com\/sv\/produkt\/bowmore-25-years-symingtons-choice-signatory-vintage-70-cl-559\/","title":{"rendered":"Bowmore 25 Years &#8211; Symington\u2019s Choice &#8211; Signatory Vintage 70 cl. 55,9%"},"content":{"rendered":"<p>Bowmore 25 Year Old 1997 vintage Islay single malt skotsk whisky. Single Oloroso sherry butt #2422 buteljerad februari 2023 av Signatory Vintage f\u00f6r (Andrew) Symington\u2019s Choice-kollektionen. 616 numrerade flaskor.<\/p>\n<p>N\u00e4sa: paraffin, mineraltoner, grapefrukt och lime. Inslag av surdeg. Sedan ostron, fuktigt grus och inslag av bl\u00f6t tweed. \u00c4ppelskal och grillad ananas. H\u00e4rlig mangokr\u00e4mkr\u00e4m med vanilj n\u00e4r den \u00f6ppnar sig, samt en doft av medicinsk mentol. Ganska perfekt.<\/p>\n<p>Mun: verkligen perfekt. Exotisk fruktjuice blandad med havsvatten. Mango, rosa grapefrukt och passionsfrukter. Citronlik\u00f6r, vaxartade inslag och en aningen syrlig, gr\u00e4sig r\u00f6kighet. N\u00e5gra droppar sen sk\u00f6rd Riesling ocks\u00e5. Alltmer kustn\u00e4ra, med droppar \u00f6rtte mot slutet.<\/p>\n<p>Finish: l\u00e5ng, n\u00e5got torrare och mer \u00f6rtig, med vag r\u00f6k, lite bivax och det vanliga havsvattnet.<\/p>\n<p>Ett vackert hattrick! Sammantaget sticker denna Bowmore ut i min bok, men jag \u00e4r inne i en period d\u00e5 jag \u00e4r ganska partisk f\u00f6r dessa tropiska frukter med utvecklad torv. Det beh\u00f6ver lite tid men det \u00e4r allt jag ber om i gamla Bowmore<\/p>\n<p>BOWMORE SINGLE MALT WHISKEY<br \/>\nBowmore Distillery grundades av David Simpson 1779 p\u00e5 Isle of Islay. Bel\u00e4get vid stranden av Loch Indaal \u00e4r det bland de \u00e4ldsta fungerande destillerierna p\u00e5 Islay och ett av de \u00e4ldsta maltwhiskydestillerierna i Skottland. Bowmore Distillery forts\u00e4tter att producera en del av sitt m\u00e4ltade korn p\u00e5 sina egna traditionella m\u00e4ltningsgolv och maltugnar. Bowmore Distillery \u00e4r en deltagare i Feis Isle, Islay Festival of Malt and Music under vilken speciella buteljeringar. Popul\u00e4ra officiella buteljeringar inkluderar Bowmore 12 \u00e5r gammal, 15 \u00e5r gammal och 25 \u00e5r gammal.<\/p>\n","protected":false},"excerpt":{"rendered":"<p>Limited Single Cask Scotch Whisky<\/p>\n","protected":false},"featured_media":34987,"template":"","meta":{"_acf_changed":false,"rs_blank_template":"","rs_page_bg_color":"","slide_template_v7":""},"product_brand":[],"product_cat":[2387,4651,2392],"product_tag":[],"class_list":{"0":"post-34981","1":"product","2":"type-product","3":"status-publish","4":"has-post-thumbnail","6":"product_cat-avec-sv","7":"product_cat-single-malt-sv","8":"product_cat-whisky-sv","9":"pa_champagne-type-single-cask-sv","10":"pa_land-skottland","11":"pa_procent-55-9-sv","12":"pa_producent-signatory-sv","13":"pa_region-islay-sv","14":"pa_traefad-oloroso-sv","15":"pa_traefad-sherry-sv","16":"pa_vintage-1997-sv","17":"pa_volume-70-sv-2","19":"first","20":"instock","21":"taxable","22":"shipping-taxable","23":"purchasable","24":"product-type-simple"},"bundled_by":[],"bundle_stock_status":"instock","bundle_stock_quantity":3,"bundle_virtual":false,"bundle_layout":"","bundle_add_to_cart_form_location":"","bundle_editable_in_cart":false,"bundle_sold_individually_context":"","bundle_item_grouping":"","bundle_min_size":"","bundle_max_size":"","bundle_price":[],"bundled_items":[],"bundle_sell_ids":[],"acf":[],"_links":{"self":[{"href":"https:\/\/www.raschvin.com\/sv\/wp-json\/wp\/v2\/product\/34981","targetHints":{"allow":["GET"]}}],"collection":[{"href":"https:\/\/www.raschvin.com\/sv\/wp-json\/wp\/v2\/product"}],"about":[{"href":"https:\/\/www.raschvin.com\/sv\/wp-json\/wp\/v2\/types\/product"}],"wp:featuredmedia":[{"embeddable":true,"href":"https:\/\/www.raschvin.com\/sv\/wp-json\/wp\/v2\/media\/34987"}],"wp:attachment":[{"href":"https:\/\/www.raschvin.com\/sv\/wp-json\/wp\/v2\/media?parent=34981"}],"wp:term":[{"taxonomy":"product_brand","embeddable":true,"href":"https:\/\/www.raschvin.com\/sv\/wp-json\/wp\/v2\/product_brand?post=34981"},{"taxonomy":"product_cat","embeddable":true,"href":"https:\/\/www.raschvin.com\/sv\/wp-json\/wp\/v2\/product_cat?post=34981"},{"taxonomy":"product_tag","embeddable":true,"href":"https:\/\/www.raschvin.com\/sv\/wp-json\/wp\/v2\/product_tag?post=34981"}],"curies":[{"name":"wp","href":"https:\/\/api.w.org\/{rel}","templated":true}]}}