{"id":34951,"date":"2022-06-28T09:13:06","date_gmt":"2022-06-28T07:13:06","guid":{"rendered":"https:\/\/www.raschvin.com\/produkt\/premium-wooden-gift-case-6-flasker\/"},"modified":"2022-06-28T09:13:06","modified_gmt":"2022-06-28T07:13:06","slug":"premium-wooden-gift-case-6-flasker","status":"publish","type":"product","link":"https:\/\/www.raschvin.com\/sv\/produkt\/premium-wooden-gift-case-6-flasker\/","title":{"rendered":"Premium Wooden Gift Case &#8211; 6 Bottles 6&#215;75 cl."},"content":{"rendered":"<p>Detta vinpaket inneh\u00e5ller ett exklusivt, v\u00e4l utvalt vin fr\u00e5n v\u00e5rt b\u00e4sta vinsortiment, presenterat i en modern och stilren tr\u00e4l\u00e5da. Perfekt som present till en kollega eller v\u00e4n, till n\u00e5gon som uppskattar det och f\u00f6rtj\u00e4nar en god drink i livet.<\/p>\n<p>Inneh\u00e5llet kan variera beroende p\u00e5 erbjudande och s\u00e4song. Vill du ha annat inneh\u00e5ll eller en prisbild, v\u00e4nligen kontakta oss.<\/p>\n","protected":false},"excerpt":{"rendered":"<p>Detta vinpaket inneh\u00e5ller ett exklusivt, v\u00e4l utvalt vin fr\u00e5n v\u00e5rt b\u00e4sta vinsortiment, presenterat i en modern och stilren tr\u00e4l\u00e5da. Perfekt som present till en kollega eller v\u00e4n, till n\u00e5gon som&#8230;<\/p>\n","protected":false},"featured_media":22031,"template":"","meta":{"_acf_changed":false,"rs_blank_template":"","rs_page_bg_color":"","slide_template_v7":""},"product_brand":[],"product_cat":[2753,2762],"product_tag":[],"class_list":{"0":"post-34951","1":"product","2":"type-product","3":"status-publish","4":"has-post-thumbnail","6":"product_cat-gaavor","7":"product_cat-vingaver-sv","8":"pa_volume-450-sv","10":"first","11":"instock","12":"taxable","13":"shipping-taxable","14":"purchasable","15":"product-type-simple"},"bundled_by":[],"bundle_stock_status":"instock","bundle_stock_quantity":null,"bundle_virtual":false,"bundle_layout":"","bundle_add_to_cart_form_location":"","bundle_editable_in_cart":false,"bundle_sold_individually_context":"","bundle_item_grouping":"","bundle_min_size":"","bundle_max_size":"","bundle_price":[],"bundled_items":[],"bundle_sell_ids":[],"acf":[],"_links":{"self":[{"href":"https:\/\/www.raschvin.com\/sv\/wp-json\/wp\/v2\/product\/34951","targetHints":{"allow":["GET"]}}],"collection":[{"href":"https:\/\/www.raschvin.com\/sv\/wp-json\/wp\/v2\/product"}],"about":[{"href":"https:\/\/www.raschvin.com\/sv\/wp-json\/wp\/v2\/types\/product"}],"wp:featuredmedia":[{"embeddable":true,"href":"https:\/\/www.raschvin.com\/sv\/wp-json\/wp\/v2\/media\/22031"}],"wp:attachment":[{"href":"https:\/\/www.raschvin.com\/sv\/wp-json\/wp\/v2\/media?parent=34951"}],"wp:term":[{"taxonomy":"product_brand","embeddable":true,"href":"https:\/\/www.raschvin.com\/sv\/wp-json\/wp\/v2\/product_brand?post=34951"},{"taxonomy":"product_cat","embeddable":true,"href":"https:\/\/www.raschvin.com\/sv\/wp-json\/wp\/v2\/product_cat?post=34951"},{"taxonomy":"product_tag","embeddable":true,"href":"https:\/\/www.raschvin.com\/sv\/wp-json\/wp\/v2\/product_tag?post=34951"}],"curies":[{"name":"wp","href":"https:\/\/api.w.org\/{rel}","templated":true}]}}