{"id":34940,"date":"2022-06-28T08:50:30","date_gmt":"2022-06-28T06:50:30","guid":{"rendered":"https:\/\/www.raschvin.com\/produkt\/premium-wine-basket-4-flasker\/"},"modified":"2022-06-28T08:50:30","modified_gmt":"2022-06-28T06:50:30","slug":"premium-wine-basket-4-flasker","status":"publish","type":"product","link":"https:\/\/www.raschvin.com\/sv\/produkt\/premium-wine-basket-4-flasker\/","title":{"rendered":"Premium Wine Basket \u2013 4 Bottles 4\u00d775 cl."},"content":{"rendered":"<p>Denna lyxiga vinkorg inneh\u00e5ller tre noga utvalda premiumviner av h\u00f6gsta kvalitet. Stilfullt packat tillsammans med l\u00e4ckra godsaker som belgisk EKO-choklad, arabiskt kaffe, dansk lakrits, n\u00f6tter och andra snacks som passar dessa viner.<\/p>\n<p>Perfekt som present till en kollega eller v\u00e4n, till n\u00e5gon som uppskattar det och f\u00f6rtj\u00e4nar goda drinkar i livet.<\/p>\n<p>Inneh\u00e5llet kan variera beroende p\u00e5 erbjudande och s\u00e4song.<\/p>\n","protected":false},"excerpt":{"rendered":"<p>Denna lyxiga vinkorg inneh\u00e5ller tre noga utvalda premiumviner av h\u00f6gsta kvalitet. Stilfullt packat tillsammans med l\u00e4ckra godsaker som belgisk EKO-choklad, arabiskt kaffe, dansk lakrits, n\u00f6tter och andra snacks som passar&#8230;<\/p>\n","protected":false},"featured_media":21966,"template":"","meta":{"_acf_changed":false,"rs_blank_template":"","rs_page_bg_color":"","slide_template_v7":""},"product_brand":[],"product_cat":[2753,2762],"product_tag":[],"class_list":{"0":"post-34940","1":"product","2":"type-product","3":"status-publish","4":"has-post-thumbnail","6":"product_cat-gaavor","7":"product_cat-vingaver-sv","8":"pa_volume-300-sv","10":"first","11":"instock","12":"taxable","13":"shipping-taxable","14":"purchasable","15":"product-type-simple"},"bundled_by":[],"bundle_stock_status":"instock","bundle_stock_quantity":null,"bundle_virtual":false,"bundle_layout":"","bundle_add_to_cart_form_location":"","bundle_editable_in_cart":false,"bundle_sold_individually_context":"","bundle_item_grouping":"","bundle_min_size":"","bundle_max_size":"","bundle_price":[],"bundled_items":[],"bundle_sell_ids":[],"acf":[],"_links":{"self":[{"href":"https:\/\/www.raschvin.com\/sv\/wp-json\/wp\/v2\/product\/34940","targetHints":{"allow":["GET"]}}],"collection":[{"href":"https:\/\/www.raschvin.com\/sv\/wp-json\/wp\/v2\/product"}],"about":[{"href":"https:\/\/www.raschvin.com\/sv\/wp-json\/wp\/v2\/types\/product"}],"wp:featuredmedia":[{"embeddable":true,"href":"https:\/\/www.raschvin.com\/sv\/wp-json\/wp\/v2\/media\/21966"}],"wp:attachment":[{"href":"https:\/\/www.raschvin.com\/sv\/wp-json\/wp\/v2\/media?parent=34940"}],"wp:term":[{"taxonomy":"product_brand","embeddable":true,"href":"https:\/\/www.raschvin.com\/sv\/wp-json\/wp\/v2\/product_brand?post=34940"},{"taxonomy":"product_cat","embeddable":true,"href":"https:\/\/www.raschvin.com\/sv\/wp-json\/wp\/v2\/product_cat?post=34940"},{"taxonomy":"product_tag","embeddable":true,"href":"https:\/\/www.raschvin.com\/sv\/wp-json\/wp\/v2\/product_tag?post=34940"}],"curies":[{"name":"wp","href":"https:\/\/api.w.org\/{rel}","templated":true}]}}