{"id":34858,"date":"2023-03-29T13:50:12","date_gmt":"2023-03-29T11:50:12","guid":{"rendered":"https:\/\/www.raschvin.com\/produkt\/pernod-absinthe-70-cl-68\/"},"modified":"2023-03-29T13:50:12","modified_gmt":"2023-03-29T11:50:12","slug":"pernod-absinthe-70-cl-68","status":"publish","type":"product","link":"https:\/\/www.raschvin.com\/sv\/produkt\/pernod-absinthe-70-cl-68\/","title":{"rendered":"Pernod Absinthe 70 cl. 68%"},"content":{"rendered":"<p>Pernod Absinthe &#8211; den djupgr\u00f6na absinten fr\u00e5n Frankrike<\/p>\n<p>Pernod Absinthe \u00e4r en djupgr\u00f6n absint fr\u00e5n Frankrike som kommer med en rej\u00e4l alkoholhalt p\u00e5 68 volymprocent. Trots den h\u00f6ga alkoholhalten \u00e4r smaken harmonisk och har en fin beska. En underbar absint som s\u00e4kerligen kommer att ge \u00e4lskare ett leende.<\/p>\n<p>Ett originalrecept fr\u00e5n 1792, anpassat till den moderna smaken<\/p>\n<p>Det ursprungliga receptet f\u00f6r &#8221;absintelixiret&#8221; tillskrivs Dr. Pierre Ordinaire, som utvecklade den 1792. Men f\u00f6r den nya versionen av Pernod absint har de f\u00f6rfinat receptet och tillverkningsmetoden f\u00f6r att m\u00f6ta smakerna hos moderna gommar. Som ett resultat imponerar Pernod Absinthe verkligen med sin bitterhet, som &#8211; enligt originalreceptet &#8211; beror p\u00e5 anv\u00e4ndningen av uts\u00f6kta vermouthv\u00e4xter.<\/p>\n<p>P\u00e5 1920-talet gick det rykten om absint<\/p>\n<p>P\u00e5 1920-talet f\u00f6rbj\u00f6ds absint i praktiskt taget alla l\u00e4nder. Detta berodde p\u00e5 att det giftiga nervgiftet tujon, liksom i vermouth, hittades i alltf\u00f6r stora m\u00e4ngder. Av r\u00e4dsla f\u00f6r att den gr\u00f6na drycken skulle f\u00f6rbjudas igen \u00e4r m\u00e4ngden tujon i absint fortfarande begr\u00e4nsad \u00e4n idag. S\u00e5 du beh\u00f6ver inte vara r\u00e4dd. Pernod Absinthe kallas normal absint och f\u00e5r d\u00e4rf\u00f6r endast inneh\u00e5lla upp till 10 milligram tujon per kilo\/liter. Det \u00e4r l\u00e5ngt under gr\u00e4nsen p\u00e5 10 milligram.<\/p>\n","protected":false},"excerpt":{"rendered":"<p>Product of France<\/p>\n","protected":false},"featured_media":34873,"template":"","meta":{"_acf_changed":false,"rs_blank_template":"","rs_page_bg_color":"","slide_template_v7":""},"product_brand":[],"product_cat":[2403,2402],"product_tag":[],"class_list":{"0":"post-34858","1":"product","2":"type-product","3":"status-publish","4":"has-post-thumbnail","6":"product_cat-absinthe-sv","7":"product_cat-sprit-sv","8":"pa_land-frankrike","9":"pa_procent-68-sv","10":"pa_producent-pernod-ricard-sv","11":"pa_volume-70-sv-2","13":"first","14":"instock","15":"sale","16":"taxable","17":"shipping-taxable","18":"purchasable","19":"product-type-simple"},"bundled_by":[],"bundle_stock_status":"instock","bundle_stock_quantity":null,"bundle_virtual":false,"bundle_layout":"","bundle_add_to_cart_form_location":"","bundle_editable_in_cart":false,"bundle_sold_individually_context":"","bundle_item_grouping":"","bundle_min_size":"","bundle_max_size":"","bundle_price":[],"bundled_items":[],"bundle_sell_ids":[],"acf":[],"_links":{"self":[{"href":"https:\/\/www.raschvin.com\/sv\/wp-json\/wp\/v2\/product\/34858","targetHints":{"allow":["GET"]}}],"collection":[{"href":"https:\/\/www.raschvin.com\/sv\/wp-json\/wp\/v2\/product"}],"about":[{"href":"https:\/\/www.raschvin.com\/sv\/wp-json\/wp\/v2\/types\/product"}],"wp:featuredmedia":[{"embeddable":true,"href":"https:\/\/www.raschvin.com\/sv\/wp-json\/wp\/v2\/media\/34873"}],"wp:attachment":[{"href":"https:\/\/www.raschvin.com\/sv\/wp-json\/wp\/v2\/media?parent=34858"}],"wp:term":[{"taxonomy":"product_brand","embeddable":true,"href":"https:\/\/www.raschvin.com\/sv\/wp-json\/wp\/v2\/product_brand?post=34858"},{"taxonomy":"product_cat","embeddable":true,"href":"https:\/\/www.raschvin.com\/sv\/wp-json\/wp\/v2\/product_cat?post=34858"},{"taxonomy":"product_tag","embeddable":true,"href":"https:\/\/www.raschvin.com\/sv\/wp-json\/wp\/v2\/product_tag?post=34858"}],"curies":[{"name":"wp","href":"https:\/\/api.w.org\/{rel}","templated":true}]}}