{"id":34855,"date":"2023-03-29T13:36:49","date_gmt":"2023-03-29T11:36:49","guid":{"rendered":"https:\/\/www.raschvin.com\/produkt\/raastoff-pineapple-vanilla-70-cl-164\/"},"modified":"2023-03-29T13:36:49","modified_gmt":"2023-03-29T11:36:49","slug":"raastoff-pineapple-vanilla-70-cl-164","status":"publish","type":"product","link":"https:\/\/www.raschvin.com\/sv\/produkt\/raastoff-pineapple-vanilla-70-cl-164\/","title":{"rendered":"R\u00e5stoff Pineapple-Vanilla 70 cl. 16,4%"},"content":{"rendered":"<p>R\u00e5stoff Pineapple-Vanilla har en frisk fruktrig smak af saftig ananas med et strejf af vanilje. Ideel til cocktails med tropisk smak och opblandet med Sprite eller Faxe Kondi f\u00e5r man en helt perfekt K\u00f8benhavnerstang drink.<\/p>\n<p>R\u00e5stoff \u00e4r et danskproduceret spiritusm\u00e6rke, som henvender sig till den kr\u00e6sne konsumenten, d\u00e4r v\u00e4rdes\u00e6tter h\u00f6g kvalitet och en raffineret smak.<\/p>\n","protected":false},"excerpt":{"rendered":"<p>Danish Fruit Vodka Liqueur<\/p>\n","protected":false},"featured_media":34864,"template":"","meta":{"_acf_changed":false,"rs_blank_template":"","rs_page_bg_color":"","slide_template_v7":""},"product_brand":[],"product_cat":[2387,2390,2402,2407,4670],"product_tag":[],"class_list":{"0":"post-34855","1":"product","2":"type-product","3":"status-publish","4":"has-post-thumbnail","6":"product_cat-avec-sv","7":"product_cat-sprit","8":"product_cat-sprit-sv","9":"product_cat-shots-sv","10":"product_cat-frukt","11":"pa_land-danmark-sv","12":"pa_procent-16-4-sv","13":"pa_producent-spritfabrikken-danmark-sv","14":"pa_volume-70-sv-2","16":"first","17":"instock","18":"sale","19":"taxable","20":"shipping-taxable","21":"purchasable","22":"product-type-simple"},"bundled_by":[],"bundle_stock_status":"instock","bundle_stock_quantity":null,"bundle_virtual":false,"bundle_layout":"","bundle_add_to_cart_form_location":"","bundle_editable_in_cart":false,"bundle_sold_individually_context":"","bundle_item_grouping":"","bundle_min_size":"","bundle_max_size":"","bundle_price":[],"bundled_items":[],"bundle_sell_ids":[],"acf":[],"_links":{"self":[{"href":"https:\/\/www.raschvin.com\/sv\/wp-json\/wp\/v2\/product\/34855","targetHints":{"allow":["GET"]}}],"collection":[{"href":"https:\/\/www.raschvin.com\/sv\/wp-json\/wp\/v2\/product"}],"about":[{"href":"https:\/\/www.raschvin.com\/sv\/wp-json\/wp\/v2\/types\/product"}],"wp:featuredmedia":[{"embeddable":true,"href":"https:\/\/www.raschvin.com\/sv\/wp-json\/wp\/v2\/media\/34864"}],"wp:attachment":[{"href":"https:\/\/www.raschvin.com\/sv\/wp-json\/wp\/v2\/media?parent=34855"}],"wp:term":[{"taxonomy":"product_brand","embeddable":true,"href":"https:\/\/www.raschvin.com\/sv\/wp-json\/wp\/v2\/product_brand?post=34855"},{"taxonomy":"product_cat","embeddable":true,"href":"https:\/\/www.raschvin.com\/sv\/wp-json\/wp\/v2\/product_cat?post=34855"},{"taxonomy":"product_tag","embeddable":true,"href":"https:\/\/www.raschvin.com\/sv\/wp-json\/wp\/v2\/product_tag?post=34855"}],"curies":[{"name":"wp","href":"https:\/\/api.w.org\/{rel}","templated":true}]}}