{"id":34652,"date":"2023-05-29T13:00:26","date_gmt":"2023-05-29T11:00:26","guid":{"rendered":"https:\/\/www.raschvin.com\/produkt\/springbank-local-barley-2023-11-years-70-cl-551\/"},"modified":"2023-03-24T21:31:26","modified_gmt":"2023-03-24T20:31:26","slug":"springbank-local-barley-2023-11-years-70-cl-551","status":"publish","type":"product","link":"https:\/\/www.raschvin.com\/sv\/produkt\/springbank-local-barley-2023-11-years-70-cl-551\/","title":{"rendered":"Springbank Local Barley 2023 11 Years 70 cl. 55,1%"},"content":{"rendered":"<p>Det senaste tillskottet till Local Barley-stammen fr\u00e5n Springbank \u00e4r en 11-\u00e5rig whisky som lagrats fr\u00e4mst p\u00e5 sherryfat, men \u00e4ven med bourbonfat och romfat i mixen. Kornet \u00e4r Belgravia, odlat p\u00e5 Glencraigs Farm. Whiskyn buteljeras med 55,1 % alkohol i 15 000 exemplar.<\/p>\n<p>F\u00e4rg: Gyllene.<br \/>\nDoft: Fruktig med toner av citrus, mango och honung.<br \/>\nSmaknoter: L\u00e4tt r\u00f6k, tropisk frukt, p\u00e4ron och blommiga toner.<\/p>\n<p>Serveringsf\u00f6rslag: Njut av det helt enkelt.<\/p>\n<p>Hos Springbank produceras 3 distinkta typer av whisky, som skiljer sig \u00e5t p\u00e5 ett antal parametrar. Den klassiska Springbank har en l\u00e4tt torvr\u00f6k. R\u00f6kniv\u00e5n anges (n\u00e5got oprecist) med ett m\u00e5tt p\u00e5 fenol i det f\u00e4rdiga m\u00e4ltade kornet och \u00e4r cirka 10-15 &#8221;parts per million&#8221; (malten torkas i 6 timmar med torvr\u00f6k och 30 timmar med varmluft). Springbank destilleras ocks\u00e5 2,5 g\u00e5nger. &#8221;Longrow&#8221; &#8211; en starkt r\u00f6kt variant gjordes f\u00f6rsta g\u00e5ngen 1973. H\u00e4r \u00e4r r\u00f6ken uppe i 50-55 ppm, malten torkas i 48 timmar med torvr\u00f6k, och den destilleras tv\u00e5 g\u00e5nger. Den nyaste varianten, Hazelburn, s\u00e5g dagens ljus 1997 n\u00e4r de f\u00f6rsta g\u00e5ngen provade helt or\u00f6kt och trippeldestillerad whisky. Av de cirka 175 000 literna som det lilla Campbeltown-destilleriet producerar per \u00e5r \u00e4r 80 % Springbank, cirka 10 % Longrow och 10 % Hazelburn.<\/p>\n<p>Oavsett vilken variant du \u00e4r ute efter \u00e4r Springbank v\u00e4rt att l\u00e4ra k\u00e4nna. Det \u00e4r favoritdestilleriet f\u00f6r m\u00e5nga whiskyn\u00f6rdar och av goda sk\u00e4l! Som det enda destilleriet i Skottland maltar de sj\u00e4lva allt korn de beh\u00f6ver. F\u00e4rg tills\u00e4tts aldrig och whiskyn \u00e4r inte kylfiltrerad.<\/p>\n","protected":false},"excerpt":{"rendered":"<p>Campbeltown Limited Single Malt Scotch Whisky<\/p>\n","protected":false},"featured_media":34782,"template":"","meta":{"_acf_changed":false,"rs_blank_template":"","rs_page_bg_color":"","slide_template_v7":""},"product_brand":[],"product_cat":[2387,2392,4651],"product_tag":[],"class_list":{"0":"post-34652","1":"product","2":"type-product","3":"status-publish","4":"has-post-thumbnail","6":"product_cat-avec-sv","7":"product_cat-whisky-sv","8":"product_cat-single-malt-sv","9":"pa_champagne-type-single-cask-sv","10":"pa_land-skottland","11":"pa_procent-55-1-sv","12":"pa_producent-springbank-sv","13":"pa_region-campbeltown-sv","14":"pa_vintage-2023-sv","15":"pa_volume-70-sv-2","17":"first","18":"instock","19":"taxable","20":"shipping-taxable","21":"purchasable","22":"product-type-simple"},"bundled_by":[],"bundle_stock_status":"instock","bundle_stock_quantity":4,"bundle_virtual":false,"bundle_layout":"","bundle_add_to_cart_form_location":"","bundle_editable_in_cart":false,"bundle_sold_individually_context":"","bundle_item_grouping":"","bundle_min_size":"","bundle_max_size":"","bundle_price":[],"bundled_items":[],"bundle_sell_ids":[],"acf":[],"_links":{"self":[{"href":"https:\/\/www.raschvin.com\/sv\/wp-json\/wp\/v2\/product\/34652","targetHints":{"allow":["GET"]}}],"collection":[{"href":"https:\/\/www.raschvin.com\/sv\/wp-json\/wp\/v2\/product"}],"about":[{"href":"https:\/\/www.raschvin.com\/sv\/wp-json\/wp\/v2\/types\/product"}],"wp:featuredmedia":[{"embeddable":true,"href":"https:\/\/www.raschvin.com\/sv\/wp-json\/wp\/v2\/media\/34782"}],"wp:attachment":[{"href":"https:\/\/www.raschvin.com\/sv\/wp-json\/wp\/v2\/media?parent=34652"}],"wp:term":[{"taxonomy":"product_brand","embeddable":true,"href":"https:\/\/www.raschvin.com\/sv\/wp-json\/wp\/v2\/product_brand?post=34652"},{"taxonomy":"product_cat","embeddable":true,"href":"https:\/\/www.raschvin.com\/sv\/wp-json\/wp\/v2\/product_cat?post=34652"},{"taxonomy":"product_tag","embeddable":true,"href":"https:\/\/www.raschvin.com\/sv\/wp-json\/wp\/v2\/product_tag?post=34652"}],"curies":[{"name":"wp","href":"https:\/\/api.w.org\/{rel}","templated":true}]}}