{"id":34631,"date":"2023-03-24T11:52:47","date_gmt":"2023-03-24T10:52:47","guid":{"rendered":"https:\/\/www.raschvin.com\/produkt\/adriatico-amaretto-bianco-crushed-almonds-vegan-5-cl-16\/"},"modified":"2023-03-24T11:52:47","modified_gmt":"2023-03-24T10:52:47","slug":"adriatico-amaretto-bianco-crushed-almonds-vegan-5-cl-16","status":"publish","type":"product","link":"https:\/\/www.raschvin.com\/sv\/produkt\/adriatico-amaretto-bianco-crushed-almonds-vegan-5-cl-16\/","title":{"rendered":"Adriatico Amaretto Bianco Crushed Almonds (Vegan) 5 cl. 16%"},"content":{"rendered":"<p>Adriatico Amaretto Bianco \u00e4r en unik version av mandellik\u00f6ren Amaretto. Den h\u00e4r versionen p\u00e5minner n\u00e4stan om en mj\u00f6lkbaserad lik\u00f6r, men den inneh\u00e5ller ingen laktos \u2013 ist\u00e4llet \u00e4r den gjord p\u00e5 krossad mandel, a la mandelmj\u00f6lk. Det ger en fin kombination av fyllighet och l\u00e4tthet, och de blommiga mandeltonerna f\u00e5r verkligen lysa. Denna Amaretto Bianco inneh\u00e5ller ocks\u00e5 n\u00e5got mindre alkohol, och \u00e4r med sina 16% en m\u00e5ngsidig cocktailingrediens \u2013 \u00e4ven om den s\u00e4kerligen ocks\u00e5 g\u00f6r en snygg &#8221;prydlig&#8221; eller \u00f6ver is.<\/p>\n<p>F\u00e4rg: Mj\u00f6lkvit.<br \/>\nDoft: Mandel, vanilj och blommiga inslag av kaprifol och apelsinblomma.<br \/>\nSmaknoter: Kr\u00e4mig och silkeslen med balanserad s\u00f6tma och l\u00e4ckra mandeltoner.<br \/>\nServeringsf\u00f6rslag: Njut av det snyggt, \u00f6ver is med en twist av apelsin eller i cocktails.<\/p>\n<p>Adriatico \u00e4r en revolution inom amaretto! Vi har v\u00e4ntat l\u00e4nge p\u00e5 en uppg\u00f6relse med den lite f\u00f6r s\u00f6ta och artificiellt smakande varianten som i m\u00e5nga \u00e5r har st\u00e5tt klistrad p\u00e5 de danska vinhandlarnas hyllor. Amaretto Adriatico \u00e4r gjord helt av naturliga ingredienser, utan tillsatta aromer. Mandlarna kommer fr\u00e5n Puglia i s\u00f6dra Italien och rostas varsamt innan de macereras i sprit och destilleras. En nypa havssalt s\u00e4tter pricken \u00f6ver i:et. Den h\u00e4r klassiska varianten har s\u00e4llskap av en lite l\u00e4ttare variant, en amaretto bianco, som \u00e4r gjord p\u00e5 mandelmj\u00f6lk och har en l\u00e4gre alkoholprocent. B\u00e5da versionerna kan avnjutas snyggt eller utvikta i en m\u00e4ngd cocktails, som du kan f\u00e5 inspiration till h\u00e4r.<\/p>\n","protected":false},"excerpt":{"rendered":"<p>Italian Premium Liqueur<\/p>\n","protected":false},"featured_media":34704,"template":"","meta":{"_acf_changed":false,"rs_blank_template":"","rs_page_bg_color":"","slide_template_v7":""},"product_brand":[],"product_cat":[4716,2387,4673,2390],"product_tag":[],"class_list":{"0":"post-34631","1":"product","2":"type-product","3":"status-publish","4":"has-post-thumbnail","6":"product_cat-andra-likorer","7":"product_cat-avec-sv","8":"product_cat-creme-sv","9":"product_cat-sprit","10":"pa_land-italien-sv","11":"pa_procent-16-sv","12":"pa_producent-amaretto-adriatico-sv","13":"pa_volume-5-sv","15":"first","16":"instock","17":"taxable","18":"shipping-taxable","19":"purchasable","20":"product-type-simple"},"bundled_by":[],"bundle_stock_status":"instock","bundle_stock_quantity":null,"bundle_virtual":false,"bundle_layout":"","bundle_add_to_cart_form_location":"","bundle_editable_in_cart":false,"bundle_sold_individually_context":"","bundle_item_grouping":"","bundle_min_size":"","bundle_max_size":"","bundle_price":[],"bundled_items":[],"bundle_sell_ids":[],"acf":[],"_links":{"self":[{"href":"https:\/\/www.raschvin.com\/sv\/wp-json\/wp\/v2\/product\/34631","targetHints":{"allow":["GET"]}}],"collection":[{"href":"https:\/\/www.raschvin.com\/sv\/wp-json\/wp\/v2\/product"}],"about":[{"href":"https:\/\/www.raschvin.com\/sv\/wp-json\/wp\/v2\/types\/product"}],"wp:featuredmedia":[{"embeddable":true,"href":"https:\/\/www.raschvin.com\/sv\/wp-json\/wp\/v2\/media\/34704"}],"wp:attachment":[{"href":"https:\/\/www.raschvin.com\/sv\/wp-json\/wp\/v2\/media?parent=34631"}],"wp:term":[{"taxonomy":"product_brand","embeddable":true,"href":"https:\/\/www.raschvin.com\/sv\/wp-json\/wp\/v2\/product_brand?post=34631"},{"taxonomy":"product_cat","embeddable":true,"href":"https:\/\/www.raschvin.com\/sv\/wp-json\/wp\/v2\/product_cat?post=34631"},{"taxonomy":"product_tag","embeddable":true,"href":"https:\/\/www.raschvin.com\/sv\/wp-json\/wp\/v2\/product_tag?post=34631"}],"curies":[{"name":"wp","href":"https:\/\/api.w.org\/{rel}","templated":true}]}}