{"id":34628,"date":"2023-03-24T11:49:20","date_gmt":"2023-03-24T10:49:20","guid":{"rendered":"https:\/\/www.raschvin.com\/produkt\/adriatico-amaretto-classic-roasted-almonds-5-cl-28\/"},"modified":"2023-03-24T11:49:20","modified_gmt":"2023-03-24T10:49:20","slug":"adriatico-amaretto-classic-roasted-almonds-5-cl-28","status":"publish","type":"product","link":"https:\/\/www.raschvin.com\/sv\/produkt\/adriatico-amaretto-classic-roasted-almonds-5-cl-28\/","title":{"rendered":"Adriatico Amaretto Classic Roasted Almonds 5 cl. 28%"},"content":{"rendered":"<p>Adriatico Classic Roasted Mandel \u00e4r en amaretto gjord uteslutande p\u00e5 bra r\u00e5varor. I centrum st\u00e5r s\u00e5klart de l\u00e4ckra, rostade italienska mandlarna, och smaken avrundas av en nypa havssalt och en balanserad s\u00f6tma. H\u00e4r finns inga konstgjorda smak\u00e4mnen, aprikosk\u00e4rnor eller f\u00f6r stora m\u00e4ngder socker &#8211; bara ren och ren smak!<\/p>\n<p>F\u00e4rg: M\u00f6rk b\u00e4rnsten.<br \/>\nDoft: Rik doft av rostad mandel, vaniljst\u00e5ng och kakao.<br \/>\nSmaknoter: Fyllig och med god s\u00f6tma, som dock inte tar \u00f6ver den fina, n\u00e4stan blommiga smaken av mandel, farinsocker, kanel och kakao.<\/p>\n<p>Serveringsf\u00f6rslag: Njut av det rent, ev l\u00e4tt kyld, efter en god m\u00e5ltid eller prova i cocktails. Vi sv\u00e4r fortfarande vid Jeffrey Morgenthalers version av en Amaretto Sour:<\/p>\n<p>4,5 cl Amaretto Adriatico<br \/>\n  2,5 cl fatfast bourbon<br \/>\n3 cl f\u00e4rsk citronsaft<br \/>\n0,5 cl sockersirap<br \/>\n1 \u00e4ggvita<\/p>\n<p>Ingredienserna skakas f\u00f6rst utan is f\u00f6r att skumma \u00e4ggvitan, och sedan med is f\u00f6r att sp\u00e4da och kyla drycken. Serveras \u00f6ver f\u00e4rska isbitar med en twist av citronskal.<\/p>\n<p>Adriatico \u00e4r en revolution inom amaretto! Vi har v\u00e4ntat l\u00e4nge p\u00e5 en uppg\u00f6relse med den lite f\u00f6r s\u00f6ta och artificiellt smakande varianten som i m\u00e5nga \u00e5r har st\u00e5tt klistrad p\u00e5 de danska vinhandlarnas hyllor. Amaretto Adriatico \u00e4r gjord helt av naturliga ingredienser, utan tillsatta aromer. Mandlarna kommer fr\u00e5n Puglia i s\u00f6dra Italien och rostas varsamt innan de macereras i sprit och destilleras. En nypa havssalt s\u00e4tter pricken \u00f6ver i:et. Den h\u00e4r klassiska varianten har s\u00e4llskap av en lite l\u00e4ttare variant, en amaretto bianco, som \u00e4r gjord p\u00e5 mandelmj\u00f6lk och har en l\u00e4gre alkoholprocent. B\u00e5da versionerna kan avnjutas snyggt eller utvikta i en m\u00e4ngd cocktails, som du kan f\u00e5 inspiration till h\u00e4r.<\/p>\n","protected":false},"excerpt":{"rendered":"<p>Italian Premium Liqueur<\/p>\n","protected":false},"featured_media":34698,"template":"","meta":{"_acf_changed":false,"rs_blank_template":"","rs_page_bg_color":"","slide_template_v7":""},"product_brand":[],"product_cat":[4716,2387,2390],"product_tag":[],"class_list":{"0":"post-34628","1":"product","2":"type-product","3":"status-publish","4":"has-post-thumbnail","6":"product_cat-andra-likorer","7":"product_cat-avec-sv","8":"product_cat-sprit","9":"pa_land-italien-sv","10":"pa_procent-28-sv","11":"pa_producent-amaretto-adriatico-sv","12":"pa_volume-5-sv","14":"first","15":"instock","16":"taxable","17":"shipping-taxable","18":"purchasable","19":"product-type-simple"},"bundled_by":[],"bundle_stock_status":"instock","bundle_stock_quantity":null,"bundle_virtual":false,"bundle_layout":"","bundle_add_to_cart_form_location":"","bundle_editable_in_cart":false,"bundle_sold_individually_context":"","bundle_item_grouping":"","bundle_min_size":"","bundle_max_size":"","bundle_price":[],"bundled_items":[],"bundle_sell_ids":[],"acf":[],"_links":{"self":[{"href":"https:\/\/www.raschvin.com\/sv\/wp-json\/wp\/v2\/product\/34628","targetHints":{"allow":["GET"]}}],"collection":[{"href":"https:\/\/www.raschvin.com\/sv\/wp-json\/wp\/v2\/product"}],"about":[{"href":"https:\/\/www.raschvin.com\/sv\/wp-json\/wp\/v2\/types\/product"}],"wp:featuredmedia":[{"embeddable":true,"href":"https:\/\/www.raschvin.com\/sv\/wp-json\/wp\/v2\/media\/34698"}],"wp:attachment":[{"href":"https:\/\/www.raschvin.com\/sv\/wp-json\/wp\/v2\/media?parent=34628"}],"wp:term":[{"taxonomy":"product_brand","embeddable":true,"href":"https:\/\/www.raschvin.com\/sv\/wp-json\/wp\/v2\/product_brand?post=34628"},{"taxonomy":"product_cat","embeddable":true,"href":"https:\/\/www.raschvin.com\/sv\/wp-json\/wp\/v2\/product_cat?post=34628"},{"taxonomy":"product_tag","embeddable":true,"href":"https:\/\/www.raschvin.com\/sv\/wp-json\/wp\/v2\/product_tag?post=34628"}],"curies":[{"name":"wp","href":"https:\/\/api.w.org\/{rel}","templated":true}]}}