{"id":34615,"date":"2023-03-24T10:27:51","date_gmt":"2023-03-24T09:27:51","guid":{"rendered":"https:\/\/www.raschvin.com\/produkt\/hendricks-flora-adora-70-cl-434\/"},"modified":"2025-03-24T14:49:08","modified_gmt":"2025-03-24T13:49:08","slug":"hendricks-flora-adora-70-cl-434","status":"publish","type":"product","link":"https:\/\/www.raschvin.com\/sv\/produkt\/hendricks-flora-adora-70-cl-434\/","title":{"rendered":"Hendrick\u2019s Flora Adora 70 cl. 43,4%"},"content":{"rendered":"<p><iframe loading=\"lazy\" title=\"A Joyously Easy Guide on How to Make a HENDRICK&#039;S FLORA ADORA Wildgarden Cup\" width=\"1080\" height=\"608\" src=\"https:\/\/www.youtube.com\/embed\/VPl9Ai1L_QE?feature=oembed\" frameborder=\"0\" allow=\"accelerometer; autoplay; clipboard-write; encrypted-media; gyroscope; picture-in-picture; web-share\" referrerpolicy=\"strict-origin-when-cross-origin\" allowfullscreen><\/iframe><\/p>\n<p>En sp\u00e4nnande ny utg\u00e5va fr\u00e5n Ms Lesley Gracies Cabinet of Curiosities, Hendricks Flora Adora Gin \u00e4r gjord av en uppfriskande infusion av blommor som \u00e4lskas mest av v\u00e5ra \u00e4lskade fj\u00e4rilar och bin. Inspirerad av ljuvliga landskap spr\u00e4ngfyllda av doftande skotska vildblommor, bjuder Hendrick&#8217;s Gin in dig att njuta av dina sinnen p\u00e5 en gin som passar perfekt f\u00f6r tr\u00e4dg\u00e5rdssammankomster och blommande underbara soir\u00e9er.<\/p>\n<p>Titta n\u00e4rmare och du kommer att hitta signaturen Hendricks stil, kombinationen av 11 fina v\u00e4xter f\u00f6rst\u00e4rkt med den l\u00e4ckra duon av ros och gurka. Flora Adora l\u00e4gger till ytterligare en sp\u00e4nnande v\u00e5g av smak. Detta uttryck i begr\u00e4nsad upplaga \u00e4r infunderat med ett hemligt urval av s\u00f6ta blommor f\u00f6r att skapa en lockande fr\u00e4sch, ljuvligt blommig gin.<\/p>\n<p>Tillg\u00e4nglig i en fantastisk 70cl flaska, Flora Adora g\u00f6r den mest perfekta ginpresenten f\u00f6r alla Hendricks entusiast.<br \/>\nEn sp\u00e4nnande ny utg\u00e5va fr\u00e5n Ms Lesley Gracies Cabinet of Curiosities, Hendricks Flora Adora Gin \u00e4r gjord av en uppfriskande infusion av blommor som \u00e4lskas mest av v\u00e5ra \u00e4lskade fj\u00e4rilar och bin. Inspirerad av ljuvliga landskap spr\u00e4ngfyllda av doftande skotska vildblommor, bjuder Hendrick&#8217;s Gin in dig att njuta av dina sinnen p\u00e5 en gin som passar perfekt f\u00f6r tr\u00e4dg\u00e5rdssammankomster och blommande underbara soir\u00e9er.<\/p>\n<p>Titta n\u00e4rmare och du kommer att hitta signaturen Hendricks stil, kombinationen av 11 fina v\u00e4xter f\u00f6rst\u00e4rkt med den l\u00e4ckra duon av ros och gurka. Flora Adora l\u00e4gger till ytterligare en sp\u00e4nnande v\u00e5g av smak. Detta uttryck i begr\u00e4nsad upplaga \u00e4r infunderat med ett hemligt urval av s\u00f6ta blommor f\u00f6r att skapa en lockande fr\u00e4sch, ljuvligt blommig gin.<\/p>\n<p>Tillg\u00e4nglig i en fantastisk 70cl flaska, Flora Adora g\u00f6r den mest perfekta ginpresenten f\u00f6r alla Hendricks entusiast.<\/p>\n<p>Smakanteckningar:<\/p>\n<p>Arom: Surrande med en lockande doft av f\u00f6rtrollande blommor och en fr\u00e4sch, \u00f6rtig karakt\u00e4r som \u00e4r full\u00e4ndad och klassiskt Hendricks stil.<\/p>\n<p>Smak: Den vackra enb\u00e4rs- och korianderryggraden f\u00f6rl\u00e4ngs av frodiga, gr\u00f6na och underbart djupa s\u00f6ta blommiga egenskaper.<\/p>\n","protected":false},"excerpt":{"rendered":"<p>Premium Botanical Gin<\/p>\n","protected":false},"featured_media":34743,"template":"","meta":{"_acf_changed":false,"rs_blank_template":"","rs_page_bg_color":"","slide_template_v7":""},"product_brand":[],"product_cat":[2402,2404,4711],"product_tag":[],"class_list":{"0":"post-34615","1":"product","2":"type-product","3":"status-publish","4":"has-post-thumbnail","6":"product_cat-sprit-sv","7":"product_cat-gin-sv","8":"product_cat-andra-gins","9":"pa_land-skottland","10":"pa_procent-43-4-sv","11":"pa_producent-girvan-distillery-sv","12":"pa_volume-70-sv-2","14":"first","15":"instock","16":"sale","17":"taxable","18":"shipping-taxable","19":"purchasable","20":"product-type-simple"},"bundled_by":[],"bundle_stock_status":"instock","bundle_stock_quantity":null,"bundle_virtual":false,"bundle_layout":"","bundle_add_to_cart_form_location":"","bundle_editable_in_cart":false,"bundle_sold_individually_context":"","bundle_item_grouping":"","bundle_min_size":"","bundle_max_size":"","bundle_price":[],"bundled_items":[],"bundle_sell_ids":[],"acf":[],"_links":{"self":[{"href":"https:\/\/www.raschvin.com\/sv\/wp-json\/wp\/v2\/product\/34615","targetHints":{"allow":["GET"]}}],"collection":[{"href":"https:\/\/www.raschvin.com\/sv\/wp-json\/wp\/v2\/product"}],"about":[{"href":"https:\/\/www.raschvin.com\/sv\/wp-json\/wp\/v2\/types\/product"}],"wp:featuredmedia":[{"embeddable":true,"href":"https:\/\/www.raschvin.com\/sv\/wp-json\/wp\/v2\/media\/34743"}],"wp:attachment":[{"href":"https:\/\/www.raschvin.com\/sv\/wp-json\/wp\/v2\/media?parent=34615"}],"wp:term":[{"taxonomy":"product_brand","embeddable":true,"href":"https:\/\/www.raschvin.com\/sv\/wp-json\/wp\/v2\/product_brand?post=34615"},{"taxonomy":"product_cat","embeddable":true,"href":"https:\/\/www.raschvin.com\/sv\/wp-json\/wp\/v2\/product_cat?post=34615"},{"taxonomy":"product_tag","embeddable":true,"href":"https:\/\/www.raschvin.com\/sv\/wp-json\/wp\/v2\/product_tag?post=34615"}],"curies":[{"name":"wp","href":"https:\/\/api.w.org\/{rel}","templated":true}]}}