{"id":34608,"date":"2023-03-24T09:58:24","date_gmt":"2023-03-24T08:58:24","guid":{"rendered":"https:\/\/www.raschvin.com\/produkt\/laurent-perrier-harmony-demi-sec-75-cl\/"},"modified":"2023-03-24T09:58:24","modified_gmt":"2023-03-24T08:58:24","slug":"laurent-perrier-harmony-demi-sec-75-cl","status":"publish","type":"product","link":"https:\/\/www.raschvin.com\/sv\/produkt\/laurent-perrier-harmony-demi-sec-75-cl\/","title":{"rendered":"Laurent-Perrier Harmony Demi-Sec 75 cl."},"content":{"rendered":"<p>Doft:<br \/>\nGener\u00f6s och rik doft och smak av mogna och torkade frukter som mandel, hasseln\u00f6tter och fikon samt f\u00e4rska p\u00e4ron.<br \/>\nSmak:<br \/>\nGener\u00f6s och rik doft och smak av mogna och torkade frukter som mandel, hasseln\u00f6tter och fikon samt f\u00e4rska p\u00e4ron. Mjuk och rundad struktur. Efter n\u00e5gra \u00e5rs f\u00f6rvaring i flaskan utvecklas en djup smak som drar mot honung<br \/>\nPassar till:<br \/>\nL\u00e4ckert dekadent serverad som aperitif, g\u00e4rna i klassiska coup\u00e9glas. Passar utm\u00e4rkt till desserter och \u00e4delost som Roquefort<br \/>\nOm tillverkaren:<br \/>\nDen ledande innovat\u00f6ren inom Champagne.<br \/>\nChampagne Laurent-Perrier grundades redan 1812, och \u00e4r idag v\u00e4rldens femte st\u00f6rsta champagnehus.<\/p>\n<p>Harmony representerar stilen som var om\u00e5ttligt popul\u00e4r under det rytande tjugotalet, n\u00e4r champagnen fl\u00f6dade:.Demi-Sec, allts\u00e5 en champagne med charmen av en dos extra s\u00f6tma.<\/p>\n<p>Laurent-Perrier grundades redan 1812, och har idag vuxit till v\u00e4rldens femte st\u00f6rsta champagnehus. \u00c4n idag \u00e4r Champagne Laurent-Perrier familje\u00e4gt och driven av Alexandra Pereyre de Nonancourt och St\u00e9phanie Meneux de Nonancourt.<\/p>\n<p>Utvecklingen tog fart n\u00e4r Marie-Louise Lanson de Nonancourt k\u00f6pte Laurent-Perrier 1939. D\u00e5 tillverkades 80 000 flaskor om \u00e5ret. Efter kriget, 1948, tog sonen Bernard de Nonancourt \u00f6ver driften, och det \u00e4r tack vare honom som Laurent-Perrier idag \u00e4r ett av de st\u00f6rsta och mest respekterade champagnehusen i v\u00e4rlden. Idag produceras cirka 7,5 miljoner flaskor och 45 miljoner flaskor finns p\u00e5 lager i k\u00e4llaren. Laurent-Perriers stil k\u00e4nnetecknas av skickligt assemblage, det vill s\u00e4ga konsten att blanda olika crus, \u00e5rg\u00e5ngar och druvsorter till en helhet som \u00f6vertr\u00e4ffar de enskilda elementen. Druvsorten Chardonnay spelar huvudrollen i alla vita cuv\u00e9er och andelen chardonnay i deras champagner \u00e4r betydligt h\u00f6gre \u00e4n i de flesta andra champagnehus; denna \u00e4dla druvsort bidrar med friskhet, elegans och kristallklar renhet. F\u00f6r Laurent-Perriers banbrytande ros\u00e9er \u00e4r det dock pinot noir som spelar huvudrollen.<\/p>\n<p>Bernard de Nonancourt &#8211; \u00e4ven k\u00e4nd som &#8221;Le Grand Bernard&#8221; hade ett brinnande intresse f\u00f6r tillverkning av champagne. Tack vare Bernard var Laurent-Perrier ett av de f\u00f6rsta champagnehusen som lagrade sina viner i st\u00e5ltankar ist\u00e4llet f\u00f6r cement under 1970-talet. Anv\u00e4ndningen av st\u00e5ltankar ledde till st\u00f6rre finess i vinerna och \u00e4r idag standard i Champagne. Bernard fick inspirationen att l\u00e4mna cementtankarna fr\u00e5n vinmakaren Alain Terrier i Bordeaux. Terrier kom sedan att arbeta som ansvarig k\u00e4llarm\u00e4stare hos Laurent Perrier i 30 \u00e5r. 1983 blev Michel Fauconnet bitr\u00e4dande k\u00e4llarm\u00e4stare och tog \u00f6ver som k\u00e4llarm\u00e4stare 2004.<\/p>\n<p>Bernard de Nonancourts passion och nyfikenhet gav Laurent-Perrier sin unika pr\u00e4gel som den ledande innovat\u00f6ren inom Champagne. Flera av de cuv\u00e9er som skapades p\u00e5 Bernards tid har varit pionj\u00e4rer och skapat helt nya produktkategorier i Champagne. 1959 introducerades Grand Si\u00e8cle, den f\u00f6rsta prestigecuv\u00e9en baserad p\u00e5 flera olika \u00e5rg\u00e5ngar. 1968 br\u00f6ts ny mark med skapandet av Cuv\u00e9e Ros\u00e9, som skapades genom att l\u00e5ta pinot noir macerera f\u00f6r att ge f\u00e4rg och karakt\u00e4r, i motsats till att blanda r\u00f6tt och vitt vin. 1981 skapade han Ultra Brut, den allra f\u00f6rsta cuv\u00e9en utan tillsatt socker (dosering).<\/p>\n<p>Laurent-Perriers viner produceras fr\u00e5n ving\u00e5rdar som alla \u00e4r h\u00e5llbarhetscertifierade enligt Viticulture Durable en Champagne.<\/p>\n","protected":false},"excerpt":{"rendered":"<p>Champagne de France<\/p>\n","protected":false},"featured_media":34761,"template":"","meta":{"_acf_changed":false,"rs_blank_template":"","rs_page_bg_color":"","slide_template_v7":""},"product_brand":[],"product_cat":[2747,2745],"product_tag":[],"class_list":{"0":"post-34608","1":"product","2":"type-product","3":"status-publish","4":"has-post-thumbnail","6":"product_cat-non-vintage-sv","7":"product_cat-champagne-sv","8":"pa_champagne-type-demi-sec-sv","9":"pa_drue-pinot-meunier-pinot-noir-chardonnay-sv","10":"pa_land-frankrike","11":"pa_procent-12-sv","12":"pa_producent-laurent-perrier-sv","13":"pa_region-champagne-sv","14":"pa_serveringstemperatur-8-10-sv","15":"pa_vintage-none-vintage-nv-sv","16":"pa_volume-75-sv","18":"first","19":"instock","20":"taxable","21":"shipping-taxable","22":"purchasable","23":"product-type-simple"},"bundled_by":[],"bundle_stock_status":"instock","bundle_stock_quantity":null,"bundle_virtual":false,"bundle_layout":"","bundle_add_to_cart_form_location":"","bundle_editable_in_cart":false,"bundle_sold_individually_context":"","bundle_item_grouping":"","bundle_min_size":"","bundle_max_size":"","bundle_price":[],"bundled_items":[],"bundle_sell_ids":[],"acf":[],"_links":{"self":[{"href":"https:\/\/www.raschvin.com\/sv\/wp-json\/wp\/v2\/product\/34608","targetHints":{"allow":["GET"]}}],"collection":[{"href":"https:\/\/www.raschvin.com\/sv\/wp-json\/wp\/v2\/product"}],"about":[{"href":"https:\/\/www.raschvin.com\/sv\/wp-json\/wp\/v2\/types\/product"}],"wp:featuredmedia":[{"embeddable":true,"href":"https:\/\/www.raschvin.com\/sv\/wp-json\/wp\/v2\/media\/34761"}],"wp:attachment":[{"href":"https:\/\/www.raschvin.com\/sv\/wp-json\/wp\/v2\/media?parent=34608"}],"wp:term":[{"taxonomy":"product_brand","embeddable":true,"href":"https:\/\/www.raschvin.com\/sv\/wp-json\/wp\/v2\/product_brand?post=34608"},{"taxonomy":"product_cat","embeddable":true,"href":"https:\/\/www.raschvin.com\/sv\/wp-json\/wp\/v2\/product_cat?post=34608"},{"taxonomy":"product_tag","embeddable":true,"href":"https:\/\/www.raschvin.com\/sv\/wp-json\/wp\/v2\/product_tag?post=34608"}],"curies":[{"name":"wp","href":"https:\/\/api.w.org\/{rel}","templated":true}]}}