{"id":34480,"date":"2023-03-16T17:44:18","date_gmt":"2023-03-16T16:44:18","guid":{"rendered":"https:\/\/www.raschvin.com\/produkt\/teeling-whiskey-small-batch-5-cl-46\/"},"modified":"2023-03-16T17:44:18","modified_gmt":"2023-03-16T16:44:18","slug":"teeling-whiskey-small-batch-5-cl-46","status":"publish","type":"product","link":"https:\/\/www.raschvin.com\/sv\/produkt\/teeling-whiskey-small-batch-5-cl-46\/","title":{"rendered":"Teeling Whiskey \u2013 Small Batch 5 cl. 46%"},"content":{"rendered":"<p>Teeling Small Batch er en irsk blended whisky. Denna small batch-aftapning \u00e4r sammansatt av utvalda ex-bourbonfade med p\u00e5 till 6 \u00e5r gammal maltwhisky och grain whisky, som f\u00e5r en finish p\u00e5 s\u00e4rskilda t\u00f8nder som har varit anv\u00e4nt till lagring av rom fr\u00e5n Mellemamerika. Teeling Small Batch \u00e4r tappet med 46% alkohol utan kylfiltrering.<\/p>\n<p>Farve: Gylden.<br \/>\nDuft: T\u00f8rret frugt, orangeblomst, vanilje och krydderier.<br \/>\nSmagsnoter: Krydret med noter af gr\u00f6na urter, kanel och karamel.<br \/>\nServeringsforslag: Kan njuta av hyra eller i cocktails.<\/p>\n<p>Teeling-familjen har skapat irsk whisky sedan 1782, d\u00e5 Walter Teeling \u00f6ppnade sitt whiskydestilleri p\u00e5 Marrowbone Lane i Dublin. Dublin har traditionellt varit hj\u00e4rtat av Irlands whiskyproduktion. Historien om Irlands whiskyproduktion \u00e4r otroligt sp\u00e4nnande och dramatisk och h\u00e4nger i h\u00f6g grad tillsammans med landets samh\u00f6rsf\u00f6rh\u00e5llanden till England p\u00e5 gott och ondt. Hele 37 destillerier hade r\u00f8g i skorstenene i starten af det 20ende \u00e5rhundrede, men \u00e9t efter \u00e9t lukkede destillerierne og sedan 1976 har der inte v\u00e6ret destilleret whisky i Dublin \u2013 tills nu! The Teeling Whisky Distillery \u00e4r det f\u00f6rsta nya destilleriet i Dublin i \u00f6ver 125 \u00e5r och Teeling-familjen ser det som sin mission att bringa destillationskunsten tillbaka till hj\u00e4rtat av Dublin!<br \/>\nDen smakfulde whisky kommer fr\u00e5n 3 skinnende pot stills, som \u00e4r opkaldt efter Jack Teelings 3 d\u00f8tre. 25% av produktionen dedikeras till whisky av experimenterande konst, vilket g\u00f6r Teeling till ett av den mest sp\u00e4nnande destillerier att h\u00e5lla \u00f6gonen p\u00e5 med i framtiden.<\/p>\n","protected":false},"excerpt":{"rendered":"<p>Non Chill Filtered Irish Whiskey<\/p>\n","protected":false},"featured_media":34505,"template":"","meta":{"_acf_changed":false,"rs_blank_template":"","rs_page_bg_color":"","slide_template_v7":""},"product_brand":[],"product_cat":[2387,2392,4768],"product_tag":[],"class_list":{"0":"post-34480","1":"product","2":"type-product","3":"status-publish","4":"has-post-thumbnail","6":"product_cat-avec-sv","7":"product_cat-whisky-sv","8":"product_cat-irish-whiskey","9":"pa_land-irland-sv","10":"pa_procent-46-sv","11":"pa_producent-teeling-sv","12":"pa_region-dublin-sv","13":"pa_volume-5-sv","15":"first","16":"instock","17":"taxable","18":"shipping-taxable","19":"purchasable","20":"product-type-simple"},"bundled_by":[],"bundle_stock_status":"instock","bundle_stock_quantity":null,"bundle_virtual":false,"bundle_layout":"","bundle_add_to_cart_form_location":"","bundle_editable_in_cart":false,"bundle_sold_individually_context":"","bundle_item_grouping":"","bundle_min_size":"","bundle_max_size":"","bundle_price":[],"bundled_items":[],"bundle_sell_ids":[],"acf":[],"_links":{"self":[{"href":"https:\/\/www.raschvin.com\/sv\/wp-json\/wp\/v2\/product\/34480","targetHints":{"allow":["GET"]}}],"collection":[{"href":"https:\/\/www.raschvin.com\/sv\/wp-json\/wp\/v2\/product"}],"about":[{"href":"https:\/\/www.raschvin.com\/sv\/wp-json\/wp\/v2\/types\/product"}],"wp:featuredmedia":[{"embeddable":true,"href":"https:\/\/www.raschvin.com\/sv\/wp-json\/wp\/v2\/media\/34505"}],"wp:attachment":[{"href":"https:\/\/www.raschvin.com\/sv\/wp-json\/wp\/v2\/media?parent=34480"}],"wp:term":[{"taxonomy":"product_brand","embeddable":true,"href":"https:\/\/www.raschvin.com\/sv\/wp-json\/wp\/v2\/product_brand?post=34480"},{"taxonomy":"product_cat","embeddable":true,"href":"https:\/\/www.raschvin.com\/sv\/wp-json\/wp\/v2\/product_cat?post=34480"},{"taxonomy":"product_tag","embeddable":true,"href":"https:\/\/www.raschvin.com\/sv\/wp-json\/wp\/v2\/product_tag?post=34480"}],"curies":[{"name":"wp","href":"https:\/\/api.w.org\/{rel}","templated":true}]}}