{"id":34477,"date":"2023-03-16T16:12:23","date_gmt":"2023-03-16T15:12:23","guid":{"rendered":"https:\/\/www.raschvin.com\/produkt\/teeling-whiskey-single-malt-5-cl-46\/"},"modified":"2023-03-16T16:12:23","modified_gmt":"2023-03-16T15:12:23","slug":"teeling-whiskey-single-malt-5-cl-46","status":"publish","type":"product","link":"https:\/\/www.raschvin.com\/sv\/produkt\/teeling-whiskey-single-malt-5-cl-46\/","title":{"rendered":"Teeling Whiskey \u2013 Single Malt 5 cl. 46%"},"content":{"rendered":"<p>Teeling Single Malt \u00e4r en irsk whisky med en speciell lagringshistorik. Den inneh\u00e5ller whisky med olika aldre, n\u00e5got ungt och n\u00e5got gammalt (inklusive n\u00e5got fr\u00e5n 1991!), och lagringen sker p\u00e5 ett imponerande antal olika fade, d\u00e4r har indeholdt et utsnitt av v\u00e4rldens vin: r\u00f8dvinsfade (Cabernet Sauvignon), hvidvinsfade (fra Bourgogne) ), sherry, portvin och madeira. Teelings Single Malt \u00e4r en kraftpr\u00e6station af rang, der visar, att whisky beh\u00f6ver inte vara mycket gammal f\u00f6r att vara mycket god. Tappet med 46% alkohol utan kylfiltrering.<\/p>\n<p>Farve: Gylden.<br \/>\nDuft: Mycket livlig med noter af melon, figen, kola och citron.<br \/>\nSmagsnoter: Balanceret blanding av krydderier, karamell, vanilje och citrus.<\/p>\n<p>Serveringsforslag: B\u00f8r nydes hyra.<\/p>\n<p>Teeling \u00e4r Dublins fineste destilleri och laver whisky i et v\u00e6ld af stilarter, lige fra grain whisky til single pot still.<\/p>\n","protected":false},"excerpt":{"rendered":"<p>Single Malt Irish Whiskey<\/p>\n","protected":false},"featured_media":34502,"template":"","meta":{"_acf_changed":false,"rs_blank_template":"","rs_page_bg_color":"","slide_template_v7":""},"product_brand":[],"product_cat":[2387,2392,4651,4768],"product_tag":[],"class_list":{"0":"post-34477","1":"product","2":"type-product","3":"status-publish","4":"has-post-thumbnail","6":"product_cat-avec-sv","7":"product_cat-whisky-sv","8":"product_cat-single-malt-sv","9":"product_cat-irish-whiskey","10":"pa_land-irland-sv","11":"pa_procent-46-sv","12":"pa_producent-teeling-sv","13":"pa_region-dublin-sv","14":"pa_volume-5-sv","16":"first","17":"instock","18":"taxable","19":"shipping-taxable","20":"purchasable","21":"product-type-simple"},"bundled_by":[],"bundle_stock_status":"instock","bundle_stock_quantity":null,"bundle_virtual":false,"bundle_layout":"","bundle_add_to_cart_form_location":"","bundle_editable_in_cart":false,"bundle_sold_individually_context":"","bundle_item_grouping":"","bundle_min_size":"","bundle_max_size":"","bundle_price":[],"bundled_items":[],"bundle_sell_ids":[],"acf":[],"_links":{"self":[{"href":"https:\/\/www.raschvin.com\/sv\/wp-json\/wp\/v2\/product\/34477","targetHints":{"allow":["GET"]}}],"collection":[{"href":"https:\/\/www.raschvin.com\/sv\/wp-json\/wp\/v2\/product"}],"about":[{"href":"https:\/\/www.raschvin.com\/sv\/wp-json\/wp\/v2\/types\/product"}],"wp:featuredmedia":[{"embeddable":true,"href":"https:\/\/www.raschvin.com\/sv\/wp-json\/wp\/v2\/media\/34502"}],"wp:attachment":[{"href":"https:\/\/www.raschvin.com\/sv\/wp-json\/wp\/v2\/media?parent=34477"}],"wp:term":[{"taxonomy":"product_brand","embeddable":true,"href":"https:\/\/www.raschvin.com\/sv\/wp-json\/wp\/v2\/product_brand?post=34477"},{"taxonomy":"product_cat","embeddable":true,"href":"https:\/\/www.raschvin.com\/sv\/wp-json\/wp\/v2\/product_cat?post=34477"},{"taxonomy":"product_tag","embeddable":true,"href":"https:\/\/www.raschvin.com\/sv\/wp-json\/wp\/v2\/product_tag?post=34477"}],"curies":[{"name":"wp","href":"https:\/\/api.w.org\/{rel}","templated":true}]}}