{"id":34419,"date":"2024-11-08T10:40:02","date_gmt":"2024-11-08T09:40:02","guid":{"rendered":"https:\/\/www.raschvin.com\/produkt\/bumbu-rum-co-xo-70-cl-40\/"},"modified":"2023-03-15T15:56:02","modified_gmt":"2023-03-15T14:56:02","slug":"bumbu-rum-co-xo-70-cl-40","status":"publish","type":"product","link":"https:\/\/www.raschvin.com\/sv\/produkt\/bumbu-rum-co-xo-70-cl-40\/","title":{"rendered":"Bumbu Rum CO. \u2013 XO 70 cl. 40%"},"content":{"rendered":"<p>Bumbu XO Rum \u00e4r en len, fyllig och komplex rom, som destilleras och lagras i Panama. Som namnet antyder har n\u00e5got speciellt gjorts med lagringen: efter en period p\u00e5 bourbonfat flyttas Bumbu XO till sherryfat, varifr\u00e5n den f\u00e5r toner av torkad frukt och varma kryddor som vackert kompletterar den s\u00f6ta smakprofilen.<\/p>\n<p>F\u00e4rg: Amber.<br \/>\nDoft: Kola, rostad ek och vanilj.<br \/>\nSmaknoter: S\u00f6tma, apelsinskal, pepprig krydda och en hint av kaffe.<\/p>\n<p>Serveringsf\u00f6rslag: Njut av det snyggt som du skulle g\u00f6ra en lik\u00f6r efter maten, eller prova den i cocktails!<\/p>\n<p>Dr\u00f6m dig bort till tropiska sandstr\u00e4nder med ett glas flytande Barbados! Bumbu \u00e4r en rombaserad sprit skapad f\u00f6r romdrickaren med en s\u00f6t tand och en aptit f\u00f6r det extraordin\u00e4ra. Den f\u00f6rsta och ursprungliga Bumbu destilleras p\u00e5 Barbados fr\u00e5n sockerr\u00f6rsmelass fr\u00e5n 8 olika l\u00e4nder i Karibien och Sydamerika. Destillering sker i kolonndestillationer och rommen lagras i upp till 15 \u00e5r innan den slutligen infunderas med naturliga kryddor. Efter den stora framg\u00e5ngen har Bumbu Original f\u00e5tt s\u00e4llskap av Bumbu XO, som destilleras och lagras i Panama. Som namnet antyder har n\u00e5got speciellt gjorts med \u00e5ldrandet: efter en period p\u00e5 bourbonfat flyttas Bumbu XO till sherryfat fr\u00e5n vilka den f\u00e5r toner av torkad frukt och varma kryddor som vackert kompletterar den s\u00f6ta smakprofilen.<\/p>\n","protected":false},"excerpt":{"rendered":"<p>Premium Blended Rum<\/p>\n","protected":false},"featured_media":34425,"template":"","meta":{"_acf_changed":false,"rs_blank_template":"","rs_page_bg_color":"","slide_template_v7":""},"product_brand":[],"product_cat":[2387,4634,2391],"product_tag":[],"class_list":{"0":"post-34419","1":"product","2":"type-product","3":"status-publish","4":"has-post-thumbnail","6":"product_cat-avec-sv","7":"product_cat-premium-aged-sv","8":"product_cat-rom-sv","9":"pa_land-panama-sv","10":"pa_procent-40-sv-2","11":"pa_traefad-bourbon-sv","12":"pa_traefad-sherry-sv","13":"pa_volume-70-sv-2","15":"first","16":"instock","17":"sale","18":"taxable","19":"shipping-taxable","20":"purchasable","21":"product-type-simple"},"bundled_by":[],"bundle_stock_status":"instock","bundle_stock_quantity":null,"bundle_virtual":false,"bundle_layout":"","bundle_add_to_cart_form_location":"","bundle_editable_in_cart":false,"bundle_sold_individually_context":"","bundle_item_grouping":"","bundle_min_size":"","bundle_max_size":"","bundle_price":[],"bundled_items":[],"bundle_sell_ids":[],"acf":[],"_links":{"self":[{"href":"https:\/\/www.raschvin.com\/sv\/wp-json\/wp\/v2\/product\/34419","targetHints":{"allow":["GET"]}}],"collection":[{"href":"https:\/\/www.raschvin.com\/sv\/wp-json\/wp\/v2\/product"}],"about":[{"href":"https:\/\/www.raschvin.com\/sv\/wp-json\/wp\/v2\/types\/product"}],"wp:featuredmedia":[{"embeddable":true,"href":"https:\/\/www.raschvin.com\/sv\/wp-json\/wp\/v2\/media\/34425"}],"wp:attachment":[{"href":"https:\/\/www.raschvin.com\/sv\/wp-json\/wp\/v2\/media?parent=34419"}],"wp:term":[{"taxonomy":"product_brand","embeddable":true,"href":"https:\/\/www.raschvin.com\/sv\/wp-json\/wp\/v2\/product_brand?post=34419"},{"taxonomy":"product_cat","embeddable":true,"href":"https:\/\/www.raschvin.com\/sv\/wp-json\/wp\/v2\/product_cat?post=34419"},{"taxonomy":"product_tag","embeddable":true,"href":"https:\/\/www.raschvin.com\/sv\/wp-json\/wp\/v2\/product_tag?post=34419"}],"curies":[{"name":"wp","href":"https:\/\/api.w.org\/{rel}","templated":true}]}}