{"id":34177,"date":"2023-03-10T15:44:03","date_gmt":"2023-03-10T14:44:03","guid":{"rendered":"https:\/\/www.raschvin.com\/produkt\/pisco-demonio-de-los-andes-acholado-70-cl-40\/"},"modified":"2023-03-10T16:37:12","modified_gmt":"2023-03-10T15:37:12","slug":"pisco-demonio-de-los-andes-acholado-70-cl-40","status":"publish","type":"product","link":"https:\/\/www.raschvin.com\/sv\/produkt\/pisco-demonio-de-los-andes-acholado-70-cl-40\/","title":{"rendered":"Pisco &#8211; Demonio de Los Andes Acholado 70 cl. 40%"},"content":{"rendered":"<p>Klassiskt l\u00e4tt och transparent med en behaglig doft av mogna p\u00e4ron och l\u00e4tta inslag av bananer. N\u00e4r du smakar f\u00e5r du inslag av l\u00e4tt sockerr\u00f6r, l\u00e4tt tobak och en v\u00e4ldigt mjuk finish.<\/p>\n<p>94 PO\u00c4NG<br \/>\nUltimate Spirits Challenge<br \/>\nUtm\u00e4rkt, rekommenderas varmt<br \/>\nSILVER<br \/>\nVinalies Internationales<br \/>\nVinalies Internationales 2020<br \/>\nSILVER<br \/>\nInternational Award Virtus<br \/>\nInternational Award Virtus 2020<\/p>\n<p>Om Vi\u00f1a Tacama<br \/>\nTacama \u00e4r inte mindre \u00e4n den f\u00f6rsta ving\u00e5rden i hela Sydamerika, skapad 1540 i Ica-dalen i Peru av spanjoren Francisco de Carabantes. Liksom i Spanien skulle vin tillverkas i Peru. Men 1776 f\u00f6rbj\u00f6d Spanien import av viner fr\u00e5n Peru till Spanien \u2013 spanjorerna var tvungna att dricka spanskt vin. S\u00e5 vad g\u00f6r du i Peru? Vinet destilleras och d\u00e4rmed f\u00f6ds den peruanska druvan Pisco.<\/p>\n<p>Pisco Sour<br \/>\nVill du ha den ultimata Pisco Sour? D\u00e5 har du definitivt den v\u00e4ldigt, v\u00e4ldigt r\u00e4tta Pisco h\u00e4r, mat massor av smak, massor av historia och massor av utm\u00e4rkelser och medaljer.<\/p>\n<p>Pisco gjord av ett fint och exklusivt urval av druvorna Quebranta, Albilla, Italia, Torontel och Centennial Moscatel fr\u00e5n Tacama.<\/p>\n","protected":false},"excerpt":{"rendered":"<p>Vi\u00f1a Tacama &#8211; Chile<\/p>\n","protected":false},"featured_media":34316,"template":"","meta":{"_acf_changed":false,"rs_blank_template":"","rs_page_bg_color":"","slide_template_v7":""},"product_brand":[],"product_cat":[2387,2743,6314],"product_tag":[],"class_list":{"0":"post-34177","1":"product","2":"type-product","3":"status-publish","4":"has-post-thumbnail","6":"product_cat-avec-sv","7":"product_cat-brannvin-sv","8":"product_cat-pisco-sv","9":"pa_land-chile-sv","10":"pa_procent-40-sv-2","11":"pa_producent-vina-tacama-sv","12":"pa_volume-70-sv-2","14":"first","15":"instock","16":"taxable","17":"shipping-taxable","18":"purchasable","19":"product-type-simple"},"bundled_by":[],"bundle_stock_status":"instock","bundle_stock_quantity":null,"bundle_virtual":false,"bundle_layout":"","bundle_add_to_cart_form_location":"","bundle_editable_in_cart":false,"bundle_sold_individually_context":"","bundle_item_grouping":"","bundle_min_size":"","bundle_max_size":"","bundle_price":[],"bundled_items":[],"bundle_sell_ids":[],"acf":[],"_links":{"self":[{"href":"https:\/\/www.raschvin.com\/sv\/wp-json\/wp\/v2\/product\/34177","targetHints":{"allow":["GET"]}}],"collection":[{"href":"https:\/\/www.raschvin.com\/sv\/wp-json\/wp\/v2\/product"}],"about":[{"href":"https:\/\/www.raschvin.com\/sv\/wp-json\/wp\/v2\/types\/product"}],"wp:featuredmedia":[{"embeddable":true,"href":"https:\/\/www.raschvin.com\/sv\/wp-json\/wp\/v2\/media\/34316"}],"wp:attachment":[{"href":"https:\/\/www.raschvin.com\/sv\/wp-json\/wp\/v2\/media?parent=34177"}],"wp:term":[{"taxonomy":"product_brand","embeddable":true,"href":"https:\/\/www.raschvin.com\/sv\/wp-json\/wp\/v2\/product_brand?post=34177"},{"taxonomy":"product_cat","embeddable":true,"href":"https:\/\/www.raschvin.com\/sv\/wp-json\/wp\/v2\/product_cat?post=34177"},{"taxonomy":"product_tag","embeddable":true,"href":"https:\/\/www.raschvin.com\/sv\/wp-json\/wp\/v2\/product_tag?post=34177"}],"curies":[{"name":"wp","href":"https:\/\/api.w.org\/{rel}","templated":true}]}}