{"id":34153,"date":"2023-03-10T14:37:59","date_gmt":"2023-03-10T13:37:59","guid":{"rendered":"https:\/\/www.raschvin.com\/produkt\/snaps-bornholm-no-2-havtorn-dild-agurk-50-cl-40\/"},"modified":"2023-03-10T14:37:59","modified_gmt":"2023-03-10T13:37:59","slug":"snaps-bornholm-no-2-havtorn-dild-agurk-50-cl-40","status":"publish","type":"product","link":"https:\/\/www.raschvin.com\/sv\/produkt\/snaps-bornholm-no-2-havtorn-dild-agurk-50-cl-40\/","title":{"rendered":"Snaps Bornholm No.2 \u2013 Havtorn, Dild &#038; Agurk 50 cl. 40%"},"content":{"rendered":"<p>\u00d6verallt i landet i sluttningar och i sanddyner d\u00e4r andra b\u00e4rb\u00e4rande buskar ofta f\u00e5r ge upp kan vi sk\u00f6rda det sura sent p\u00e5 \u00e5ret<br \/>\nb\u00e4r, havtorn. Vi har valt att kombinera den med gurka och dill och trots att den sistn\u00e4mnda ursprungligen kommer fr\u00e5n Centralasien f\u00f6rknippas den idag s\u00e4rskilt med nord- och \u00f6steuropeiska k\u00f6k. Kombinationen \u00e4r v\u00e5r syn p\u00e5 en snaps f\u00f6r ny nordisk matlagning.<\/p>\n<p>Bakom Snaps Bornholm st\u00e5r tre v\u00e4nner \u2013 Simon Lorentzo Jensen, John Oxlade och Jesper Kleine Rasmussen. Under flera \u00e5r har de privat gjort sin egen chilisnaps, som varit v\u00e4ldigt popul\u00e4r bland v\u00e4nner. 2015 uppstod id\u00e9n om att s\u00e4tta snapsen i produktion och s\u00f6kandet efter en producerande partner b\u00f6rjade. Det ledde dem till Bornholm och till De Bornholmske Spritfabrikker i Nex\u00f8. M\u00f6tet med Bornholm och \u00e4garen Niels Frost Jensen och hans fru Erna gjorde det klart att de hittat den perfekta aff\u00e4rspartnern. Niels delar deras stora passion f\u00f6r snaps och det tog inte l\u00e5ng tid innan de gick med p\u00e5 att leka och experimentera med naturliga, ekologiska r\u00e5varor f\u00f6r att komma fram till en bornholmsk snaps av finaste kvalitet. En snaps bryggd p\u00e5 stolta traditioner med en modern twist som v\u00e4cker nyfikenhet och provocerar sinnena.<\/p>\n","protected":false},"excerpt":{"rendered":"<p>Bornholm Spirits \u2013 Danish Snaps<\/p>\n","protected":false},"featured_media":34325,"template":"","meta":{"_acf_changed":false,"rs_blank_template":"","rs_page_bg_color":"","slide_template_v7":""},"product_brand":[],"product_cat":[2393,2743],"product_tag":[],"class_list":{"0":"post-34153","1":"product","2":"type-product","3":"status-publish","4":"has-post-thumbnail","6":"product_cat-akvavit-snaps-sv","7":"product_cat-brannvin-sv","8":"pa_land-danmark-sv","9":"pa_oekologisk-ja-sv","10":"pa_procent-40-sv-2","11":"pa_producent-snaps-bornholm-sv","12":"pa_region-bornholm-sv","13":"pa_volume-50-sv","15":"first","16":"instock","17":"taxable","18":"shipping-taxable","19":"purchasable","20":"product-type-simple"},"bundled_by":[],"bundle_stock_status":"instock","bundle_stock_quantity":null,"bundle_virtual":false,"bundle_layout":"","bundle_add_to_cart_form_location":"","bundle_editable_in_cart":false,"bundle_sold_individually_context":"","bundle_item_grouping":"","bundle_min_size":"","bundle_max_size":"","bundle_price":[],"bundled_items":[],"bundle_sell_ids":[],"acf":[],"_links":{"self":[{"href":"https:\/\/www.raschvin.com\/sv\/wp-json\/wp\/v2\/product\/34153","targetHints":{"allow":["GET"]}}],"collection":[{"href":"https:\/\/www.raschvin.com\/sv\/wp-json\/wp\/v2\/product"}],"about":[{"href":"https:\/\/www.raschvin.com\/sv\/wp-json\/wp\/v2\/types\/product"}],"wp:featuredmedia":[{"embeddable":true,"href":"https:\/\/www.raschvin.com\/sv\/wp-json\/wp\/v2\/media\/34325"}],"wp:attachment":[{"href":"https:\/\/www.raschvin.com\/sv\/wp-json\/wp\/v2\/media?parent=34153"}],"wp:term":[{"taxonomy":"product_brand","embeddable":true,"href":"https:\/\/www.raschvin.com\/sv\/wp-json\/wp\/v2\/product_brand?post=34153"},{"taxonomy":"product_cat","embeddable":true,"href":"https:\/\/www.raschvin.com\/sv\/wp-json\/wp\/v2\/product_cat?post=34153"},{"taxonomy":"product_tag","embeddable":true,"href":"https:\/\/www.raschvin.com\/sv\/wp-json\/wp\/v2\/product_tag?post=34153"}],"curies":[{"name":"wp","href":"https:\/\/api.w.org\/{rel}","templated":true}]}}