{"id":34145,"date":"2023-03-10T13:54:18","date_gmt":"2023-03-10T12:54:18","guid":{"rendered":"https:\/\/www.raschvin.com\/produkt\/tio-pepe-fino-en-rama-gonzalez-byass-75-cl-15\/"},"modified":"2023-03-10T13:54:18","modified_gmt":"2023-03-10T12:54:18","slug":"tio-pepe-fino-en-rama-gonzalez-byass-75-cl-15","status":"publish","type":"product","link":"https:\/\/www.raschvin.com\/sv\/produkt\/tio-pepe-fino-en-rama-gonzalez-byass-75-cl-15\/","title":{"rendered":"Tio Pepe Fino en Rama &#8211; Gonz\u00e1lez Byass 75 cl. 15%"},"content":{"rendered":"<p>SMAKANM\u00c4RKNINGAR<br \/>\nLjusgul med gyllene glimtar. N\u00e5got disig d\u00e5 den inneh\u00e5ller flor i suspension, vilket \u00e5terspeglar att den har buteljerats &#8221;En Rama&#8221;.<br \/>\nKomplex p\u00e5 n\u00e4san, mycket skarp, med en stark arom av lagret av J%r, tillsammans med krita, mandel, citron, vissnade blommor, salt och mineraler. Koncentrerad, l\u00e4tt kr\u00e4mig, salt och rik smak. Den ger en imponerande finish, rundad och balanserad, med toner av jod, rostad mandel, aldehyder och torkade blommor. Tyes eftersmak \u00e4r rundad och lockande, som tydligt h\u00e4nvisar tillbaka till dess ursprung i albariza-jorden, men \u00e5terspeglar samtidigt vikten av dess biologiska \u00e5ldrande. 7hans vin \u00e4r den renaste definitionen av vinstockarna och ving\u00e5rden.<br \/>\nDen bindande intensiteten hos Tio Pepe en Rama 2022 och dess rika smak g\u00f6r att det i grund och botten \u00e4r ett vin att avnjutas till maten, en idealisk match f\u00f6r fisk, skaldjur, gr\u00f6nsaker, charkuterier, kryddiga r\u00e4tter och alla sorters risr\u00e4tter.<\/p>\n<p>Servera v\u00e4l kyld i dina finaste kristallglas.<\/p>\n<p>Tio Pepe en rama 2022<\/p>\n<p>Urvalet av viner avsett att vara Tio Pepe en Rama 2022 var tydligt p\u00e5verkat av v\u00e4dret under v\u00e4xt\u00e5ret. Vintern var mycket mild och extremt torr, omst\u00e4ndigheter som gjorde att floran var mycket aktiv under den kalla \u00e5rstiden. Vi valde ut 96 buts som \u00e4r ett tydligt exempel p\u00e5 de tv\u00e5 omr\u00e5dena i Jerez och p\u00e5 vinets ursprung och \u00e5ldrande. 7 dessa r\u00e4tter representerar ocks\u00e5 det unika och f\u00f6rtr\u00e4ffliga hos varje saca. Varje \u00e5r \u00e4r annorlunda, varje matr\u00e4tt \u00e4r sitt eget unika ekosystem &#8211; den tydligaste representationen av livets mirakel. Vi har valt ut de b\u00e4sta av v\u00e5ra solkr\u00e4mer \u00e5t dig. Ot\u00e4mjad, ofiltrerad, &#8217;En Rama&#8217;.<\/p>\n","protected":false},"excerpt":{"rendered":"<p>Jerez \u2013 Sherry \u2013 Spain<\/p>\n","protected":false},"featured_media":34202,"template":"","meta":{"_acf_changed":false,"rs_blank_template":"","rs_page_bg_color":"","slide_template_v7":""},"product_brand":[],"product_cat":[2765,2766],"product_tag":[],"class_list":{"0":"post-34145","1":"product","2":"type-product","3":"status-publish","4":"has-post-thumbnail","6":"product_cat-hedvin-sv","7":"product_cat-koersbaer","8":"pa_aargang-2022-sv","9":"pa_champagne-type-fino-sv","10":"pa_land-spanien-sv","11":"pa_procent-15-sv","12":"pa_producent-gonzalez-byass-sv","13":"pa_region-jerez-sv","14":"pa_serveringstemperatur-10-12-sv-2","15":"pa_volume-75-sv","17":"first","18":"instock","19":"taxable","20":"shipping-taxable","21":"purchasable","22":"product-type-simple"},"bundled_by":[],"bundle_stock_status":"instock","bundle_stock_quantity":null,"bundle_virtual":false,"bundle_layout":"","bundle_add_to_cart_form_location":"","bundle_editable_in_cart":false,"bundle_sold_individually_context":"","bundle_item_grouping":"","bundle_min_size":"","bundle_max_size":"","bundle_price":[],"bundled_items":[],"bundle_sell_ids":[],"acf":[],"_links":{"self":[{"href":"https:\/\/www.raschvin.com\/sv\/wp-json\/wp\/v2\/product\/34145","targetHints":{"allow":["GET"]}}],"collection":[{"href":"https:\/\/www.raschvin.com\/sv\/wp-json\/wp\/v2\/product"}],"about":[{"href":"https:\/\/www.raschvin.com\/sv\/wp-json\/wp\/v2\/types\/product"}],"wp:featuredmedia":[{"embeddable":true,"href":"https:\/\/www.raschvin.com\/sv\/wp-json\/wp\/v2\/media\/34202"}],"wp:attachment":[{"href":"https:\/\/www.raschvin.com\/sv\/wp-json\/wp\/v2\/media?parent=34145"}],"wp:term":[{"taxonomy":"product_brand","embeddable":true,"href":"https:\/\/www.raschvin.com\/sv\/wp-json\/wp\/v2\/product_brand?post=34145"},{"taxonomy":"product_cat","embeddable":true,"href":"https:\/\/www.raschvin.com\/sv\/wp-json\/wp\/v2\/product_cat?post=34145"},{"taxonomy":"product_tag","embeddable":true,"href":"https:\/\/www.raschvin.com\/sv\/wp-json\/wp\/v2\/product_tag?post=34145"}],"curies":[{"name":"wp","href":"https:\/\/api.w.org\/{rel}","templated":true}]}}