{"id":34012,"date":"2023-03-07T20:46:39","date_gmt":"2023-03-07T19:46:39","guid":{"rendered":"https:\/\/www.raschvin.com\/produkt\/midtfyns-gunners-ale-50-cl-73\/"},"modified":"2023-03-07T20:46:39","modified_gmt":"2023-03-07T19:46:39","slug":"midtfyns-gunners-ale-50-cl-73","status":"publish","type":"product","link":"https:\/\/www.raschvin.com\/sv\/produkt\/midtfyns-gunners-ale-50-cl-73\/","title":{"rendered":"Midtfyns Gunners Ale 50 cl. 7,3%"},"content":{"rendered":"<p>Midtfyns Gunners Ale 7,3% ARSENAL FC grundades 1886 och \u00e4r en av Englands mest framg\u00e5ngsrika fotbollsklubbar. Klubben pr\u00e4glas av att knyta ihop traditioner och innovation. P\u00e5 hemmaplan representeras Arsenal av supporterklubben Arsenal Danmark. Se mer om Arsenal p\u00e5 www.arsenal.dk. Gunners Ale \u00e4r en r\u00f6d ale som bryggm\u00e4staren Jan Thaagaard noggrant har matchat till klubbens f\u00e4rger. Den \u00e4r sammansatt av uts\u00f6kta malt- och humletyper, som ger en doft av enhet och en smak av klass. Den kan med f\u00f6rdel avnjutas fr\u00e5n en kopp. Bryggt p\u00e5 olika typer av malt, t.ex. Maris Otter, Pale Ale malt, Caramel och Crystal malt. Hoppade med Centennial och Cascade. Kan serveras till stora matcher i Premier League och FA-cupen. Prova ocks\u00e5 Gunners Ale f\u00f6r Carling Cup. B\u00f6r avnjutas kyld i s\u00e4llskap med andra gooners. Serveringstemperatur 8-12 grader.<\/p>\n","protected":false},"excerpt":{"rendered":"<p>Midtfyns Bryghus &#8211; Denmark<\/p>\n","protected":false},"featured_media":34018,"template":"","meta":{"_acf_changed":false,"rs_blank_template":"","rs_page_bg_color":"","slide_template_v7":""},"product_brand":[],"product_cat":[2802,2801],"product_tag":[],"class_list":{"0":"post-34012","1":"product","2":"type-product","3":"status-publish","4":"has-post-thumbnail","6":"product_cat-ale-sv","7":"product_cat-oel-sv","8":"pa_champagne-type-ale-sv","9":"pa_land-danmark-sv","10":"pa_procent-7-3-sv","11":"pa_producent-midtfyns-bryghus-sv","12":"pa_region-fyn-sv","13":"pa_serveringstemperatur-8-12-sv","14":"pa_volume-50-sv","16":"first","17":"instock","18":"taxable","19":"shipping-taxable","20":"purchasable","21":"product-type-simple"},"bundled_by":[],"bundle_stock_status":"instock","bundle_stock_quantity":null,"bundle_virtual":false,"bundle_layout":"","bundle_add_to_cart_form_location":"","bundle_editable_in_cart":false,"bundle_sold_individually_context":"","bundle_item_grouping":"","bundle_min_size":"","bundle_max_size":"","bundle_price":[],"bundled_items":[],"bundle_sell_ids":[],"acf":[],"_links":{"self":[{"href":"https:\/\/www.raschvin.com\/sv\/wp-json\/wp\/v2\/product\/34012","targetHints":{"allow":["GET"]}}],"collection":[{"href":"https:\/\/www.raschvin.com\/sv\/wp-json\/wp\/v2\/product"}],"about":[{"href":"https:\/\/www.raschvin.com\/sv\/wp-json\/wp\/v2\/types\/product"}],"wp:featuredmedia":[{"embeddable":true,"href":"https:\/\/www.raschvin.com\/sv\/wp-json\/wp\/v2\/media\/34018"}],"wp:attachment":[{"href":"https:\/\/www.raschvin.com\/sv\/wp-json\/wp\/v2\/media?parent=34012"}],"wp:term":[{"taxonomy":"product_brand","embeddable":true,"href":"https:\/\/www.raschvin.com\/sv\/wp-json\/wp\/v2\/product_brand?post=34012"},{"taxonomy":"product_cat","embeddable":true,"href":"https:\/\/www.raschvin.com\/sv\/wp-json\/wp\/v2\/product_cat?post=34012"},{"taxonomy":"product_tag","embeddable":true,"href":"https:\/\/www.raschvin.com\/sv\/wp-json\/wp\/v2\/product_tag?post=34012"}],"curies":[{"name":"wp","href":"https:\/\/api.w.org\/{rel}","templated":true}]}}