{"id":34003,"date":"2025-10-09T09:24:04","date_gmt":"2025-10-09T07:24:04","guid":{"rendered":"https:\/\/www.raschvin.com\/produkt\/robinsons-trooper-iron-maiden-50-cl-47\/"},"modified":"2025-10-09T09:26:11","modified_gmt":"2025-10-09T07:26:11","slug":"robinsons-trooper-iron-maiden-50-cl-47","status":"publish","type":"product","link":"https:\/\/www.raschvin.com\/sv\/produkt\/robinsons-trooper-iron-maiden-50-cl-47\/","title":{"rendered":"Trooper Iron Maiden Pale Ale 50 cl. 3,4%"},"content":{"rendered":"<p>Trooper Pale Ale \u00e4r en l\u00e4ttdrucken pale ale som lanserades 2024 som en del av samarbetet mellan Iron Maiden och Robinsons Brewery.<br \/>\nMed en alkoholhalt p\u00e5 3,4 % \u00e4r \u00f6len skapad f\u00f6r att vara uppfriskande och perfekt f\u00f6r l\u00e4ngre stunder i gott s\u00e4llskap.<br \/>\n\u00d6len har en klar, gyllene f\u00e4rg med ett l\u00e4tt skum som snabbt l\u00e4gger sig. Doften \u00e4r frisk och inbjudande med subtila citrusinslag fr\u00e5n Citra-humlen.<br \/>\nSmaken \u00e4r l\u00e4tt och uppfriskande med en mild maltbas som balanseras av friska, citrusaktiga humletoner.<\/p>\n<p>Avslutningen \u00e4r ren och torr, vilket g\u00f6r den mycket l\u00e4ttdrucken.<br \/>\nMed ett IBU p\u00e5 cirka 20 erbjuder \u00f6len en mild beska som perfekt balanserar dess l\u00e4tta profil.<\/p>\n","protected":false},"excerpt":{"rendered":"<p>Premium British Beer <\/p>\n","protected":false},"featured_media":100281,"template":"","meta":{"_acf_changed":false,"rs_blank_template":"","rs_page_bg_color":"","slide_template_v7":""},"product_brand":[],"product_cat":[2802,2801,7211],"product_tag":[],"class_list":{"0":"post-34003","1":"product","2":"type-product","3":"status-publish","4":"has-post-thumbnail","6":"product_cat-ale-sv","7":"product_cat-oel-sv","8":"product_cat-pale-ale-sv","9":"pa_champagne-type-pale-ale-sv","10":"pa_land-england-sv","11":"pa_procent-3-4-sv","12":"pa_producent-robinsons-sv","13":"pa_volume-50-sv","15":"first","16":"instock","17":"taxable","18":"shipping-taxable","19":"purchasable","20":"product-type-simple"},"bundled_by":[],"bundle_stock_status":"instock","bundle_stock_quantity":null,"bundle_virtual":false,"bundle_layout":"","bundle_add_to_cart_form_location":"","bundle_editable_in_cart":false,"bundle_sold_individually_context":"","bundle_item_grouping":"","bundle_min_size":"","bundle_max_size":"","bundle_price":[],"bundled_items":[],"bundle_sell_ids":[],"acf":[],"_links":{"self":[{"href":"https:\/\/www.raschvin.com\/sv\/wp-json\/wp\/v2\/product\/34003","targetHints":{"allow":["GET"]}}],"collection":[{"href":"https:\/\/www.raschvin.com\/sv\/wp-json\/wp\/v2\/product"}],"about":[{"href":"https:\/\/www.raschvin.com\/sv\/wp-json\/wp\/v2\/types\/product"}],"wp:featuredmedia":[{"embeddable":true,"href":"https:\/\/www.raschvin.com\/sv\/wp-json\/wp\/v2\/media\/100281"}],"wp:attachment":[{"href":"https:\/\/www.raschvin.com\/sv\/wp-json\/wp\/v2\/media?parent=34003"}],"wp:term":[{"taxonomy":"product_brand","embeddable":true,"href":"https:\/\/www.raschvin.com\/sv\/wp-json\/wp\/v2\/product_brand?post=34003"},{"taxonomy":"product_cat","embeddable":true,"href":"https:\/\/www.raschvin.com\/sv\/wp-json\/wp\/v2\/product_cat?post=34003"},{"taxonomy":"product_tag","embeddable":true,"href":"https:\/\/www.raschvin.com\/sv\/wp-json\/wp\/v2\/product_tag?post=34003"}],"curies":[{"name":"wp","href":"https:\/\/api.w.org\/{rel}","templated":true}]}}