{"id":33997,"date":"2023-03-07T20:10:16","date_gmt":"2023-03-07T19:10:16","guid":{"rendered":"https:\/\/www.raschvin.com\/produkt\/fanoe-sex-in-a-bottle-lactose-ipa-50-cl-7\/"},"modified":"2023-03-07T20:32:41","modified_gmt":"2023-03-07T19:32:41","slug":"fanoe-sex-in-a-bottle-lactose-ipa-50-cl-7","status":"publish","type":"product","link":"https:\/\/www.raschvin.com\/sv\/produkt\/fanoe-sex-in-a-bottle-lactose-ipa-50-cl-7\/","title":{"rendered":"Fan\u00f8 Sex In A Bottle &#8211; Lactose IPA 50 cl. 7%"},"content":{"rendered":"<p>Sex in a Bottle 7,0 % \u00d6ltyp: Laktos IPA Bryggad med en h\u00e4lsosam m\u00e4ngd 100 % Kashmirhumle och en liten bit laktossocker. En silkeslen \u00f6l med en komplex och intensiv fruktig smak med toner av \u00f6rter, citron, timme, persika och melon.<\/p>\n","protected":false},"excerpt":{"rendered":"<p>Fan\u00f8 Bryghus &#8211; Denmark<\/p>\n","protected":false},"featured_media":34027,"template":"","meta":{"_acf_changed":false,"rs_blank_template":"","rs_page_bg_color":"","slide_template_v7":""},"product_brand":[],"product_cat":[2801,2813],"product_tag":[],"class_list":{"0":"post-33997","1":"product","2":"type-product","3":"status-publish","4":"has-post-thumbnail","6":"product_cat-oel-sv","7":"product_cat-ipa-sv","8":"pa_champagne-type-india-pale-ale-sv","9":"pa_land-danmark-sv","10":"pa_procent-7-sv","11":"pa_producent-fanoe-bryghus-sv","12":"pa_region-fanoe-sv","13":"pa_volume-50-sv","15":"first","16":"instock","17":"taxable","18":"shipping-taxable","19":"purchasable","20":"product-type-simple"},"bundled_by":[],"bundle_stock_status":"instock","bundle_stock_quantity":null,"bundle_virtual":false,"bundle_layout":"","bundle_add_to_cart_form_location":"","bundle_editable_in_cart":false,"bundle_sold_individually_context":"","bundle_item_grouping":"","bundle_min_size":"","bundle_max_size":"","bundle_price":[],"bundled_items":[],"bundle_sell_ids":[],"acf":[],"_links":{"self":[{"href":"https:\/\/www.raschvin.com\/sv\/wp-json\/wp\/v2\/product\/33997","targetHints":{"allow":["GET"]}}],"collection":[{"href":"https:\/\/www.raschvin.com\/sv\/wp-json\/wp\/v2\/product"}],"about":[{"href":"https:\/\/www.raschvin.com\/sv\/wp-json\/wp\/v2\/types\/product"}],"wp:featuredmedia":[{"embeddable":true,"href":"https:\/\/www.raschvin.com\/sv\/wp-json\/wp\/v2\/media\/34027"}],"wp:attachment":[{"href":"https:\/\/www.raschvin.com\/sv\/wp-json\/wp\/v2\/media?parent=33997"}],"wp:term":[{"taxonomy":"product_brand","embeddable":true,"href":"https:\/\/www.raschvin.com\/sv\/wp-json\/wp\/v2\/product_brand?post=33997"},{"taxonomy":"product_cat","embeddable":true,"href":"https:\/\/www.raschvin.com\/sv\/wp-json\/wp\/v2\/product_cat?post=33997"},{"taxonomy":"product_tag","embeddable":true,"href":"https:\/\/www.raschvin.com\/sv\/wp-json\/wp\/v2\/product_tag?post=33997"}],"curies":[{"name":"wp","href":"https:\/\/api.w.org\/{rel}","templated":true}]}}