{"id":33712,"date":"2023-03-07T10:31:52","date_gmt":"2023-03-07T09:31:52","guid":{"rendered":"https:\/\/www.raschvin.com\/produkt\/lustau-sherry-rare-amontillado-escuadrilla-75-cl-185\/"},"modified":"2023-03-07T10:31:52","modified_gmt":"2023-03-07T09:31:52","slug":"lustau-sherry-rare-amontillado-escuadrilla-75-cl-185","status":"publish","type":"product","link":"https:\/\/www.raschvin.com\/sv\/produkt\/lustau-sherry-rare-amontillado-escuadrilla-75-cl-185\/","title":{"rendered":"Lustau Sherry \u2013 Rare Amontillado Escuadrilla 75 cl. 18,5%"},"content":{"rendered":"<p>Klar halm gyllene f\u00e4rg. Doften har nyanser av krispiga \u00e4pplen och mocka med en hint av fikon. Smaken \u00e4r medelstark, h\u00e4rligt fruktig med toner av n\u00f6tter och frukt. Amontillado kallas ofta f\u00f6r den gyllene medelv\u00e4gen, eftersom den kombinerar fylligheten av Oloroso med friskheten i Fino.<\/p>\n<p>96 PO\u00c4NG<br \/>\nDecanter World Wine Awards<br \/>\n94 PO\u00c4NG<br \/>\nVinf\u00f6respr\u00e5karen<br \/>\nDet mest intensiva erbjudandet i denna grupp \u00e4r den torra icke-vintage s\u00e4llsynta Amontillado Escuadrilla Solera Reserva. Det finns definitivt en seri\u00f6s \u00e5lder p\u00e5 denna solera. En b\u00e4rnstensf\u00e4rgad f\u00e4rg f\u00f6ljs av noter av n\u00f6tter, salt havsbris, sj\u00f6gr\u00e4s och torkade gropfrukter.<br \/>\n94 PO\u00c4NG<br \/>\nTidningen Wine &#038; Spirits<br \/>\n92 PO\u00c4NG<br \/>\nWine Spectator<br \/>\nR\u00f6kt mandel, sjungit apelsinskal, dadel, saltad kola och rostade hasseln\u00f6tsnoter v\u00e4vs samman h\u00e4r, med ett flimmer av s\u00f6tma genom finishen som en accent av gr\u00f6nt te. Visar h\u00e4rlig bredd och elegans.<br \/>\n91 PO\u00c4NG<br \/>\nGuia Pennine<br \/>\nF\u00e4rg: jod, b\u00e4rnstensf\u00e4rgad kant; Aroma: s\u00f6ta kryddor, acetaldehyd, torra n\u00f6tter, kanderad frukt, rostat br\u00f6d; Smak: torr, kryddig, fina bittra toner, smakrik.<br \/>\n90 PO\u00c4NG<br \/>\nExtra tidning<br \/>\nELEGANT OCH EXTREMT BALANSERAD<br \/>\nFrisk doft av nedfallna p\u00e4ron Elegant amontillado med p\u00e4ron, citrus, mandel och kryddor Stor syra och extremt balanserad med l\u00e5ng salt eftersmak.<br \/>\n90 PO\u00c4NG<br \/>\nVinf\u00f6respr\u00e5karen<br \/>\nUTM\u00c4RKT KARAKT\u00c4R<br \/>\nMedium b\u00e4rnsten med torr, n\u00f6taktig karakt\u00e4r och utm\u00e4rkt grepp.<br \/>\n90 PO\u00c4NG<br \/>\nVinentusiast<br \/>\nEn ren raffinerad bukett av sm\u00f6rkola, kola, kryddor och torkade aprikosaromer \u00e4r tilltalande. Detta k\u00e4nns elegant och komplett. Smaker av rostade n\u00f6tter, salt, malt och stenfrukter avslutas l\u00e5ngt, ordentligt skarpt och n\u00f6taktigt.<br \/>\n90 PO\u00c4NG<br \/>\nCellarTracker<br \/>\nwinelab.dk<br \/>\nWOW &#8211; FANTASTISKT VIN<br \/>\nFantastiskt vin som spelar p\u00e5 m\u00e5nga tangenter med stor harmoni och allt lyckas! Om du vanligtvis \u00e4r mer hemma i h\u00f6gkvalitativ tawny port kommer du att k\u00e4nna dig oerh\u00f6rt underh\u00e5llen av doften, men h\u00e4r upph\u00f6r ocks\u00e5 likheterna: Medan i den hittar du torkad frukt, fikon, russin och apelsinskal beter sig smaken mycket torrare \u00e4n till exempel ett portvin. Den \u00e4r mycket mer komplex och vin\u00f6s och n\u00e4stan cognac-liknande, med en stor komplex, torr kropp och en varm frukt\/r\u00e4tt struktur.Den l\u00e5nga och stora eftersmaken har frukt, fizz och engelsk lakrits! Wow!<br \/>\nNordjyllands Stiftstidende<br \/>\nLustau Amontillado Escuadrilla \u00e4r fint balanserad. Den \u00e4r dessutom helt torr med en markant syra som verkligen visar sig i slutet av smaken. Det \u00e4r just syran som g\u00f6r amontillado s\u00e5 bra till t.ex. svampsoppan. Det \u00e4r elegant. Smak av hasseln\u00f6tter. Drickstemperaturen b\u00f6r ligga runt 10 grader. 18,5 procent alkohol.<\/p>\n<p>Om Lustau<br \/>\nLustau \u00e4r exceptionell sherry. Emilio Lustau har de senaste \u00e5ren vunnit m\u00e5nga priser f\u00f6r sin sherrykvalitet, inte minst titeln &#8221;B\u00e4sta spanska bodega&#8221;. M\u00e5nga av priserna har g\u00e5tt till husets egna viner, men en del har faktiskt ocks\u00e5 g\u00e5tt till de s\u00e5 kallade almacenistasherryna, som Emilio Lustau \u00e4r mycket k\u00e4nd f\u00f6r. Sm\u00e5, individuella vinodlare s\u00e4ljer sitt, ofta mycket nyanserade, vin till Lustau. D\u00e4r alla andra sherryhus blandar almacenistas vin internt, \u00e4r Emilio Lustau det enda huset som till\u00e5ter att almacenista-vinerna buteljeras separat. Oavsett vilken Lustau sherry du v\u00e4ljer som din f\u00f6rsta bekantskap kommer du inte ett \u00f6gonblick tvivla p\u00e5 varf\u00f6r Emilio Lustau \u00e4r omr\u00e5dets ledande stj\u00e4rna och trends\u00e4ttare i resten av v\u00e4rlden!<\/p>\n<p>Grunden till Lustau lades 1896, n\u00e4r Jos\u00e9 Ruiz-Berdejo p\u00e5 sin fritid b\u00f6rjade odla vinstockarna som stod p\u00e5 familjens gods Nuestra Se\u00f1ora de la Esperanza. \u00d6dmjuk b\u00f6rjan, som blev mer n\u00e4r vinerna b\u00f6rjade s\u00e4ljas till st\u00f6rre sherryproducenter \u2013 en verksamhet som i omr\u00e5det kallas &#8221;almacenista&#8221;. 1931 k\u00f6pte Jos\u00e9s dotter, Mar\u00eda Ruiz-Berdejo Alberti, en liten ving\u00e5rd n\u00e4rmare Jerez de la Frontera och gav familjen st\u00f6rre synlighet. P\u00e5 1940-talet flyttade Marias man, Emilio Lustau Ortega, ving\u00e5rden till den gamla delen av staden och b\u00f6rjade ut\u00f6ka verksamheten i gamla, moriska byggnader, fortfarande som en almacenista. 1945 slutade Lustau dock med den ockupationen och b\u00f6rjade s\u00e4lja sina egna sherrym\u00e4rken. Namnet Lustau blev synonymt med kvalitet och 1990 gick Lustau samman med ett annat framst\u00e5ende f\u00f6retagsnamn inom spritbranschen, Luis Caballero. Det s\u00e4kerst\u00e4llde ytterligare stabilitet och ekonomiska muskler.<\/p>\n<p>Idag anses Lustau vara ett riktm\u00e4rke f\u00f6r sherry i v\u00e4rldsklass. Det har blivit m\u00e5nga medaljer och trof\u00e9er, t.ex. &#8221;B\u00e4sta spanska ving\u00e5rd&#8221; 2011 och &#8221;B\u00e4sta sherryproducent&#8221; 2014 och 2016 vid International Wine &#038; Spirit Competition.<\/p>\n","protected":false},"excerpt":{"rendered":"<p>Solera Reserva Fine Sherry Wine<\/p>\n","protected":false},"featured_media":33833,"template":"","meta":{"_acf_changed":false,"rs_blank_template":"","rs_page_bg_color":"","slide_template_v7":""},"product_brand":[],"product_cat":[2765,2766],"product_tag":[],"class_list":{"0":"post-33712","1":"product","2":"type-product","3":"status-publish","4":"has-post-thumbnail","6":"product_cat-hedvin-sv","7":"product_cat-koersbaer","8":"pa_drue-palomino-fino-sv","9":"pa_land-spanien-sv","10":"pa_procent-18-5-sv","11":"pa_producent-lustau-sv","12":"pa_region-jerez-sv","13":"pa_serveringstemperatur-16-18-sv","14":"pa_volume-75-sv","16":"first","17":"instock","18":"taxable","19":"shipping-taxable","20":"purchasable","21":"product-type-simple"},"bundled_by":[],"bundle_stock_status":"instock","bundle_stock_quantity":null,"bundle_virtual":false,"bundle_layout":"","bundle_add_to_cart_form_location":"","bundle_editable_in_cart":false,"bundle_sold_individually_context":"","bundle_item_grouping":"","bundle_min_size":"","bundle_max_size":"","bundle_price":[],"bundled_items":[],"bundle_sell_ids":[],"acf":[],"_links":{"self":[{"href":"https:\/\/www.raschvin.com\/sv\/wp-json\/wp\/v2\/product\/33712","targetHints":{"allow":["GET"]}}],"collection":[{"href":"https:\/\/www.raschvin.com\/sv\/wp-json\/wp\/v2\/product"}],"about":[{"href":"https:\/\/www.raschvin.com\/sv\/wp-json\/wp\/v2\/types\/product"}],"wp:featuredmedia":[{"embeddable":true,"href":"https:\/\/www.raschvin.com\/sv\/wp-json\/wp\/v2\/media\/33833"}],"wp:attachment":[{"href":"https:\/\/www.raschvin.com\/sv\/wp-json\/wp\/v2\/media?parent=33712"}],"wp:term":[{"taxonomy":"product_brand","embeddable":true,"href":"https:\/\/www.raschvin.com\/sv\/wp-json\/wp\/v2\/product_brand?post=33712"},{"taxonomy":"product_cat","embeddable":true,"href":"https:\/\/www.raschvin.com\/sv\/wp-json\/wp\/v2\/product_cat?post=33712"},{"taxonomy":"product_tag","embeddable":true,"href":"https:\/\/www.raschvin.com\/sv\/wp-json\/wp\/v2\/product_tag?post=33712"}],"curies":[{"name":"wp","href":"https:\/\/api.w.org\/{rel}","templated":true}]}}