{"id":33700,"date":"2023-03-07T09:45:26","date_gmt":"2023-03-07T08:45:26","guid":{"rendered":"https:\/\/www.raschvin.com\/produkt\/kah-tequila-reposado-70-cl-40\/"},"modified":"2023-03-07T09:45:26","modified_gmt":"2023-03-07T08:45:26","slug":"kah-tequila-reposado-70-cl-40","status":"publish","type":"product","link":"https:\/\/www.raschvin.com\/sv\/produkt\/kah-tequila-reposado-70-cl-40\/","title":{"rendered":"KAH Tequila Reposado 70 cl. 40%"},"content":{"rendered":"<p>KAH Tequila \u00e4r en serie tequila designade f\u00f6r att visa upp de ur\u00e5ldriga traditionerna f\u00f6rknippade med &#8221;Dia de Muertos&#8221; (De d\u00f6das dag) och sydamerikanskt arv. KAH betyder liv p\u00e5 det gamla mayaspr\u00e5ket.<br \/>\nKAH Tequila Reposado \u00e4r fyllig med en intensiv smak av agave och inslag av vanilj och karamell. Den har lagrats i 2 m\u00e5nader p\u00e5 amerikanska ekfat.<br \/>\nFlaskan \u00e4r inspirerad av &#8221;de d\u00f6das dag&#8221;-firande som \u00e4ger rum i delar av Peru. En dans till Satan utf\u00f6rs med l\u00e5nga, dinglande, upp\u00e5tv\u00e4nda krucifix, och man tror att Satan sj\u00e4lv leder dansen. Under denna ritual f\u00f6r att hedra dj\u00e4vulen h\u00e4lls tequila p\u00e5 marken f\u00f6r att blidka honom och se till att m\u00e4nniskor \u00e4r s\u00e4kra.<\/p>\n<p>Tillverkad av 100% agave och lagrad i tv\u00e5 m\u00e5nader p\u00e5 amerikanska ekfat.<\/p>\n<p>SILVER<br \/>\nSan Francisco World Spirits Competition<\/p>\n","protected":false},"excerpt":{"rendered":"<p>Premium Mexican Tequila<\/p>\n","protected":false},"featured_media":33839,"template":"","meta":{"_acf_changed":false,"rs_blank_template":"","rs_page_bg_color":"","slide_template_v7":""},"product_brand":[],"product_cat":[2402,2408],"product_tag":[],"class_list":{"0":"post-33700","1":"product","2":"type-product","3":"status-publish","4":"has-post-thumbnail","6":"product_cat-sprit-sv","7":"product_cat-tequila-mescal-sv","8":"pa_land-mexiko","9":"pa_procent-40-sv-2","10":"pa_producent-amber-beverage-group-sv","11":"pa_volume-70-sv-2","13":"first","14":"outofstock","15":"sale","16":"taxable","17":"shipping-taxable","18":"purchasable","19":"product-type-simple"},"bundled_by":[],"bundle_stock_status":"outofstock","bundle_stock_quantity":null,"bundle_virtual":false,"bundle_layout":"","bundle_add_to_cart_form_location":"","bundle_editable_in_cart":false,"bundle_sold_individually_context":"","bundle_item_grouping":"","bundle_min_size":"","bundle_max_size":"","bundle_price":[],"bundled_items":[],"bundle_sell_ids":[],"acf":[],"_links":{"self":[{"href":"https:\/\/www.raschvin.com\/sv\/wp-json\/wp\/v2\/product\/33700","targetHints":{"allow":["GET"]}}],"collection":[{"href":"https:\/\/www.raschvin.com\/sv\/wp-json\/wp\/v2\/product"}],"about":[{"href":"https:\/\/www.raschvin.com\/sv\/wp-json\/wp\/v2\/types\/product"}],"wp:featuredmedia":[{"embeddable":true,"href":"https:\/\/www.raschvin.com\/sv\/wp-json\/wp\/v2\/media\/33839"}],"wp:attachment":[{"href":"https:\/\/www.raschvin.com\/sv\/wp-json\/wp\/v2\/media?parent=33700"}],"wp:term":[{"taxonomy":"product_brand","embeddable":true,"href":"https:\/\/www.raschvin.com\/sv\/wp-json\/wp\/v2\/product_brand?post=33700"},{"taxonomy":"product_cat","embeddable":true,"href":"https:\/\/www.raschvin.com\/sv\/wp-json\/wp\/v2\/product_cat?post=33700"},{"taxonomy":"product_tag","embeddable":true,"href":"https:\/\/www.raschvin.com\/sv\/wp-json\/wp\/v2\/product_tag?post=33700"}],"curies":[{"name":"wp","href":"https:\/\/api.w.org\/{rel}","templated":true}]}}