{"id":33697,"date":"2023-03-07T09:40:20","date_gmt":"2023-03-07T08:40:20","guid":{"rendered":"https:\/\/www.raschvin.com\/produkt\/kah-tequila-blanco-70-cl-40\/"},"modified":"2023-03-07T09:40:20","modified_gmt":"2023-03-07T08:40:20","slug":"kah-tequila-blanco-70-cl-40","status":"publish","type":"product","link":"https:\/\/www.raschvin.com\/sv\/produkt\/kah-tequila-blanco-70-cl-40\/","title":{"rendered":"KAH Tequila Blanco 70 cl. 40%"},"content":{"rendered":"<p>KAH Tequila \u00e4r en serie tequila designade f\u00f6r att visa upp de ur\u00e5ldriga traditionerna f\u00f6rknippade med &#8221;Dia de Muertos&#8221; (De d\u00f6das dag) och sydamerikanskt arv. KAH betyder liv p\u00e5 det gamla mayaspr\u00e5ket.<br \/>\nKAH Tequila Blanco verkar s\u00f6t till en b\u00f6rjan, men den s\u00f6ta smaken f\u00f6ljs snabbt av peppriga kryddor. Tequilan \u00e4r silkeslen och delikat och l\u00e4mnar en m\u00e4ngd olika kryddor i gommen.<br \/>\nDen h\u00e4r flaskan representerar en s\u00e4rskilt makaber boliviansk tradition f\u00f6r firandet av &#8221;De d\u00f6das dag&#8221;. Riktiga d\u00f6dskallar fr\u00e5n n\u00e4ra relationer f\u00f6rvaras och tas ut den 8 november varje \u00e5r. Skallen f\u00f6rs till kyrkog\u00e5rden, matas och ges cigaretter och tequila. Bolivianerna tror att denna handling f\u00f6revigar de d\u00f6da, vilket i sin tur hj\u00e4lper till att skydda de levande fr\u00e5n onda andar.<\/p>\n<p>Fantastisk och superlen kvalitetstequila med fin, naturlig s\u00f6tma och inslag av svartpeppar.<\/p>\n<p>UTM\u00c4RKELSER<\/p>\n<p>\u2022 Guld | Tequilam\u00e4starna | The Spirits Business 2017<\/p>\n","protected":false},"excerpt":{"rendered":"<p>Premium Mexican Tequila<\/p>\n","protected":false},"featured_media":33749,"template":"","meta":{"_acf_changed":false,"rs_blank_template":"","rs_page_bg_color":"","slide_template_v7":""},"product_brand":[],"product_cat":[2402,2408],"product_tag":[],"class_list":{"0":"post-33697","1":"product","2":"type-product","3":"status-publish","4":"has-post-thumbnail","6":"product_cat-sprit-sv","7":"product_cat-tequila-mescal-sv","8":"pa_land-mexiko","9":"pa_procent-40-sv-2","10":"pa_producent-amber-beverage-group-sv","11":"pa_volume-70-sv-2","13":"first","14":"instock","15":"sale","16":"taxable","17":"shipping-taxable","18":"purchasable","19":"product-type-simple"},"bundled_by":[],"bundle_stock_status":"instock","bundle_stock_quantity":null,"bundle_virtual":false,"bundle_layout":"","bundle_add_to_cart_form_location":"","bundle_editable_in_cart":false,"bundle_sold_individually_context":"","bundle_item_grouping":"","bundle_min_size":"","bundle_max_size":"","bundle_price":[],"bundled_items":[],"bundle_sell_ids":[],"acf":[],"_links":{"self":[{"href":"https:\/\/www.raschvin.com\/sv\/wp-json\/wp\/v2\/product\/33697","targetHints":{"allow":["GET"]}}],"collection":[{"href":"https:\/\/www.raschvin.com\/sv\/wp-json\/wp\/v2\/product"}],"about":[{"href":"https:\/\/www.raschvin.com\/sv\/wp-json\/wp\/v2\/types\/product"}],"wp:featuredmedia":[{"embeddable":true,"href":"https:\/\/www.raschvin.com\/sv\/wp-json\/wp\/v2\/media\/33749"}],"wp:attachment":[{"href":"https:\/\/www.raschvin.com\/sv\/wp-json\/wp\/v2\/media?parent=33697"}],"wp:term":[{"taxonomy":"product_brand","embeddable":true,"href":"https:\/\/www.raschvin.com\/sv\/wp-json\/wp\/v2\/product_brand?post=33697"},{"taxonomy":"product_cat","embeddable":true,"href":"https:\/\/www.raschvin.com\/sv\/wp-json\/wp\/v2\/product_cat?post=33697"},{"taxonomy":"product_tag","embeddable":true,"href":"https:\/\/www.raschvin.com\/sv\/wp-json\/wp\/v2\/product_tag?post=33697"}],"curies":[{"name":"wp","href":"https:\/\/api.w.org\/{rel}","templated":true}]}}