{"id":33694,"date":"2023-03-07T09:08:35","date_gmt":"2023-03-07T08:08:35","guid":{"rendered":"https:\/\/www.raschvin.com\/produkt\/snaps-bornholm-special-ed-rabarber-stjerneanis-50-cl-25\/"},"modified":"2023-03-07T09:08:35","modified_gmt":"2023-03-07T08:08:35","slug":"snaps-bornholm-special-ed-rabarber-stjerneanis-50-cl-25","status":"publish","type":"product","link":"https:\/\/www.raschvin.com\/sv\/produkt\/snaps-bornholm-special-ed-rabarber-stjerneanis-50-cl-25\/","title":{"rendered":"Snaps Bornholm Special Ed. &#8211; Rabarber &#038; Stjerneanis 50 cl. 25%"},"content":{"rendered":"<p>Special Edition-serien har tagits fram i samarbete med utvalda nordiska kockar och bartenders, och \u00e4r en modern hyllning till den klassiska snapsen. Den innovativa kocken Casper Sobczyk, \u00e4ven k\u00e4nd som sm\u00f6rkocken fr\u00e5n Solskins\u00f8en, \u00e4r mannen bakom Special Edition 1 &#8211; Rabarber och stj\u00e4rnanis. Special Edition 1 samlar det danska sommarlandet i en unik och sensuell smakupplevelse, och f\u00e5r sin vackra rosa f\u00e4rg fr\u00e5n den solmogna rabarbern. Special Edition 1 kan drickas som den \u00e4r. Den s\u00f6ta snapsen kan \u00e4ven blandas i desserter eller anv\u00e4ndas som en del av Caspers signaturcocktail: Kungen av Danmark.<\/p>\n<p>Bakom Snaps Bornholm st\u00e5r tre v\u00e4nner \u2013 Simon Lorentzo Jensen, John Oxlade och Jesper Kleine Rasmussen. Under flera \u00e5r har de privat gjort sin egen chilisnaps, som varit v\u00e4ldigt popul\u00e4r bland v\u00e4nner. 2015 uppstod id\u00e9n om att s\u00e4tta snapsen i produktion och s\u00f6kandet efter en producerande partner b\u00f6rjade. Det ledde dem till Bornholm och till De Bornholmske Spritfabrikker i Nex\u00f8. M\u00f6tet med Bornholm och \u00e4garen Niels Frost Jensen och hans fru Erna gjorde det klart att de hittat den perfekta aff\u00e4rspartnern. Niels delar deras stora passion f\u00f6r snaps och det tog inte l\u00e5ng tid innan de gick med p\u00e5 att leka och experimentera med naturliga, ekologiska r\u00e5varor f\u00f6r att komma fram till en bornholmsk snaps av finaste kvalitet. En snaps bryggd p\u00e5 stolta traditioner med en modern twist som v\u00e4cker nyfikenhet och provocerar sinnena.<\/p>\n<p>Cocktailrecept: Kungen av Danmark<\/p>\n<p>6 cl. Rabarber &#038; Stj\u00e4rnanis Snaps<br \/>\n2 cl. m\u00f6rkt rum<br \/>\n2 cl. f\u00e4rsk limejuice<br \/>\n1 cl. vaniljsirap<br \/>\n3 cl. \u00e4ggvita Stj\u00e4rnanis<\/p>\n<p>Kyl ett martiniglas med is. Alla ingredienser skakas om ordentligt. Sila upp i ett coup\u00e9glas. Garnera med en stj\u00e4rnanis.<\/p>\n","protected":false},"excerpt":{"rendered":"<p>Bornholm Spirits \u2013 Danish Snaps<\/p>\n","protected":false},"featured_media":33884,"template":"","meta":{"_acf_changed":false,"rs_blank_template":"","rs_page_bg_color":"","slide_template_v7":""},"product_brand":[],"product_cat":[2393,2743],"product_tag":[],"class_list":{"0":"post-33694","1":"product","2":"type-product","3":"status-publish","4":"has-post-thumbnail","6":"product_cat-akvavit-snaps-sv","7":"product_cat-brannvin-sv","8":"pa_land-danmark-sv","9":"pa_oekologisk-ja-sv","10":"pa_procent-40-sv-2","11":"pa_producent-snaps-bornholm-sv","12":"pa_volume-50-sv","14":"first","15":"instock","16":"taxable","17":"shipping-taxable","18":"purchasable","19":"product-type-simple"},"bundled_by":[],"bundle_stock_status":"instock","bundle_stock_quantity":null,"bundle_virtual":false,"bundle_layout":"","bundle_add_to_cart_form_location":"","bundle_editable_in_cart":false,"bundle_sold_individually_context":"","bundle_item_grouping":"","bundle_min_size":"","bundle_max_size":"","bundle_price":[],"bundled_items":[],"bundle_sell_ids":[],"acf":[],"_links":{"self":[{"href":"https:\/\/www.raschvin.com\/sv\/wp-json\/wp\/v2\/product\/33694","targetHints":{"allow":["GET"]}}],"collection":[{"href":"https:\/\/www.raschvin.com\/sv\/wp-json\/wp\/v2\/product"}],"about":[{"href":"https:\/\/www.raschvin.com\/sv\/wp-json\/wp\/v2\/types\/product"}],"wp:featuredmedia":[{"embeddable":true,"href":"https:\/\/www.raschvin.com\/sv\/wp-json\/wp\/v2\/media\/33884"}],"wp:attachment":[{"href":"https:\/\/www.raschvin.com\/sv\/wp-json\/wp\/v2\/media?parent=33694"}],"wp:term":[{"taxonomy":"product_brand","embeddable":true,"href":"https:\/\/www.raschvin.com\/sv\/wp-json\/wp\/v2\/product_brand?post=33694"},{"taxonomy":"product_cat","embeddable":true,"href":"https:\/\/www.raschvin.com\/sv\/wp-json\/wp\/v2\/product_cat?post=33694"},{"taxonomy":"product_tag","embeddable":true,"href":"https:\/\/www.raschvin.com\/sv\/wp-json\/wp\/v2\/product_tag?post=33694"}],"curies":[{"name":"wp","href":"https:\/\/api.w.org\/{rel}","templated":true}]}}