{"id":33690,"date":"2023-03-07T08:58:04","date_gmt":"2023-03-07T07:58:04","guid":{"rendered":"https:\/\/www.raschvin.com\/produkt\/snaps-bornholm-no-3-figen-50-cl-40\/"},"modified":"2023-03-07T08:58:04","modified_gmt":"2023-03-07T07:58:04","slug":"snaps-bornholm-no-3-figen-50-cl-40","status":"publish","type":"product","link":"https:\/\/www.raschvin.com\/sv\/produkt\/snaps-bornholm-no-3-figen-50-cl-40\/","title":{"rendered":"Snaps Bornholm No.3 &#8211; Figen 50 cl. 40%"},"content":{"rendered":"<p>Om du letar efter en l\u00e4cker och unik snaps, d\u00e5 \u00e4r No 3 Figen det perfekta valet.<\/p>\n<p>Denna rika och runda fikonsnaps \u00e4r inte bara vacker och gyllene till utseendet, utan ocks\u00e5 s\u00f6t och silkeslen i munnen.<\/p>\n<p>Fikontr\u00e4det har odlat det torra och soliga klimatet i Mellan\u00f6stern s\u00e5 l\u00e5ngt tillbaka som n\u00e5gon kan minnas. Fikonbladet anv\u00e4nds ofta i klassisk m\u00e5leri f\u00f6r att d\u00f6lja nakenhet, och sj\u00e4lva fikonet har spelat en stor roll i antika myter och ber\u00e4ttelser. V\u00e5r fikonsnaps har d\u00e4remot inget att d\u00f6lja. Det \u00e4r en fram\u00e5t och dj\u00e4rv smak som b\u00e4r p\u00e5 fruktens rika och fuktiga karakt\u00e4r.<\/p>\n<p>Den har f\u00e5tt b\u00e5de ber\u00f6m och stj\u00e4rnor fr\u00e5n recensenter v\u00e4rlden \u00f6ver, och har till och med vunnit guld vid internationella t\u00e4vlingar.<\/p>\n<p>No 3 Fig \u00e4r den perfekta balansen mellan mild och rund, och kommer att bli en riktig vinnare p\u00e5 alla dessert- eller ostbord. S\u00e5 om du vill unna dina smakl\u00f6kar n\u00e5got speciellt, ge No 3 Figen ett f\u00f6rs\u00f6k.<\/p>\n<p>Den rekommenderas \u00e4ven f\u00f6r anv\u00e4ndning med ost och dessert. Ge dig sj\u00e4lv eller n\u00e5gon du bryr dig om en unik och h\u00e4rlig upplevelse med No 3 Figen.<\/p>\n<p>Bakom Snaps Bornholm st\u00e5r tre v\u00e4nner \u2013 Simon Lorentzo Jensen, John Oxlade och Jesper Kleine Rasmussen. Under flera \u00e5r har de privat gjort sin egen chilisnaps, som varit v\u00e4ldigt popul\u00e4r bland v\u00e4nner. 2015 uppstod id\u00e9n om att s\u00e4tta snapsen i produktion och s\u00f6kandet efter en producerande partner b\u00f6rjade. Det ledde dem till Bornholm och till De Bornholmske Spritfabrikker i Nex\u00f8. M\u00f6tet med Bornholm och \u00e4garen Niels Frost Jensen och hans fru Erna gjorde det klart att de hittat den perfekta aff\u00e4rspartnern. Niels delar deras stora passion f\u00f6r snaps och det tog inte l\u00e5ng tid innan de gick med p\u00e5 att leka och experimentera med naturliga, ekologiska r\u00e5varor f\u00f6r att komma fram till en bornholmsk snaps av finaste kvalitet. En snaps bryggd p\u00e5 stolta traditioner med en modern twist som v\u00e4cker nyfikenhet och provocerar sinnena.<\/p>\n","protected":false},"excerpt":{"rendered":"<p>Bornholm Spirits \u2013 Danish Snaps<\/p>\n","protected":false},"featured_media":33878,"template":"","meta":{"_acf_changed":false,"rs_blank_template":"","rs_page_bg_color":"","slide_template_v7":""},"product_brand":[],"product_cat":[2393,2743],"product_tag":[],"class_list":{"0":"post-33690","1":"product","2":"type-product","3":"status-publish","4":"has-post-thumbnail","6":"product_cat-akvavit-snaps-sv","7":"product_cat-brannvin-sv","8":"pa_land-danmark-sv","9":"pa_oekologisk-ja-sv","10":"pa_procent-40-sv-2","11":"pa_producent-snaps-bornholm-sv","12":"pa_volume-50-sv","14":"first","15":"instock","16":"taxable","17":"shipping-taxable","18":"purchasable","19":"product-type-simple"},"bundled_by":[],"bundle_stock_status":"instock","bundle_stock_quantity":null,"bundle_virtual":false,"bundle_layout":"","bundle_add_to_cart_form_location":"","bundle_editable_in_cart":false,"bundle_sold_individually_context":"","bundle_item_grouping":"","bundle_min_size":"","bundle_max_size":"","bundle_price":[],"bundled_items":[],"bundle_sell_ids":[],"acf":[],"_links":{"self":[{"href":"https:\/\/www.raschvin.com\/sv\/wp-json\/wp\/v2\/product\/33690","targetHints":{"allow":["GET"]}}],"collection":[{"href":"https:\/\/www.raschvin.com\/sv\/wp-json\/wp\/v2\/product"}],"about":[{"href":"https:\/\/www.raschvin.com\/sv\/wp-json\/wp\/v2\/types\/product"}],"wp:featuredmedia":[{"embeddable":true,"href":"https:\/\/www.raschvin.com\/sv\/wp-json\/wp\/v2\/media\/33878"}],"wp:attachment":[{"href":"https:\/\/www.raschvin.com\/sv\/wp-json\/wp\/v2\/media?parent=33690"}],"wp:term":[{"taxonomy":"product_brand","embeddable":true,"href":"https:\/\/www.raschvin.com\/sv\/wp-json\/wp\/v2\/product_brand?post=33690"},{"taxonomy":"product_cat","embeddable":true,"href":"https:\/\/www.raschvin.com\/sv\/wp-json\/wp\/v2\/product_cat?post=33690"},{"taxonomy":"product_tag","embeddable":true,"href":"https:\/\/www.raschvin.com\/sv\/wp-json\/wp\/v2\/product_tag?post=33690"}],"curies":[{"name":"wp","href":"https:\/\/api.w.org\/{rel}","templated":true}]}}