{"id":33687,"date":"2023-03-07T08:53:32","date_gmt":"2023-03-07T07:53:32","guid":{"rendered":"https:\/\/www.raschvin.com\/produkt\/snaps-bornholm-no-6-blaabaer-citron-50-cl-40\/"},"modified":"2023-03-07T08:53:32","modified_gmt":"2023-03-07T07:53:32","slug":"snaps-bornholm-no-6-blaabaer-citron-50-cl-40","status":"publish","type":"product","link":"https:\/\/www.raschvin.com\/sv\/produkt\/snaps-bornholm-no-6-blaabaer-citron-50-cl-40\/","title":{"rendered":"Snaps Bornholm No.6 &#8211; Bl\u00e5b\u00e6r &#038; Citron 50 cl. 40%"},"content":{"rendered":"<p>Med huvudingredienserna bl\u00e5b\u00e4r och citron kombineras s\u00f6tma och syra. No 6 Blueberry &#038; Lemon har en vacker och atypisk bl\u00e5lila f\u00e4rg som avsl\u00f6jar inneh\u00e5llet av bl\u00e5b\u00e4r i den samtidigt f\u00e4rska och s\u00f6ta snapsen. Blueberry &#038; Lemon Snaps passar perfekt till det stora kallbordet och till fisk och skaldjur.<\/p>\n<p>Rekommenderas till: r\u00f6dsp\u00e4tta &#038; \u00e4gg och r\u00e4kor.<\/p>\n<p>Fr\u00e4scht, syrligt och aptitretande<\/p>\n<p>Citron \u00e4r en frukt fr\u00e5n tr\u00e4d i citrusfamiljen. Citron kommer ursprungligen fr\u00e5n norra Indien, men har odlats i Asien och Kina i tusentals \u00e5r. Citron har m\u00e5nga egenskaper, speciellt f\u00f6r h\u00e4lsan d\u00e5 frukten inneh\u00e5ller ett brett utbud av vitaminer och mineraler f\u00f6r kroppen. Frukten i sig \u00e4r v\u00e4ldigt syrlig. Den \u00e4r dock extremt fr\u00e4sch och full av smak f\u00f6r liknande saker. Inklusive citronsn\u00e4pparna vi p\u00e5 Bornholmspirits erbjuder. Som med m\u00e5nga av v\u00e5ra andra produkter har vi g\u00e5tt till tankesmedjan. H\u00e4r har vi experimenterat med precis r\u00e4tt smakkombination mellan det s\u00f6ta bl\u00e5b\u00e4ret och den syrliga citronen, vi \u00e4r i alla fall n\u00f6jda med resultatet, och hoppas ocks\u00e5 att det \u00e4r n\u00e5got f\u00f6r dig. L\u00e4s vidare i n\u00e4sta avsnitt om du vill veta vad, n\u00e4r och hur du anv\u00e4nder citronsn\u00e4pp.<\/p>\n<p>Citronsnaps till lunchbordet<\/p>\n<p>Skandinaviska traditioner, i form av kalla middagsbord och en liten krisp bredvid, g\u00e5r inte ur modet snart. D\u00e4rf\u00f6r har vi p\u00e5 Bornholmspirits ocks\u00e5 lagt ner mycket energi p\u00e5 att hela tiden utveckla v\u00e5ra produkter s\u00e5 att de h\u00e4nger med i tiden. Citronsnaps med bl\u00e5b\u00e4r \u00e4r inget undantag, det passar perfekt till en &#8221;rund tenom&#8221; till en panerad r\u00f6dsp\u00e4tta eller en h\u00f6gpl\u00e4terad r\u00e4km\u00e5ltid. Det s\u00f6ta i kombination med det syrliga fr\u00e5n citronsnapsen \u00e4r en riktig upplevelse f\u00f6r smakl\u00f6karna. Best\u00e4ll denna snap om du vill imponera p\u00e5 dina g\u00e4ster oavsett event. Vi \u00e4r stolta \u00f6ver produkten och ser ocks\u00e5 att du gillar den lika mycket som vi g\u00f6r.<\/p>\n","protected":false},"excerpt":{"rendered":"<p>Bornholm Spirits \u2013 Danish Snaps<\/p>\n","protected":false},"featured_media":33875,"template":"","meta":{"_acf_changed":false,"rs_blank_template":"","rs_page_bg_color":"","slide_template_v7":""},"product_brand":[],"product_cat":[2393,2743],"product_tag":[],"class_list":{"0":"post-33687","1":"product","2":"type-product","3":"status-publish","4":"has-post-thumbnail","6":"product_cat-akvavit-snaps-sv","7":"product_cat-brannvin-sv","8":"pa_land-danmark-sv","9":"pa_oekologisk-ja-sv","10":"pa_procent-40-sv-2","11":"pa_producent-snaps-bornholm-sv","12":"pa_volume-50-sv","14":"first","15":"instock","16":"taxable","17":"shipping-taxable","18":"purchasable","19":"product-type-simple"},"bundled_by":[],"bundle_stock_status":"instock","bundle_stock_quantity":null,"bundle_virtual":false,"bundle_layout":"","bundle_add_to_cart_form_location":"","bundle_editable_in_cart":false,"bundle_sold_individually_context":"","bundle_item_grouping":"","bundle_min_size":"","bundle_max_size":"","bundle_price":[],"bundled_items":[],"bundle_sell_ids":[],"acf":[],"_links":{"self":[{"href":"https:\/\/www.raschvin.com\/sv\/wp-json\/wp\/v2\/product\/33687","targetHints":{"allow":["GET"]}}],"collection":[{"href":"https:\/\/www.raschvin.com\/sv\/wp-json\/wp\/v2\/product"}],"about":[{"href":"https:\/\/www.raschvin.com\/sv\/wp-json\/wp\/v2\/types\/product"}],"wp:featuredmedia":[{"embeddable":true,"href":"https:\/\/www.raschvin.com\/sv\/wp-json\/wp\/v2\/media\/33875"}],"wp:attachment":[{"href":"https:\/\/www.raschvin.com\/sv\/wp-json\/wp\/v2\/media?parent=33687"}],"wp:term":[{"taxonomy":"product_brand","embeddable":true,"href":"https:\/\/www.raschvin.com\/sv\/wp-json\/wp\/v2\/product_brand?post=33687"},{"taxonomy":"product_cat","embeddable":true,"href":"https:\/\/www.raschvin.com\/sv\/wp-json\/wp\/v2\/product_cat?post=33687"},{"taxonomy":"product_tag","embeddable":true,"href":"https:\/\/www.raschvin.com\/sv\/wp-json\/wp\/v2\/product_tag?post=33687"}],"curies":[{"name":"wp","href":"https:\/\/api.w.org\/{rel}","templated":true}]}}