{"id":33684,"date":"2023-03-07T08:47:23","date_gmt":"2023-03-07T07:47:23","guid":{"rendered":"https:\/\/www.raschvin.com\/produkt\/snaps-bornholm-no-4-hindbaer-ingefaer-granataeble-50-cl-40\/"},"modified":"2023-03-07T08:47:23","modified_gmt":"2023-03-07T07:47:23","slug":"snaps-bornholm-no-4-hindbaer-ingefaer-granataeble-50-cl-40","status":"publish","type":"product","link":"https:\/\/www.raschvin.com\/sv\/produkt\/snaps-bornholm-no-4-hindbaer-ingefaer-granataeble-50-cl-40\/","title":{"rendered":"Snaps Bornholm No.4 &#8211; Hindb\u00e6r Ingef\u00e6r &#038; Granat\u00e6ble 50 cl. 40%"},"content":{"rendered":"<p>Hallon, ingef\u00e4ra och granat\u00e4pple kompletterar varandra utm\u00e4rkt \u2013 \u00e5tminstone n\u00e4r de underbara r\u00e5varorna kombineras med snaps fr\u00e5n Bornholmssprit. En modern och extremt intressant, v\u00e4l avrundad smakupplevelse. Europas hallon, Asiens ingef\u00e4ra och Mellan\u00f6sterns granat\u00e4pple. F\u00f6rutom att dessa frukter och r\u00f6tter i sin ursprungliga form erbjuder ett brett utbud av h\u00e4lsof\u00f6rdelar, kombineras \u00e4ven de runda nyanserna och skarpa tonerna i en extremt fr\u00e4sch och v\u00e4l avrundad smakupplevelse. Och smaken, ja, den passar ocks\u00e5 lika m\u00e5nga situationer som det finns l\u00e4nder i vida v\u00e4rlden.<\/p>\n<p>Rekommenderas till: Lax &#038; \u00c4gg och r\u00e4kor<\/p>\n<p>Bakom Snaps Bornholm st\u00e5r tre v\u00e4nner \u2013 Simon Lorentzo Jensen, John Oxlade och Jesper Kleine Rasmussen. Under flera \u00e5r har de privat gjort sin egen chilisnaps, som varit v\u00e4ldigt popul\u00e4r bland v\u00e4nner. 2015 uppstod id\u00e9n om att s\u00e4tta snapsen i produktion och s\u00f6kandet efter en producerande partner b\u00f6rjade. Det ledde dem till Bornholm och till De Bornholmske Spritfabrikker i Nex\u00f8. M\u00f6tet med Bornholm och \u00e4garen Niels Frost Jensen och hans fru Erna gjorde det klart att de hittat den perfekta aff\u00e4rspartnern. Niels delar deras stora passion f\u00f6r snaps och det tog inte l\u00e5ng tid innan de gick med p\u00e5 att leka och experimentera med naturliga, ekologiska r\u00e5varor f\u00f6r att komma fram till en bornholmsk snaps av finaste kvalitet. En snaps bryggd p\u00e5 stolta traditioner med en modern twist som v\u00e4cker nyfikenhet och provocerar sinnena.<\/p>\n","protected":false},"excerpt":{"rendered":"<p>Bornholm Spirits &#8211; Danish Snaps <\/p>\n","protected":false},"featured_media":33881,"template":"","meta":{"_acf_changed":false,"rs_blank_template":"","rs_page_bg_color":"","slide_template_v7":""},"product_brand":[],"product_cat":[2743,2393],"product_tag":[],"class_list":{"0":"post-33684","1":"product","2":"type-product","3":"status-publish","4":"has-post-thumbnail","6":"product_cat-brannvin-sv","7":"product_cat-akvavit-snaps-sv","8":"pa_land-danmark-sv","9":"pa_oekologisk-ja-sv","10":"pa_procent-40-sv-2","11":"pa_producent-snaps-bornholm-sv","12":"pa_volume-50-sv","14":"first","15":"instock","16":"taxable","17":"shipping-taxable","18":"purchasable","19":"product-type-simple"},"bundled_by":[],"bundle_stock_status":"instock","bundle_stock_quantity":null,"bundle_virtual":false,"bundle_layout":"","bundle_add_to_cart_form_location":"","bundle_editable_in_cart":false,"bundle_sold_individually_context":"","bundle_item_grouping":"","bundle_min_size":"","bundle_max_size":"","bundle_price":[],"bundled_items":[],"bundle_sell_ids":[],"acf":[],"_links":{"self":[{"href":"https:\/\/www.raschvin.com\/sv\/wp-json\/wp\/v2\/product\/33684","targetHints":{"allow":["GET"]}}],"collection":[{"href":"https:\/\/www.raschvin.com\/sv\/wp-json\/wp\/v2\/product"}],"about":[{"href":"https:\/\/www.raschvin.com\/sv\/wp-json\/wp\/v2\/types\/product"}],"wp:featuredmedia":[{"embeddable":true,"href":"https:\/\/www.raschvin.com\/sv\/wp-json\/wp\/v2\/media\/33881"}],"wp:attachment":[{"href":"https:\/\/www.raschvin.com\/sv\/wp-json\/wp\/v2\/media?parent=33684"}],"wp:term":[{"taxonomy":"product_brand","embeddable":true,"href":"https:\/\/www.raschvin.com\/sv\/wp-json\/wp\/v2\/product_brand?post=33684"},{"taxonomy":"product_cat","embeddable":true,"href":"https:\/\/www.raschvin.com\/sv\/wp-json\/wp\/v2\/product_cat?post=33684"},{"taxonomy":"product_tag","embeddable":true,"href":"https:\/\/www.raschvin.com\/sv\/wp-json\/wp\/v2\/product_tag?post=33684"}],"curies":[{"name":"wp","href":"https:\/\/api.w.org\/{rel}","templated":true}]}}