{"id":33681,"date":"2023-03-07T08:21:17","date_gmt":"2023-03-07T07:21:17","guid":{"rendered":"https:\/\/www.raschvin.com\/produkt\/lynx-pinot-noir-75-cl\/"},"modified":"2023-03-07T08:21:17","modified_gmt":"2023-03-07T07:21:17","slug":"lynx-pinot-noir-75-cl","status":"publish","type":"product","link":"https:\/\/www.raschvin.com\/sv\/produkt\/lynx-pinot-noir-75-cl\/","title":{"rendered":"Lynx Pinot Noir 75 cl."},"content":{"rendered":"<p>Dette er pinot noir med overs\u00f8isk accent, hvilket er lig med im\u00f8dekommende, letl\u00f8bende vin med frugt uden medf\u00f8lgende garvesyre.<\/p>\n<p>Lynx er ukrukket drikkegl\u00e6de holdt i en stil, der respekterer druens identitet uden at foregive at v\u00e6re en (halvhjertet) kopia af sit franske ophav.<br \/>\nPinot Noir st\u00e5r bag r\u00f8d bourgogne, men Californien har vist sig att vara et godt, nytt hemsted f\u00f6r denne ellers mycket kr\u00e6sne druesort.<\/p>\n<p>I this fortolkning er der en p\u00e6n sjat overs\u00f8isk solskin i vinen, och et kort vistelse p\u00e5 eg har avrundet vinen ytterligare, s\u00e5 den framst\u00e5r drikkeklar och v\u00e4nlig. Duft och smak h\u00e5llare sig i afdelingen f\u00f6r r\u00f6d frukt med en annan skovb\u00e6r. Der \u00e4r ingen synderlig bassefylde i vinen \u2013 detta \u00e4r afrundet pinot med god l\u00e4skende effekt.<\/p>\n<p>Serveret noget under stuetemperatur \u2013 g\u00e4rna vid 14-16\u00b0 &#8211; er detta en v\u00e4legnet ledsager til lyse k\u00f8dretter men pr\u00f8v den inte heller f\u00f6r starka pastaretter eller som et utraditionelt, men v\u00e4lfungerende tillbeh\u00f6r til stegt laks.<\/p>\n<p>Nyd vinen nu og de n\u00e6ste par \u00e5r frem i tiden.<\/p>\n","protected":false},"excerpt":{"rendered":"<p>California &#8211; USA<\/p>\n","protected":false},"featured_media":44619,"template":"","meta":{"_acf_changed":false,"rs_blank_template":"","rs_page_bg_color":"","slide_template_v7":""},"product_brand":[],"product_cat":[7776,2788,2798],"product_tag":[],"class_list":{"0":"post-33681","1":"product","2":"type-product","3":"status-publish","4":"has-post-thumbnail","6":"product_cat-sommer-pinot-noir-sv","7":"product_cat-vin-sv","8":"product_cat-roedvin-sv","9":"pa_drue-pinot-noir-sv","10":"pa_land-usa-sv","11":"pa_procent-13-5-sv","12":"pa_producent-house-of-big-wines-sv","13":"pa_region-californien-sv","14":"pa_serveringstemperatur-16-18-sv","15":"pa_volume-75-sv","17":"first","18":"instock","19":"taxable","20":"shipping-taxable","21":"purchasable","22":"product-type-simple"},"bundled_by":[],"bundle_stock_status":"instock","bundle_stock_quantity":null,"bundle_virtual":false,"bundle_layout":"","bundle_add_to_cart_form_location":"","bundle_editable_in_cart":false,"bundle_sold_individually_context":"","bundle_item_grouping":"","bundle_min_size":"","bundle_max_size":"","bundle_price":[],"bundled_items":[],"bundle_sell_ids":[],"acf":[],"_links":{"self":[{"href":"https:\/\/www.raschvin.com\/sv\/wp-json\/wp\/v2\/product\/33681","targetHints":{"allow":["GET"]}}],"collection":[{"href":"https:\/\/www.raschvin.com\/sv\/wp-json\/wp\/v2\/product"}],"about":[{"href":"https:\/\/www.raschvin.com\/sv\/wp-json\/wp\/v2\/types\/product"}],"wp:featuredmedia":[{"embeddable":true,"href":"https:\/\/www.raschvin.com\/sv\/wp-json\/wp\/v2\/media\/44619"}],"wp:attachment":[{"href":"https:\/\/www.raschvin.com\/sv\/wp-json\/wp\/v2\/media?parent=33681"}],"wp:term":[{"taxonomy":"product_brand","embeddable":true,"href":"https:\/\/www.raschvin.com\/sv\/wp-json\/wp\/v2\/product_brand?post=33681"},{"taxonomy":"product_cat","embeddable":true,"href":"https:\/\/www.raschvin.com\/sv\/wp-json\/wp\/v2\/product_cat?post=33681"},{"taxonomy":"product_tag","embeddable":true,"href":"https:\/\/www.raschvin.com\/sv\/wp-json\/wp\/v2\/product_tag?post=33681"}],"curies":[{"name":"wp","href":"https:\/\/api.w.org\/{rel}","templated":true}]}}