{"id":33569,"date":"2023-03-06T11:14:41","date_gmt":"2023-03-06T10:14:41","guid":{"rendered":"https:\/\/www.raschvin.com\/produkt\/grey-goose-vodka-70-cl-40\/"},"modified":"2023-03-06T11:14:41","modified_gmt":"2023-03-06T10:14:41","slug":"grey-goose-vodka-70-cl-40","status":"publish","type":"product","link":"https:\/\/www.raschvin.com\/sv\/produkt\/grey-goose-vodka-70-cl-40\/","title":{"rendered":"Grey Goose Vodka 70 cl. 40%"},"content":{"rendered":"<p>Grey Goose Vodka fr\u00e5n Frankrike imponerar med en unik kombination av syrlig citrus och en touch av n\u00f6tter<\/p>\n<p>Vodka f\u00f6rknippas Gray allm\u00e4nt med Ryssland, dock inte Goose Vodka som kommer fr\u00e5n v\u00e5rat grannland Frankrike. Grey Goose Vodka \u00e4r ett tydligt exempel p\u00e5 att fransm\u00e4nnen har en djup kunskap n\u00e4r det kommer till produktion av vodka och inte bara champagne och vin.<\/p>\n<p>Den eleganta och exklusiva Grey Goose Vodka erbjuder h\u00e4rliga ljusa inslag av citron och andra citrusfrukter i kombination med en touch av n\u00f6tter vilket skapar en utm\u00e4rkt balans. De typiska smakerna av spannm\u00e5l \u00e4r i stort s\u00e4tt uppt\u00e4ckbara vilket \u00e4ven styrker dess eklusivitet.<\/p>\n<p>Grey Goose Vodka sk\u00e4mmer bort sinnena med sin milda mjukhet och h\u00e4rliga inslag av citrus, sammantaget en mycket renare och mer harmonisk vodka \u00e4n vad som finns p\u00e5 marknaden.<br \/>\nDenna speciella utg\u00e5va av Grey Goose Vodka i Magnum flaska \u00e4r idealisk vid firande med v\u00e4nner n\u00e4r varje g\u00e4st f\u00e5r en drink av denna uts\u00f6kta och raffinerade vodka. Flaskan i sig \u00e4r \u00e4ven ett blickf\u00e5ng och b\u00f6r ha en plats i varje bar och samling v\u00e4rlden \u00f6ver.<\/p>\n<p>Grey Goose Vodka \u00e4r tillverkad p\u00e5 h\u00f6gkvalitativt h\u00f6stvete och exceptionellt hyra k\u00e4llvatten, k\u00e4llvattnet tas fr\u00e5n vinodlingsregionen Champagne d\u00e4r det beskrivs som kristallklart och unikt.<\/p>\n<p>The Grey Goose varum\u00e4rket etablerades 1997 och \u00e4r uppkallat efter de ber\u00f6mda g\u00e4ss som dricker ur font\u00e4nen utanf\u00f6r Hotel de Ville i Cognac, Frankrike. F\u00f6rutom de exklusiva och uts\u00f6kta ingredienserna \u00e4r \u00e4ven produktionen av denna vodka n\u00e5got alldeles speciellt. H\u00e4r f\u00e5r vodkan genomg\u00e5 en femfaldig destillationsprocess f\u00f6r att sedan kalla filtreras, en sann premium vodka du inte b\u00f6r missa!<\/p>\n","protected":false},"excerpt":{"rendered":"<p>French Premium Vodka<\/p>\n","protected":false},"featured_media":33666,"template":"","meta":{"_acf_changed":false,"rs_blank_template":"","rs_page_bg_color":"","slide_template_v7":""},"product_brand":[],"product_cat":[4609,2402,2409],"product_tag":[],"class_list":{"0":"post-33569","1":"product","2":"type-product","3":"status-publish","4":"has-post-thumbnail","6":"product_cat-plain-sv","7":"product_cat-sprit-sv","8":"product_cat-vodka-sv","9":"pa_land-frankrike","10":"pa_procent-40-sv-2","11":"pa_producent-bacardi-sv","12":"pa_region-cognac-sv","13":"pa_volume-70-sv-2","15":"first","16":"instock","17":"taxable","18":"shipping-taxable","19":"purchasable","20":"product-type-simple"},"bundled_by":[],"bundle_stock_status":"instock","bundle_stock_quantity":null,"bundle_virtual":false,"bundle_layout":"","bundle_add_to_cart_form_location":"","bundle_editable_in_cart":false,"bundle_sold_individually_context":"","bundle_item_grouping":"","bundle_min_size":"","bundle_max_size":"","bundle_price":[],"bundled_items":[],"bundle_sell_ids":[],"acf":[],"_links":{"self":[{"href":"https:\/\/www.raschvin.com\/sv\/wp-json\/wp\/v2\/product\/33569","targetHints":{"allow":["GET"]}}],"collection":[{"href":"https:\/\/www.raschvin.com\/sv\/wp-json\/wp\/v2\/product"}],"about":[{"href":"https:\/\/www.raschvin.com\/sv\/wp-json\/wp\/v2\/types\/product"}],"wp:featuredmedia":[{"embeddable":true,"href":"https:\/\/www.raschvin.com\/sv\/wp-json\/wp\/v2\/media\/33666"}],"wp:attachment":[{"href":"https:\/\/www.raschvin.com\/sv\/wp-json\/wp\/v2\/media?parent=33569"}],"wp:term":[{"taxonomy":"product_brand","embeddable":true,"href":"https:\/\/www.raschvin.com\/sv\/wp-json\/wp\/v2\/product_brand?post=33569"},{"taxonomy":"product_cat","embeddable":true,"href":"https:\/\/www.raschvin.com\/sv\/wp-json\/wp\/v2\/product_cat?post=33569"},{"taxonomy":"product_tag","embeddable":true,"href":"https:\/\/www.raschvin.com\/sv\/wp-json\/wp\/v2\/product_tag?post=33569"}],"curies":[{"name":"wp","href":"https:\/\/api.w.org\/{rel}","templated":true}]}}