{"id":33489,"date":"2023-03-06T10:11:39","date_gmt":"2023-03-06T09:11:39","guid":{"rendered":"https:\/\/www.raschvin.com\/produkt\/gun-fighter-rye-double-cask-rum-finish-70-cl-50\/"},"modified":"2023-03-06T10:11:39","modified_gmt":"2023-03-06T09:11:39","slug":"gun-fighter-rye-double-cask-rum-finish-70-cl-50","status":"publish","type":"product","link":"https:\/\/www.raschvin.com\/sv\/produkt\/gun-fighter-rye-double-cask-rum-finish-70-cl-50\/","title":{"rendered":"Gun Fighter Rye &#8211; Double Cask Rum Finish 70 cl. 50%"},"content":{"rendered":"<p>Gun Fighter American Rye Whisky Double Cask Rum Finish \u00e4r en s\u00e4rskilt l\u00e4cker bourbon fr\u00e5n Golden Moon Distillery, lagrad f\u00f6rst p\u00e5 nya amerikanska ekfat, sedan p\u00e5 romfat.<\/p>\n<p>Om produkten<br \/>\nGun Fighter American Rye Whisky Double Cask Rum Finish lagras i minst 6 m\u00e5nader p\u00e5 nya amerikanska ekfat, med efterf\u00f6ljande efterbehandling p\u00e5 amerikanska ekfat som tidigare inneh\u00f6ll rom. Detta ger whiskyn en unik rundhet och komplexitet perfekt kompletterad med en klassisk r\u00e5gkryddighet.<\/p>\n<p>Gun Fighter American Rye Whisky Double Cask Rum Finish buteljeras med en ABV p\u00e5 50 % &#8211; motsvarande 100 US proof.<\/p>\n<p>Om Golden Moon Distillery<br \/>\nGolden Moon Distillery grundades 2008 med det specifika m\u00e5let att g\u00f6ra alkoholhaltiga drycker av h\u00f6gsta kvalitet, med samma ingredienser som de som anv\u00e4ndes i slutet av 1800-talet.<\/p>\n<p>Centralt i detta projekt \u00e4r att en av destilleriets grundare, Stephen Gould, har en enorm samling b\u00f6cker som alla handlar om bryggning och destillering. Den \u00e4ldsta av dessa b\u00f6cker h\u00e4rstammar \u00e4nda fr\u00e5n 1500-talet, medan majoriteten \u00e4r fr\u00e5n 1700-1800-talen.<\/p>\n<p>Gun Fighter whisky destilleras p\u00e5 Golden Moons egna vattenkokare \u2013 fyra antika pot stills fr\u00e5n tidigt till mitten av 1900-talet.<\/p>\n","protected":false},"excerpt":{"rendered":"<p>American Rye Whiskey<\/p>\n","protected":false},"featured_media":33531,"template":"","meta":{"_acf_changed":false,"rs_blank_template":"","rs_page_bg_color":"","slide_template_v7":""},"product_brand":[],"product_cat":[4657,2387,2392],"product_tag":[],"class_list":{"0":"post-33489","1":"product","2":"type-product","3":"status-publish","4":"has-post-thumbnail","6":"product_cat-american-bourbon-sv","7":"product_cat-avec-sv","8":"product_cat-whisky-sv","9":"pa_land-usa-sv","10":"pa_procent-50-sv","11":"pa_producent-golden-moon-distillery-sv","12":"pa_traefad-rum-sv","13":"pa_volume-70-sv-2","15":"first","16":"instock","17":"sale","18":"taxable","19":"shipping-taxable","20":"purchasable","21":"product-type-simple"},"bundled_by":[],"bundle_stock_status":"instock","bundle_stock_quantity":null,"bundle_virtual":false,"bundle_layout":"","bundle_add_to_cart_form_location":"","bundle_editable_in_cart":false,"bundle_sold_individually_context":"","bundle_item_grouping":"","bundle_min_size":"","bundle_max_size":"","bundle_price":[],"bundled_items":[],"bundle_sell_ids":[],"acf":[],"_links":{"self":[{"href":"https:\/\/www.raschvin.com\/sv\/wp-json\/wp\/v2\/product\/33489","targetHints":{"allow":["GET"]}}],"collection":[{"href":"https:\/\/www.raschvin.com\/sv\/wp-json\/wp\/v2\/product"}],"about":[{"href":"https:\/\/www.raschvin.com\/sv\/wp-json\/wp\/v2\/types\/product"}],"wp:featuredmedia":[{"embeddable":true,"href":"https:\/\/www.raschvin.com\/sv\/wp-json\/wp\/v2\/media\/33531"}],"wp:attachment":[{"href":"https:\/\/www.raschvin.com\/sv\/wp-json\/wp\/v2\/media?parent=33489"}],"wp:term":[{"taxonomy":"product_brand","embeddable":true,"href":"https:\/\/www.raschvin.com\/sv\/wp-json\/wp\/v2\/product_brand?post=33489"},{"taxonomy":"product_cat","embeddable":true,"href":"https:\/\/www.raschvin.com\/sv\/wp-json\/wp\/v2\/product_cat?post=33489"},{"taxonomy":"product_tag","embeddable":true,"href":"https:\/\/www.raschvin.com\/sv\/wp-json\/wp\/v2\/product_tag?post=33489"}],"curies":[{"name":"wp","href":"https:\/\/api.w.org\/{rel}","templated":true}]}}