{"id":33477,"date":"2023-03-06T09:44:25","date_gmt":"2023-03-06T08:44:25","guid":{"rendered":"https:\/\/www.raschvin.com\/produkt\/glen-moray-15-years-2007-22-tokaji-finish-wm-barrel-selection-70-cl-569\/"},"modified":"2023-03-06T09:44:25","modified_gmt":"2023-03-06T08:44:25","slug":"glen-moray-15-years-2007-22-tokaji-finish-wm-barrel-selection-70-cl-569","status":"publish","type":"product","link":"https:\/\/www.raschvin.com\/sv\/produkt\/glen-moray-15-years-2007-22-tokaji-finish-wm-barrel-selection-70-cl-569\/","title":{"rendered":"Glen Moray 15 Years 2007-22 Tokaji Finish &#8211; W&#038;M Barrel Selection 70 cl. 56,9%"},"content":{"rendered":"<p>Sedan 1992 har Wilson &#038; Morgan Barrel Selection erbjudit ett starkt urval av s\u00e4llsynta, oberoende buteljeringar av skotsk maltwhisky. Wilson &#038; Morgan v\u00e4ljer bara ut de b\u00e4sta malterna, alla med en lagringstid p\u00e5 8-30 \u00e5r. Efter den f\u00f6rsta l\u00e5nga lagringsperioden lagras de i m\u00e5nga fall ytterligare p\u00e5 sherry-, rom-, marsala- eller portvinsfat. Alla fat \u00e4r personligen utvalda av den italienske spritexperten Fabio Rossi (som st\u00e5r bakom Rum Nation). Rossi f\u00f6ljer bara en regel i sin urvalsprocess:<\/p>\n<p>&#8221;Lita p\u00e5 din gom och din instinkt!&#8221;<\/p>\n<p>\u00c4ven om regeln verkar v\u00e4ldigt enkel, verkar det \u00e4nd\u00e5 finnas n\u00e5got med historien \u2013 flaskor fr\u00e5n Wilson &#038; Morgan har g\u00e5tt och blivit mycket eftertraktade i singelmaltkretsar!<\/p>\n<p>Hus Range<br \/>\nDenna serie \u00e4r designad f\u00f6r att fungera som en introduktion till skotsk whisky. Faten som anv\u00e4nds f\u00f6r utsl\u00e4ppen kommer fr\u00e5n prestigefyllda skotska destillerier som av avtalssk\u00e4l f\u00f6redrar att vara anonyma. Serien best\u00e5r huvudsakligen av tv\u00e5 kontrasterande stilar som sl\u00e4pps med j\u00e4mna mellanrum:<\/p>\n<p>Sherry Cask Malt \u2013 Buteljerad fr\u00e5n utvalda sherryfat fr\u00e5n den ber\u00f6mda whiskyregionen Speyside. Denna utg\u00e5va \u00e4r den perfekta introduktionen till Speyside whisky: Rik p\u00e5 frukt, honung och mjuk cigarrr\u00f6k.<\/p>\n<p>House Malt \u201dBorn on Islay\u201d \u2013 En riktig Islay whisky; kraftfull och intensiv med mycket torvr\u00f6k, salt och fenol. Antingen hatar du det eller s\u00e5 \u00e4lskar du det.<\/p>\n<p>Val av fat<br \/>\nDenna serie best\u00e5r av buteljeringar fr\u00e5n fat handplockade av Fabio Rossi sj\u00e4lv. Till skillnad fr\u00e5n House Range \u00e4r Barrel Selection m\u00e4rkt f\u00f6r ursprungsdestilleriet, s\u00e5v\u00e4l som det \u00e5r de lagrades. De flesta utsl\u00e4ppen i serien \u00e4r utsp\u00e4dda till 46% ABV, men du hittar \u00e4ven utsl\u00e4pp p\u00e5 48% och 50%.<\/p>\n<p>Val av fatstyrka<br \/>\nFlaskorna i denna serie tappas direkt fr\u00e5n fatet utan filtrering eller utsp\u00e4dning. Med dessa flaskor f\u00e5r du ingen l\u00e4tt eller snabb rusning. Nej, med dessa flaskor f\u00e5r du den \u00e4kta varan.<\/p>\n<p>Som ett resultat \u00e4r ingen \u00e5rg\u00e5ng n\u00e5gonsin exakt lika, och varje utg\u00e5va har sin egen unika karakt\u00e4r. Den enda gemensamma n\u00e4mnaren \u00e4r otroligt h\u00f6g kvalitet.<\/p>\n<p>Special release<br \/>\nExklusiva och s\u00e4llsynta releaser, oftast i mycket begr\u00e4nsade m\u00e4ngder, avsedda f\u00f6r speciella kunder och ofta specialdesignade efter kundens \u00f6nskem\u00e5l.<\/p>\n<p>Karaffsamling<br \/>\nCreme de la creme \u2013 de absolut b\u00e4sta och mest exceptionella buteljeringarna kommer i eleganta karaffflaskor. Buteljeringarna h\u00e4r best\u00e5r av mycket gammal whisky fr\u00e5n de mest prestigefyllda destillerierna i Skottland.<\/p>\n","protected":false},"excerpt":{"rendered":"<p>Single Malt Scotch Whisky<\/p>\n","protected":false},"featured_media":33546,"template":"","meta":{"_acf_changed":false,"rs_blank_template":"","rs_page_bg_color":"","slide_template_v7":""},"product_brand":[],"product_cat":[2387,2392,4651],"product_tag":[],"class_list":{"0":"post-33477","1":"product","2":"type-product","3":"status-publish","4":"has-post-thumbnail","6":"product_cat-avec-sv","7":"product_cat-whisky-sv","8":"product_cat-single-malt-sv","9":"pa_champagne-type-single-cask-sv","10":"pa_land-skottland","11":"pa_procent-56-9-sv","12":"pa_region-speyside-sv","13":"pa_traefad-tokaij-sv","14":"pa_volume-70-sv-2","16":"first","17":"instock","18":"sale","19":"taxable","20":"shipping-taxable","21":"purchasable","22":"product-type-simple"},"bundled_by":[],"bundle_stock_status":"instock","bundle_stock_quantity":null,"bundle_virtual":false,"bundle_layout":"","bundle_add_to_cart_form_location":"","bundle_editable_in_cart":false,"bundle_sold_individually_context":"","bundle_item_grouping":"","bundle_min_size":"","bundle_max_size":"","bundle_price":[],"bundled_items":[],"bundle_sell_ids":[],"acf":[],"_links":{"self":[{"href":"https:\/\/www.raschvin.com\/sv\/wp-json\/wp\/v2\/product\/33477","targetHints":{"allow":["GET"]}}],"collection":[{"href":"https:\/\/www.raschvin.com\/sv\/wp-json\/wp\/v2\/product"}],"about":[{"href":"https:\/\/www.raschvin.com\/sv\/wp-json\/wp\/v2\/types\/product"}],"wp:featuredmedia":[{"embeddable":true,"href":"https:\/\/www.raschvin.com\/sv\/wp-json\/wp\/v2\/media\/33546"}],"wp:attachment":[{"href":"https:\/\/www.raschvin.com\/sv\/wp-json\/wp\/v2\/media?parent=33477"}],"wp:term":[{"taxonomy":"product_brand","embeddable":true,"href":"https:\/\/www.raschvin.com\/sv\/wp-json\/wp\/v2\/product_brand?post=33477"},{"taxonomy":"product_cat","embeddable":true,"href":"https:\/\/www.raschvin.com\/sv\/wp-json\/wp\/v2\/product_cat?post=33477"},{"taxonomy":"product_tag","embeddable":true,"href":"https:\/\/www.raschvin.com\/sv\/wp-json\/wp\/v2\/product_tag?post=33477"}],"curies":[{"name":"wp","href":"https:\/\/api.w.org\/{rel}","templated":true}]}}