{"id":33471,"date":"2023-03-06T09:11:57","date_gmt":"2023-03-06T08:11:57","guid":{"rendered":"https:\/\/www.raschvin.com\/produkt\/rum-nation-meticho-rum-citrus-70-cl-40\/"},"modified":"2025-10-09T08:00:12","modified_gmt":"2025-10-09T06:00:12","slug":"rum-nation-meticho-rum-citrus-70-cl-40","status":"publish","type":"product","link":"https:\/\/www.raschvin.com\/sv\/produkt\/rum-nation-meticho-rum-citrus-70-cl-40\/","title":{"rendered":"Meticho Citrus 70 cl. 40%"},"content":{"rendered":"<p>Ett soligt, varmt och l\u00e4ckert recept p\u00e5 en Spirit Drink \u2026<br \/>\nEn blandning av smaken fr\u00e5n italienska apelsinskal och en mjuk mellanamerikansk sockersprit, d\u00e4r det speciella receptet \u00e4ven inneh\u00e5ller andra citrusfrukter s\u00e5som blodapelsin, citron och mandarin. En tydlig ton av \u00e4kta vanilj och n\u00e5gra droppar hemliga aromer s\u00e4tter pricken \u00f6ver i:et.<\/p>\n<p>Resultatet \u00e4r en l\u00e4tt, s\u00f6t och honungstonad lik\u00f6rliknande dryck \u2013 precis s\u00e5 mjuk och fruktig som den ska vara!<br \/>\nDrick den ren efter maten eller njut den kall, g\u00e4rna med is \u2013 en uppfriskande upplevelse!<\/p>\n<p>Den perfekta Meticho \u201cM\u00f6rk och Stormig\u201d cocktail<\/p>\n<p>Isbitar i ett glas<br \/>\n1 del Meticho<br \/>\n3 delar Franklin &#038; Sons Ginger Beer<br \/>\n2 klyftor lime<\/p>\n<p>Om Space Nation<br \/>\nRum Nation grundades av italienaren Fabio Rossi 1999. Tanken var att hitta varje lands speciella romstil. Det ledde till ett fler\u00e5rigt \u00e4ventyr som ledde Rossi fr\u00e5n sm\u00e5 peruanska destillerier till rom- och insektsmuseer i Guadelope.<\/p>\n<p>I katalogen hittar du bland annat v\u00e4lk\u00e4nda romnationer som Jamaica och Barbados, men du hittar \u00e4ven l\u00e4nder som hittills varit totalt ok\u00e4nda p\u00e5 den internationella marknaden &#8211; som Peru och Bougainville.<\/p>\n<p>Den f\u00e4rdiglagrade rommen k\u00f6ps fr\u00e5n utvalda destillerier runt om i v\u00e4rlden, och f\u00f6rs sedan till Italien, d\u00e4r den buteljeras och blandas. Huvudfokus \u00e4r ursprungslandets uttryck och stil och d\u00e4rf\u00f6r avsl\u00f6jas inte n\u00f6dv\u00e4ndigtvis vilket destilleri buteljeringen kommer ifr\u00e5n. Ett genomg\u00e5ende motiv \u00e4r att flaskorna \u00e4r m\u00e4rkta med en st\u00e4mpel fr\u00e5n ursprungslandet.<\/p>\n<p>M\u00e5nga \u00e5rs erfarenhet och forskning &#8211; samt en strikt urvalsprocess &#8211; har skapat ett stort urval av &#8221;single roms&#8221;, som, trogna roms hj\u00e4rta, \u00e4r unika och of\u00f6rgl\u00f6mliga!<\/p>\n","protected":false},"excerpt":{"rendered":"<p>Premium Aged Spirit Drink<\/p>\n","protected":false},"featured_media":33516,"template":"","meta":{"_acf_changed":false,"rs_blank_template":"","rs_page_bg_color":"","slide_template_v7":""},"product_brand":[],"product_cat":[2387,4642,4634,2391,4678,4639,2390],"product_tag":[],"class_list":{"0":"post-33471","1":"product","2":"type-product","3":"status-publish","4":"has-post-thumbnail","6":"product_cat-avec-sv","7":"product_cat-flavoured-rom-sv","8":"product_cat-premium-aged-sv","9":"product_cat-rom-sv","10":"product_cat-romlikor","11":"product_cat-romliqueur-sv","12":"product_cat-sprit","13":"pa_land-centralamerika","14":"pa_procent-40-sv-2","15":"pa_producent-rum-nation-sv","16":"pa_volume-70-sv-2","18":"first","19":"instock","20":"sale","21":"taxable","22":"shipping-taxable","23":"purchasable","24":"product-type-simple"},"bundled_by":[],"bundle_stock_status":"instock","bundle_stock_quantity":null,"bundle_virtual":false,"bundle_layout":"","bundle_add_to_cart_form_location":"","bundle_editable_in_cart":false,"bundle_sold_individually_context":"","bundle_item_grouping":"","bundle_min_size":"","bundle_max_size":"","bundle_price":[],"bundled_items":[],"bundle_sell_ids":[],"acf":[],"_links":{"self":[{"href":"https:\/\/www.raschvin.com\/sv\/wp-json\/wp\/v2\/product\/33471","targetHints":{"allow":["GET"]}}],"collection":[{"href":"https:\/\/www.raschvin.com\/sv\/wp-json\/wp\/v2\/product"}],"about":[{"href":"https:\/\/www.raschvin.com\/sv\/wp-json\/wp\/v2\/types\/product"}],"wp:featuredmedia":[{"embeddable":true,"href":"https:\/\/www.raschvin.com\/sv\/wp-json\/wp\/v2\/media\/33516"}],"wp:attachment":[{"href":"https:\/\/www.raschvin.com\/sv\/wp-json\/wp\/v2\/media?parent=33471"}],"wp:term":[{"taxonomy":"product_brand","embeddable":true,"href":"https:\/\/www.raschvin.com\/sv\/wp-json\/wp\/v2\/product_brand?post=33471"},{"taxonomy":"product_cat","embeddable":true,"href":"https:\/\/www.raschvin.com\/sv\/wp-json\/wp\/v2\/product_cat?post=33471"},{"taxonomy":"product_tag","embeddable":true,"href":"https:\/\/www.raschvin.com\/sv\/wp-json\/wp\/v2\/product_tag?post=33471"}],"curies":[{"name":"wp","href":"https:\/\/api.w.org\/{rel}","templated":true}]}}