{"id":33465,"date":"2023-03-06T08:47:17","date_gmt":"2023-03-06T07:47:17","guid":{"rendered":"https:\/\/www.raschvin.com\/produkt\/warners-pink-berry-50-cl-0\/"},"modified":"2023-03-06T09:22:11","modified_gmt":"2023-03-06T08:22:11","slug":"warners-pink-berry-50-cl-0","status":"publish","type":"product","link":"https:\/\/www.raschvin.com\/sv\/produkt\/warners-pink-berry-50-cl-0\/","title":{"rendered":"Warner&#8217;s &#8211; Pink Berry 50 cl. 0%"},"content":{"rendered":"<p>Pink Berry<\/p>\n<p>0% Pink Berry \u00e4r doftande och syrlig, en kombination av hallon och svarta vinb\u00e4r, salvia med lite chili, ingef\u00e4ra och Szechuanpeppar.<\/p>\n<p>0% Pink Berry \u00e4r gjord av 100% naturliga botaniska ingredienser och \u00e4r ett perfekt alternativ f\u00f6r personer som inte vill dricka alkohol eller vill dricka mindre.<\/p>\n<p>90 % av ingredienserna kommer direkt fr\u00e5n Warner&#8217;s Falls Farm; en b\u00e4rsmak av den engelska landsbygden som f\u00f6r m\u00e4nniskor samman&#8230;<\/p>\n<p>Smakanteckningar<\/p>\n<p>Doft<\/p>\n<p>B\u00e4rnoter exploderar i n\u00e4san, t\u00e4tt f\u00f6ljt av Szechuan-peppar och inslag av candyfloss, citrus och kamomill<\/p>\n<p>Smak<\/p>\n<p>En dj\u00e4rv fruktig, blommig och s\u00f6t profil med syrliga smaker av hallon, jordgubbar och svarta vinb\u00e4r<\/p>\n<p>Eftersmak<\/p>\n<p>Avslutar med s\u00f6t krydda och ingef\u00e4ra<\/p>\n<p>50ml Warners 0% Pink Berry \u00f6ver is med Franklins Mallorcan Tonic eller Ginger Ale. Garnera med mynta och hallon.<\/p>\n","protected":false},"excerpt":{"rendered":"<p>Botanic Garden Spirit \u2013 England<\/p>\n","protected":false},"featured_media":33507,"template":"","meta":{"_acf_changed":false,"rs_blank_template":"","rs_page_bg_color":"","slide_template_v7":""},"product_brand":[],"product_cat":[2402,2404,4824],"product_tag":[],"class_list":{"0":"post-33465","1":"product","2":"type-product","3":"status-publish","4":"has-post-thumbnail","6":"product_cat-sprit-sv","7":"product_cat-gin-sv","8":"product_cat-alkoholfri-gin-sv","9":"pa_alkoholfri-ja-sv","10":"pa_land-storbritannien-sv","11":"pa_procent-0-sv","12":"pa_producent-warners-sv","13":"pa_volume-50-sv","15":"first","16":"instock","17":"sale","18":"taxable","19":"shipping-taxable","20":"purchasable","21":"product-type-simple"},"bundled_by":[],"bundle_stock_status":"instock","bundle_stock_quantity":null,"bundle_virtual":false,"bundle_layout":"","bundle_add_to_cart_form_location":"","bundle_editable_in_cart":false,"bundle_sold_individually_context":"","bundle_item_grouping":"","bundle_min_size":"","bundle_max_size":"","bundle_price":[],"bundled_items":[],"bundle_sell_ids":[],"acf":[],"_links":{"self":[{"href":"https:\/\/www.raschvin.com\/sv\/wp-json\/wp\/v2\/product\/33465","targetHints":{"allow":["GET"]}}],"collection":[{"href":"https:\/\/www.raschvin.com\/sv\/wp-json\/wp\/v2\/product"}],"about":[{"href":"https:\/\/www.raschvin.com\/sv\/wp-json\/wp\/v2\/types\/product"}],"wp:featuredmedia":[{"embeddable":true,"href":"https:\/\/www.raschvin.com\/sv\/wp-json\/wp\/v2\/media\/33507"}],"wp:attachment":[{"href":"https:\/\/www.raschvin.com\/sv\/wp-json\/wp\/v2\/media?parent=33465"}],"wp:term":[{"taxonomy":"product_brand","embeddable":true,"href":"https:\/\/www.raschvin.com\/sv\/wp-json\/wp\/v2\/product_brand?post=33465"},{"taxonomy":"product_cat","embeddable":true,"href":"https:\/\/www.raschvin.com\/sv\/wp-json\/wp\/v2\/product_cat?post=33465"},{"taxonomy":"product_tag","embeddable":true,"href":"https:\/\/www.raschvin.com\/sv\/wp-json\/wp\/v2\/product_tag?post=33465"}],"curies":[{"name":"wp","href":"https:\/\/api.w.org\/{rel}","templated":true}]}}