{"id":33334,"date":"2023-03-05T20:45:18","date_gmt":"2023-03-05T19:45:18","guid":{"rendered":"https:\/\/www.raschvin.com\/produkt\/badgers-creek-shiraz-cabernet-75-cl\/"},"modified":"2023-03-05T20:45:18","modified_gmt":"2023-03-05T19:45:18","slug":"badgers-creek-shiraz-cabernet-75-cl","status":"publish","type":"product","link":"https:\/\/www.raschvin.com\/sv\/produkt\/badgers-creek-shiraz-cabernet-75-cl\/","title":{"rendered":"Badger\u2019s Creek \u2013 Shiraz \/ Cabernet 75 cl."},"content":{"rendered":"<p>Shiraz- och Cabernet Sauvignon-druvorna f\u00f6r detta vin \u00e4r uts\u00f6kt kombinerade f\u00f6r att producera ett unikt, l\u00e4ttdrucket vin fr\u00e5n syd\u00f6stra Australien lagrat p\u00e5 ekfat.<\/p>\n<p>Bra p\u00e5:<br \/>\nKalvk\u00f6tt, n\u00f6tk\u00f6tt, fl\u00e4sk, ost &#8211; mild, ost &#8211; stark<\/p>\n<p>RUND OCH IDRAGANDE<\/p>\n<p>Shiraz\/Cabernet \u00e4r klarr\u00f6d i glaset med doft av r\u00f6da b\u00e4r och lite krydda fr\u00e5n Shirazdruvan. Smaken \u00e4r medelfyllig med frukt i munnen och bra tanniner. Eftersmaken visar ett vin i bra balans.<\/p>\n<p>Vinet passar till l\u00e4tta k\u00f6ttr\u00e4tter, pastar\u00e4tter och f\u00e4rskost.<\/p>\n<p>Serveringstemperatur: 16-18\u00b0C<\/p>\n<p>Tillverkning<\/p>\n<p>Badgers Creek \u00e4r gjord av druvor som sk\u00f6rdats med optimal mognad och vinifierats enligt de modernaste principerna f\u00f6r att f\u00f6rst\u00e4rka ren frukt och bra balans i det slutliga vinet.<\/p>\n<p>Om tillverkaren<\/p>\n<p>Les Grands Chais de France \u00e4ger flera dom\u00e4ner och ving\u00e5rdar och samarbetar med mer \u00e4n 30 vinkooperativ och hundratals vinodlare. 1,5 miljoner produceras \u00e5rligen. hl vin f\u00f6r LGCF. 1979 grundade Joseph Helfrich LGCF, som ursprungligen specialiserade sig p\u00e5 Cognac innan han gick in i vinbranschen 1981.<br \/>\nLGCF:s m\u00e5l \u00e4r att utveckla och inf\u00f6ra en milj\u00f6v\u00e4nlig policy genom att involvera vinodlarna och lokala akt\u00f6rer i r\u00e5det. P\u00e5 s\u00e5 s\u00e4tt vill de skona och ta hand om milj\u00f6n f\u00f6r kommande generationer.<br \/>\nIdag \u00e4r LGCF bl.a. finns i \u00e5tta av de st\u00f6rsta vinregionerna i Frankrike och Tyskland. D\u00e4rf\u00f6r kan de uppfylla kundernas m\u00e5nga olika \u00f6nskem\u00e5l om vin, b\u00e5de vad g\u00e4ller druvor, vintyp och egenskaper.<\/p>\n<p>LGCF arbetar med ving\u00e5rdar i Australien. Resultatet \u00e4r Badger&#8217;s Creek, som \u00e4r LGCF:s australiska vin.<\/p>\n","protected":false},"excerpt":{"rendered":"<p>Wine of Australia<\/p>\n","protected":false},"featured_media":33364,"template":"","meta":{"_acf_changed":false,"rs_blank_template":"","rs_page_bg_color":"","slide_template_v7":""},"product_brand":[],"product_cat":[2788,2798],"product_tag":[],"class_list":{"0":"post-33334","1":"product","2":"type-product","3":"status-publish","4":"has-post-thumbnail","6":"product_cat-vin-sv","7":"product_cat-roedvin-sv","8":"pa_drue-shiraz-cabernet-sv","9":"pa_land-australien-sv","10":"pa_procent-13-5-sv","11":"pa_serveringstemperatur-16-18-sv","12":"pa_volume-75-sv","14":"first","15":"instock","16":"taxable","17":"shipping-taxable","18":"purchasable","19":"product-type-simple"},"bundled_by":[],"bundle_stock_status":"instock","bundle_stock_quantity":null,"bundle_virtual":false,"bundle_layout":"","bundle_add_to_cart_form_location":"","bundle_editable_in_cart":false,"bundle_sold_individually_context":"","bundle_item_grouping":"","bundle_min_size":"","bundle_max_size":"","bundle_price":[],"bundled_items":[],"bundle_sell_ids":[],"acf":[],"_links":{"self":[{"href":"https:\/\/www.raschvin.com\/sv\/wp-json\/wp\/v2\/product\/33334","targetHints":{"allow":["GET"]}}],"collection":[{"href":"https:\/\/www.raschvin.com\/sv\/wp-json\/wp\/v2\/product"}],"about":[{"href":"https:\/\/www.raschvin.com\/sv\/wp-json\/wp\/v2\/types\/product"}],"wp:featuredmedia":[{"embeddable":true,"href":"https:\/\/www.raschvin.com\/sv\/wp-json\/wp\/v2\/media\/33364"}],"wp:attachment":[{"href":"https:\/\/www.raschvin.com\/sv\/wp-json\/wp\/v2\/media?parent=33334"}],"wp:term":[{"taxonomy":"product_brand","embeddable":true,"href":"https:\/\/www.raschvin.com\/sv\/wp-json\/wp\/v2\/product_brand?post=33334"},{"taxonomy":"product_cat","embeddable":true,"href":"https:\/\/www.raschvin.com\/sv\/wp-json\/wp\/v2\/product_cat?post=33334"},{"taxonomy":"product_tag","embeddable":true,"href":"https:\/\/www.raschvin.com\/sv\/wp-json\/wp\/v2\/product_tag?post=33334"}],"curies":[{"name":"wp","href":"https:\/\/api.w.org\/{rel}","templated":true}]}}