{"id":33285,"date":"2023-03-05T17:44:15","date_gmt":"2023-03-05T16:44:15","guid":{"rendered":"https:\/\/www.raschvin.com\/produkt\/verosso-rose-75-cl\/"},"modified":"2023-03-05T17:44:15","modified_gmt":"2023-03-05T16:44:15","slug":"verosso-rose-75-cl","status":"publish","type":"product","link":"https:\/\/www.raschvin.com\/sv\/produkt\/verosso-rose-75-cl\/","title":{"rendered":"Verosso Ros\u00e9 75 cl."},"content":{"rendered":"<p>Denna italienska ros\u00e9 har en vacker delikat f\u00e4rg och \u00e4r blandad fr\u00e5n vinmakarens favoritdruvor.<br \/>\nDen intensiva v\u00e4rmen under sommarm\u00e5naderna ger vinet en fin rund och mogen smak, som i kombination med en frisk druvdoft ger ett fr\u00e4scht och l\u00e4ttdrucket vin med en fin balans mellan mjuka tanniner och syra.<br \/>\nPerfekt f\u00f6r antipasti, ost, fisk och f\u00e5gel. Ett sj\u00e4lvklart vin en sommardag p\u00e5 terrassen.<\/p>\n","protected":false},"excerpt":{"rendered":"<p>Salento IGT Vino di Italia<\/p>\n","protected":false},"featured_media":33352,"template":"","meta":{"_acf_changed":false,"rs_blank_template":"","rs_page_bg_color":"","slide_template_v7":""},"product_brand":[],"product_cat":[2796,7779,2788],"product_tag":[],"class_list":{"0":"post-33285","1":"product","2":"type-product","3":"status-publish","4":"has-post-thumbnail","6":"product_cat-rosevin-sv","7":"product_cat-sommar-rose","8":"product_cat-vin-sv","9":"pa_drue-primitivo-sv-2","10":"pa_land-italien-sv","11":"pa_procent-12-sv","12":"pa_region-puglia-sv","13":"pa_serveringstemperatur-10-12-sv-2","14":"pa_volume-75-sv","16":"first","17":"instock","18":"taxable","19":"shipping-taxable","20":"purchasable","21":"product-type-simple"},"bundled_by":[],"bundle_stock_status":"instock","bundle_stock_quantity":null,"bundle_virtual":false,"bundle_layout":"","bundle_add_to_cart_form_location":"","bundle_editable_in_cart":false,"bundle_sold_individually_context":"","bundle_item_grouping":"","bundle_min_size":"","bundle_max_size":"","bundle_price":[],"bundled_items":[],"bundle_sell_ids":[],"acf":[],"_links":{"self":[{"href":"https:\/\/www.raschvin.com\/sv\/wp-json\/wp\/v2\/product\/33285","targetHints":{"allow":["GET"]}}],"collection":[{"href":"https:\/\/www.raschvin.com\/sv\/wp-json\/wp\/v2\/product"}],"about":[{"href":"https:\/\/www.raschvin.com\/sv\/wp-json\/wp\/v2\/types\/product"}],"wp:featuredmedia":[{"embeddable":true,"href":"https:\/\/www.raschvin.com\/sv\/wp-json\/wp\/v2\/media\/33352"}],"wp:attachment":[{"href":"https:\/\/www.raschvin.com\/sv\/wp-json\/wp\/v2\/media?parent=33285"}],"wp:term":[{"taxonomy":"product_brand","embeddable":true,"href":"https:\/\/www.raschvin.com\/sv\/wp-json\/wp\/v2\/product_brand?post=33285"},{"taxonomy":"product_cat","embeddable":true,"href":"https:\/\/www.raschvin.com\/sv\/wp-json\/wp\/v2\/product_cat?post=33285"},{"taxonomy":"product_tag","embeddable":true,"href":"https:\/\/www.raschvin.com\/sv\/wp-json\/wp\/v2\/product_tag?post=33285"}],"curies":[{"name":"wp","href":"https:\/\/api.w.org\/{rel}","templated":true}]}}