{"id":33277,"date":"2023-03-05T17:31:22","date_gmt":"2023-03-05T16:31:22","guid":{"rendered":"https:\/\/www.raschvin.com\/produkt\/verosso-chardonnay-75-cl\/"},"modified":"2023-03-05T17:31:22","modified_gmt":"2023-03-05T16:31:22","slug":"verosso-chardonnay-75-cl","status":"publish","type":"product","link":"https:\/\/www.raschvin.com\/sv\/produkt\/verosso-chardonnay-75-cl\/","title":{"rendered":"Verosso Chardonnay 75 cl."},"content":{"rendered":"<p>Verosso Blanco har en h\u00e4rlig fr\u00e4sch, lite s\u00f6t stil.<\/p>\n<p>Vinet har en fin halmgul f\u00e4rg och en delikat och elegant bukett med inslag av f\u00e4rsk frukt.<br \/>\nEfter en l\u00e4tt pressning j\u00e4ser vinet i rostfria beh\u00e5llare vid 17-18 grader i 15-20 dagar. Vinet lagras sedan i speciella st\u00e5ltankar vid en kontrollerad temperatur p\u00e5 18-20 grader tills det beh\u00f6ver buteljeras.<br \/>\nRekommenderas till luncher, l\u00e4ttare r\u00e4tter, f\u00e5gel, f\u00f6r ren njutning p\u00e5 terrassen, som aperitif och med f\u00e4rsk frukt. B\u00f6r serveras vid 10 &#8211; 12 grader.<\/p>\n<p>  VinAvisen gav 4 stj\u00e4rnor av 5 m\u00f6jliga.<\/p>\n<p>En l\u00e5da inneh\u00e5ller 6 flaskor &#8211; 75 cl. &#8211; 12 % alkohol.<\/p>\n","protected":false},"excerpt":{"rendered":"<p>Vino Bianco IT<\/p>\n","protected":false},"featured_media":33397,"template":"","meta":{"_acf_changed":false,"rs_blank_template":"","rs_page_bg_color":"","slide_template_v7":""},"product_brand":[],"product_cat":[2788,2792],"product_tag":[],"class_list":{"0":"post-33277","1":"product","2":"type-product","3":"status-publish","4":"has-post-thumbnail","6":"product_cat-vin-sv","7":"product_cat-vitt-vin","8":"pa_drue-chardonnay-sv","9":"pa_land-italien-sv","10":"pa_procent-12-sv","11":"pa_region-puglia-sv","12":"pa_serveringstemperatur-10-12-sv-2","13":"pa_volume-75-sv","15":"first","16":"instock","17":"taxable","18":"shipping-taxable","19":"purchasable","20":"product-type-simple"},"bundled_by":[],"bundle_stock_status":"instock","bundle_stock_quantity":null,"bundle_virtual":false,"bundle_layout":"","bundle_add_to_cart_form_location":"","bundle_editable_in_cart":false,"bundle_sold_individually_context":"","bundle_item_grouping":"","bundle_min_size":"","bundle_max_size":"","bundle_price":[],"bundled_items":[],"bundle_sell_ids":[],"acf":[],"_links":{"self":[{"href":"https:\/\/www.raschvin.com\/sv\/wp-json\/wp\/v2\/product\/33277","targetHints":{"allow":["GET"]}}],"collection":[{"href":"https:\/\/www.raschvin.com\/sv\/wp-json\/wp\/v2\/product"}],"about":[{"href":"https:\/\/www.raschvin.com\/sv\/wp-json\/wp\/v2\/types\/product"}],"wp:featuredmedia":[{"embeddable":true,"href":"https:\/\/www.raschvin.com\/sv\/wp-json\/wp\/v2\/media\/33397"}],"wp:attachment":[{"href":"https:\/\/www.raschvin.com\/sv\/wp-json\/wp\/v2\/media?parent=33277"}],"wp:term":[{"taxonomy":"product_brand","embeddable":true,"href":"https:\/\/www.raschvin.com\/sv\/wp-json\/wp\/v2\/product_brand?post=33277"},{"taxonomy":"product_cat","embeddable":true,"href":"https:\/\/www.raschvin.com\/sv\/wp-json\/wp\/v2\/product_cat?post=33277"},{"taxonomy":"product_tag","embeddable":true,"href":"https:\/\/www.raschvin.com\/sv\/wp-json\/wp\/v2\/product_tag?post=33277"}],"curies":[{"name":"wp","href":"https:\/\/api.w.org\/{rel}","templated":true}]}}