{"id":33151,"date":"2023-03-02T18:40:56","date_gmt":"2023-03-02T17:40:56","guid":{"rendered":"https:\/\/www.raschvin.com\/produkt\/silent-pool-rare-citrus-gin-5-cl-43\/"},"modified":"2023-04-04T10:40:31","modified_gmt":"2023-04-04T08:40:31","slug":"silent-pool-rare-citrus-gin-5-cl-43","status":"publish","type":"product","link":"https:\/\/www.raschvin.com\/sv\/produkt\/silent-pool-rare-citrus-gin-5-cl-43\/","title":{"rendered":"Silent Pool \u2013 Rare Citrus Gin 5 cl. 43%"},"content":{"rendered":"<p>Silent Pool Rare Citrus Gin \u00e4r den f\u00f6rsta ginen fr\u00e5n Silent Pool Distillers sedan den ursprungliga, nu ikoniska, Silent Pool Gin. F\u00f6r att g\u00f6ra b\u00e4sta m\u00f6jliga citrus-forward gin har de arbetat tillsammans med v\u00e4rldens ledande citrusplantage i Portugal.<\/p>\n<p>Citrusnoterna \u00e4r ganska komplexa. De skapas bland annat genom att anv\u00e4nda citrussorter som Buddhas Hand-citron, Natsu Dai Dai-citron, Green Sevilla-apelsin och Hirado Buntan-pomelo.<\/p>\n<p>F\u00e4rg: Kristallklar.<br \/>\nDoft: Klar citrus, enb\u00e4r och kryddor.<br \/>\nSmaknoter: Enb\u00e4r, komplexa citrustoner med krydda och en eftersmak som dr\u00f6jer sig kvar.<\/p>\n<p>Serveringsf\u00f6rslag: Med din favoritklassiska tonic som gin\/tonic, g\u00e4rna med grapefrukt som garnering. Men lura inte dig sj\u00e4lv att smaka rent f\u00f6rst.<\/p>\n","protected":false},"excerpt":{"rendered":"<p>Premium English Infused Gin<\/p>\n","protected":false},"featured_media":79225,"template":"","meta":{"_acf_changed":false,"rs_blank_template":"","rs_page_bg_color":"","slide_template_v7":""},"product_brand":[],"product_cat":[2402,2404,4711],"product_tag":[],"class_list":{"0":"post-33151","1":"product","2":"type-product","3":"status-publish","4":"has-post-thumbnail","6":"product_cat-sprit-sv","7":"product_cat-gin-sv","8":"product_cat-andra-gins","9":"pa_land-england-sv","10":"pa_procent-43-sv","11":"pa_producent-silent-pool-distillery-sv","12":"pa_volume-5-sv","14":"first","15":"instock","16":"taxable","17":"shipping-taxable","18":"purchasable","19":"product-type-simple"},"bundled_by":[],"bundle_stock_status":"instock","bundle_stock_quantity":null,"bundle_virtual":false,"bundle_layout":"","bundle_add_to_cart_form_location":"","bundle_editable_in_cart":false,"bundle_sold_individually_context":"","bundle_item_grouping":"","bundle_min_size":"","bundle_max_size":"","bundle_price":[],"bundled_items":[],"bundle_sell_ids":[],"acf":[],"_links":{"self":[{"href":"https:\/\/www.raschvin.com\/sv\/wp-json\/wp\/v2\/product\/33151","targetHints":{"allow":["GET"]}}],"collection":[{"href":"https:\/\/www.raschvin.com\/sv\/wp-json\/wp\/v2\/product"}],"about":[{"href":"https:\/\/www.raschvin.com\/sv\/wp-json\/wp\/v2\/types\/product"}],"wp:featuredmedia":[{"embeddable":true,"href":"https:\/\/www.raschvin.com\/sv\/wp-json\/wp\/v2\/media\/79225"}],"wp:attachment":[{"href":"https:\/\/www.raschvin.com\/sv\/wp-json\/wp\/v2\/media?parent=33151"}],"wp:term":[{"taxonomy":"product_brand","embeddable":true,"href":"https:\/\/www.raschvin.com\/sv\/wp-json\/wp\/v2\/product_brand?post=33151"},{"taxonomy":"product_cat","embeddable":true,"href":"https:\/\/www.raschvin.com\/sv\/wp-json\/wp\/v2\/product_cat?post=33151"},{"taxonomy":"product_tag","embeddable":true,"href":"https:\/\/www.raschvin.com\/sv\/wp-json\/wp\/v2\/product_tag?post=33151"}],"curies":[{"name":"wp","href":"https:\/\/api.w.org\/{rel}","templated":true}]}}