{"id":33147,"date":"2023-03-02T18:37:30","date_gmt":"2023-03-02T17:37:30","guid":{"rendered":"https:\/\/www.raschvin.com\/produkt\/silent-pool-gin-5-cl-43\/"},"modified":"2023-04-04T10:43:22","modified_gmt":"2023-04-04T08:43:22","slug":"silent-pool-gin-5-cl-43","status":"publish","type":"product","link":"https:\/\/www.raschvin.com\/sv\/produkt\/silent-pool-gin-5-cl-43\/","title":{"rendered":"Silent Pool Gin 5 cl. 43%"},"content":{"rendered":"<p>Silent Pool Gin \u00e4r originalginen fr\u00e5n Silent Pool Distillers. Tillverkad med s\u00e5 m\u00e5nga som 24 olika v\u00e4xter, och destillerad med en kombination av flera tekniker, ger den en helt ovanligt komplex gin. N\u00e5gra av de klassiska v\u00e4xterna, inklusive bosnisk enb\u00e4r, lakritsrot, kassiabark, orris och bergamott \u00e4r indr\u00e4nkta i alkohol. Andra, som apelsinskal, citronskal, torkade p\u00e4ron, makedonsk enb\u00e4r och angelica, l\u00e4ggs i en korg i halsen p\u00e5 destilleriet.<\/p>\n<p>F\u00e4rg: Kristallklar.<br \/>\nDoft: Enb\u00e4r, blommig, kryddig och klar citrus.<br \/>\nSmaknoter: Enb\u00e4r, citrustoner, peppar och andra kryddor samt olika blommiga toner.<\/p>\n<p>Serveringsf\u00f6rslag: Med din klassiska favorittonic som en gin\/tonic, garnerad med apelsinskal. Men f\u00f6rs\u00f6k ocks\u00e5 smaka rent och upplev komplexiteten i arom och smak.<\/p>\n","protected":false},"excerpt":{"rendered":"<p>Botanical Premium Gin<\/p>\n","protected":false},"featured_media":79222,"template":"","meta":{"_acf_changed":false,"rs_blank_template":"","rs_page_bg_color":"","slide_template_v7":""},"product_brand":[],"product_cat":[4711,2404,2402],"product_tag":[],"class_list":{"0":"post-33147","1":"product","2":"type-product","3":"status-publish","4":"has-post-thumbnail","6":"product_cat-andra-gins","7":"product_cat-gin-sv","8":"product_cat-sprit-sv","9":"pa_land-england-sv","10":"pa_procent-43-sv","11":"pa_producent-silent-pool-distillery-sv","12":"pa_volume-5-sv","14":"first","15":"instock","16":"taxable","17":"shipping-taxable","18":"purchasable","19":"product-type-simple"},"bundled_by":[],"bundle_stock_status":"instock","bundle_stock_quantity":null,"bundle_virtual":false,"bundle_layout":"","bundle_add_to_cart_form_location":"","bundle_editable_in_cart":false,"bundle_sold_individually_context":"","bundle_item_grouping":"","bundle_min_size":"","bundle_max_size":"","bundle_price":[],"bundled_items":[],"bundle_sell_ids":[],"acf":[],"_links":{"self":[{"href":"https:\/\/www.raschvin.com\/sv\/wp-json\/wp\/v2\/product\/33147","targetHints":{"allow":["GET"]}}],"collection":[{"href":"https:\/\/www.raschvin.com\/sv\/wp-json\/wp\/v2\/product"}],"about":[{"href":"https:\/\/www.raschvin.com\/sv\/wp-json\/wp\/v2\/types\/product"}],"wp:featuredmedia":[{"embeddable":true,"href":"https:\/\/www.raschvin.com\/sv\/wp-json\/wp\/v2\/media\/79222"}],"wp:attachment":[{"href":"https:\/\/www.raschvin.com\/sv\/wp-json\/wp\/v2\/media?parent=33147"}],"wp:term":[{"taxonomy":"product_brand","embeddable":true,"href":"https:\/\/www.raschvin.com\/sv\/wp-json\/wp\/v2\/product_brand?post=33147"},{"taxonomy":"product_cat","embeddable":true,"href":"https:\/\/www.raschvin.com\/sv\/wp-json\/wp\/v2\/product_cat?post=33147"},{"taxonomy":"product_tag","embeddable":true,"href":"https:\/\/www.raschvin.com\/sv\/wp-json\/wp\/v2\/product_tag?post=33147"}],"curies":[{"name":"wp","href":"https:\/\/api.w.org\/{rel}","templated":true}]}}