{"id":33077,"date":"2025-06-30T10:52:52","date_gmt":"2025-06-30T08:52:52","guid":{"rendered":"https:\/\/www.raschvin.com\/produkt\/leitz-dragonstone-riesling-75-cl\/"},"modified":"2025-06-30T10:50:49","modified_gmt":"2025-06-30T08:50:49","slug":"leitz-dragonstone-riesling-75-cl","status":"publish","type":"product","link":"https:\/\/www.raschvin.com\/sv\/produkt\/leitz-dragonstone-riesling-75-cl\/","title":{"rendered":"Leitz Dragonstone 2023 &#8211; Riesling 75 cl."},"content":{"rendered":"<p>P\u00e5 n\u00e4san presenterar denna Riesling sig med ett \u00f6verfl\u00f6d av exotisk frukt och mycket tilltalande toner av j\u00e4st.Dragonstone Riesling \u00e4r mycket exotisk och visar nyanser av persika och aprikoser.Den fint integrerade, livliga syran kompenseras av toner av mogna Mirabelle-plommon. P\u00e5 grund av sin fr\u00e4sch\u00f6r och n\u00e4rvaro \u00e4r denna riesling v\u00e4ldigt tilltalande och kan verkligen ses som en nykomling i v\u00e5r fruktiga rieslingv\u00e4rld.<\/p>\n<p>Medan Johannes Leitz torra viner st\u00e4rkte hans rykte i Tyskland och Europa, gjorde inget annat vin honom s\u00e5 popul\u00e4r i USA som Dragonstone. Den rena kvartsitjorden som kommer fr\u00e5n R\u00fcdesheimer Drachenstein ger en s\u00e4lta till vinet med apelsincitrussmak som buffrar syran och motverkar det p\u00e5tagliga sockret. Inslag av blommig parfym i den inre munnen och pikanten av persikogropen ger ytterligare djup till det som konsekvent har rankats bland v\u00e4rldens mest anm\u00e4rkningsv\u00e4rda Rieslingv\u00e4rden.<\/p>\n<p>Johannes Leitz tog \u00f6ver familjens ving\u00e5rd fr\u00e5n sin far 1999, efter att ha varit ansvarig f\u00f6r vinframst\u00e4llningen sedan 1985. Under Johannes \u00e4gande har Leitz bara g\u00e5tt en v\u00e4g &#8211; upp\u00e5t! Kvaliteten har \u00f6kat fr\u00e5n bra till v\u00e4rldsklass och de har lyckats ut\u00f6ka f\u00e4lten med n\u00e5gra av de b\u00e4sta paketen runt staden R\u00fcdesheim.<\/p>\n<p>Bergssluttningen v\u00e4ster om och omedelbart runt R\u00fcdesheim \u00e4r en av de mest magiska terroirerna i hela v\u00e4rlden f\u00f6r framst\u00e4llning av viner fr\u00e5n rieslingdruvan \u2013 och d\u00e4rmed en av de mest magiska terroirerna i hela v\u00e4rlden f\u00f6r framst\u00e4llning av vitt vin!<\/p>\n<p>Det \u00e4r h\u00e4r vi hittar bland annat paketen Berg Schlo\u00dfberg, Berg Rottland, Berg Roseneck och Berg Kaisersteinfels, som alla fyra \u00e5tnjuter h\u00f6gsta m\u00f6jliga klassificering och erk\u00e4nnande i Tysklands hierarki.<\/p>\n","protected":false},"excerpt":{"rendered":"<p>Weingut Leitz \u2013 Germany<\/p>\n","protected":false},"featured_media":92120,"template":"","meta":{"_acf_changed":false,"rs_blank_template":"","rs_page_bg_color":"","slide_template_v7":""},"product_brand":[],"product_cat":[2788,2792],"product_tag":[],"class_list":{"0":"post-33077","1":"product","2":"type-product","3":"status-publish","4":"has-post-thumbnail","6":"product_cat-vin-sv","7":"product_cat-vitt-vin","8":"pa_aargang-2024-sv","9":"pa_drue-riesling-sv","10":"pa_land-tyskland-sv","11":"pa_procent-10-5-sv","12":"pa_producent-leitz-sv","13":"pa_region-rheingau-sv","14":"pa_serveringstemperatur-8-10-sv","15":"pa_volume-75-sv","17":"first","18":"instock","19":"taxable","20":"shipping-taxable","21":"purchasable","22":"product-type-simple"},"bundled_by":["119616"],"bundle_stock_status":"instock","bundle_stock_quantity":null,"bundle_virtual":false,"bundle_layout":"","bundle_add_to_cart_form_location":"","bundle_editable_in_cart":false,"bundle_sold_individually_context":"","bundle_item_grouping":"","bundle_min_size":"","bundle_max_size":"","bundle_price":[],"bundled_items":[],"bundle_sell_ids":[],"acf":[],"_links":{"self":[{"href":"https:\/\/www.raschvin.com\/sv\/wp-json\/wp\/v2\/product\/33077","targetHints":{"allow":["GET"]}}],"collection":[{"href":"https:\/\/www.raschvin.com\/sv\/wp-json\/wp\/v2\/product"}],"about":[{"href":"https:\/\/www.raschvin.com\/sv\/wp-json\/wp\/v2\/types\/product"}],"wp:featuredmedia":[{"embeddable":true,"href":"https:\/\/www.raschvin.com\/sv\/wp-json\/wp\/v2\/media\/92120"}],"wp:attachment":[{"href":"https:\/\/www.raschvin.com\/sv\/wp-json\/wp\/v2\/media?parent=33077"}],"wp:term":[{"taxonomy":"product_brand","embeddable":true,"href":"https:\/\/www.raschvin.com\/sv\/wp-json\/wp\/v2\/product_brand?post=33077"},{"taxonomy":"product_cat","embeddable":true,"href":"https:\/\/www.raschvin.com\/sv\/wp-json\/wp\/v2\/product_cat?post=33077"},{"taxonomy":"product_tag","embeddable":true,"href":"https:\/\/www.raschvin.com\/sv\/wp-json\/wp\/v2\/product_tag?post=33077"}],"curies":[{"name":"wp","href":"https:\/\/api.w.org\/{rel}","templated":true}]}}