{"id":33069,"date":"2023-03-01T21:13:16","date_gmt":"2023-03-01T20:13:16","guid":{"rendered":"https:\/\/www.raschvin.com\/produkt\/matsui-gin-the-hakuto-premium-70-cl-47\/"},"modified":"2023-03-01T21:13:16","modified_gmt":"2023-03-01T20:13:16","slug":"matsui-gin-the-hakuto-premium-70-cl-47","status":"publish","type":"product","link":"https:\/\/www.raschvin.com\/sv\/produkt\/matsui-gin-the-hakuto-premium-70-cl-47\/","title":{"rendered":"Matsui Gin &#8211; The Hakuto Premium 70 cl. 47%"},"content":{"rendered":"<p>Vacker ask f\u00f6r denna japanska ginvinnare av &#8221;World Gin Awards&#8221; 2020.<\/p>\n<p>Hakuto \u00e4r en japansk gin tillverkad av Kurayoshi Distillery med i f\u00f6rsta hand japanska v\u00e4xter p\u00e5 ett h\u00f6gre bevis \u00e4n deras standarduttryck<br \/>\n13 lokala v\u00e4xter inkluderar Nashi, en m\u00e4ngd japanska p\u00e4ron, tillsammans med k\u00f6rsb\u00e4rsblom, yuzu, Gyokuro gr\u00f6nt te, sansho pepparkorn, korianderfr\u00f6, apelsinskal, svartpeppar, enb\u00e4r och fem hemliga v\u00e4xter.<br \/>\nBotanicals macereras i neutral sprit innan de destilleras i en almbic pot still<br \/>\nFramst\u00e5ende yuzu kompletterar en enb\u00e4r fram\u00e5t n\u00e4sa; koriander och apelsinskal f\u00f6rh\u00f6jer mitten av gommen med tydliga blomtoner genomg\u00e5ende<br \/>\n47 % ABV<br \/>\nDetta \u00e4r en verkligt premium gin med beviset och profilen f\u00f6r att st\u00e5 emot alla applikationer. Medan London Dry Gin definieras av sin Juniper-ryggrad, lutar Hakuto sig mot en distinkt japansk profil baserad p\u00e5 Nashi, en variation av japanska p\u00e4ron. Hakuto betyder vit kanin och h\u00e4nvisar till en lokal Tottori Prefecture-myt med titeln Hare of Inaba.<\/p>\n<p>Hakuto Premium Japanese Gin \u00e4r tillverkad av Kurayoshi Distillery med i f\u00f6rsta hand japanska v\u00e4xter p\u00e5 ett h\u00f6gre bevis \u00e4n deras standarduttryck. Hakuto betyder vit kanin och h\u00e4nvisar till en lokal Tottori Prefecture-myt med titeln Hare of Inaba. Medan London Dry Gin definieras av sin Juniper-ryggrad, lutar Hakuto sig mot en distinkt japansk profil baserad p\u00e5 Nashi, en variation av japanska p\u00e4ron. Tretton ytterligare v\u00e4xter inkluderar k\u00f6rsb\u00e4rsblom, yuzu, Gyokuro gr\u00f6nt te, sansho pepparkorn, korianderfr\u00f6, apelsinskal, svartpeppar, enb\u00e4r och fem hemliga v\u00e4xter. Alla v\u00e4xter \u00e4r lokalt framst\u00e4llda och macererade i neutral sprit innan de destilleras i en almbic pot still. De extra v\u00e4xterna ger en komplexitet med framtr\u00e4dande yuzu som kompletterar en enb\u00e4r fram\u00e5t n\u00e4sa. Koriander och apelsinskal f\u00f6rh\u00f6jer mitten av gommen med tydliga blomtoner genomg\u00e5ende. Detta \u00e4r en verkligt premium gin med beviset och profilen f\u00f6r att st\u00e5 emot alla applikationer. 47 % ABV.<\/p>\n","protected":false},"excerpt":{"rendered":"<p>Japanese Craft Gin<\/p>\n","protected":false},"featured_media":33091,"template":"","meta":{"_acf_changed":false,"rs_blank_template":"","rs_page_bg_color":"","slide_template_v7":""},"product_brand":[],"product_cat":[2402,2404,4711],"product_tag":[],"class_list":{"0":"post-33069","1":"product","2":"type-product","3":"status-publish","4":"has-post-thumbnail","6":"product_cat-sprit-sv","7":"product_cat-gin-sv","8":"product_cat-andra-gins","9":"pa_land-japan-sv","10":"pa_procent-47-sv","11":"pa_producent-kurayoshi-distillery-sv","12":"pa_volume-70-sv-2","14":"first","15":"outofstock","16":"sale","17":"taxable","18":"shipping-taxable","19":"purchasable","20":"product-type-simple"},"bundled_by":[],"bundle_stock_status":"outofstock","bundle_stock_quantity":null,"bundle_virtual":false,"bundle_layout":"","bundle_add_to_cart_form_location":"","bundle_editable_in_cart":false,"bundle_sold_individually_context":"","bundle_item_grouping":"","bundle_min_size":"","bundle_max_size":"","bundle_price":[],"bundled_items":[],"bundle_sell_ids":[],"acf":[],"_links":{"self":[{"href":"https:\/\/www.raschvin.com\/sv\/wp-json\/wp\/v2\/product\/33069","targetHints":{"allow":["GET"]}}],"collection":[{"href":"https:\/\/www.raschvin.com\/sv\/wp-json\/wp\/v2\/product"}],"about":[{"href":"https:\/\/www.raschvin.com\/sv\/wp-json\/wp\/v2\/types\/product"}],"wp:featuredmedia":[{"embeddable":true,"href":"https:\/\/www.raschvin.com\/sv\/wp-json\/wp\/v2\/media\/33091"}],"wp:attachment":[{"href":"https:\/\/www.raschvin.com\/sv\/wp-json\/wp\/v2\/media?parent=33069"}],"wp:term":[{"taxonomy":"product_brand","embeddable":true,"href":"https:\/\/www.raschvin.com\/sv\/wp-json\/wp\/v2\/product_brand?post=33069"},{"taxonomy":"product_cat","embeddable":true,"href":"https:\/\/www.raschvin.com\/sv\/wp-json\/wp\/v2\/product_cat?post=33069"},{"taxonomy":"product_tag","embeddable":true,"href":"https:\/\/www.raschvin.com\/sv\/wp-json\/wp\/v2\/product_tag?post=33069"}],"curies":[{"name":"wp","href":"https:\/\/api.w.org\/{rel}","templated":true}]}}