{"id":33039,"date":"2023-03-01T18:44:38","date_gmt":"2023-03-01T17:44:38","guid":{"rendered":"https:\/\/www.raschvin.com\/produkt\/teachers-highland-cream-70-cl-40\/"},"modified":"2023-03-01T18:44:38","modified_gmt":"2023-03-01T17:44:38","slug":"teachers-highland-cream-70-cl-40","status":"publish","type":"product","link":"https:\/\/www.raschvin.com\/sv\/produkt\/teachers-highland-cream-70-cl-40\/","title":{"rendered":"Teacher&#8217;s Highland Cream 70 cl. 40%"},"content":{"rendered":"<p>En r\u00f6kig, sl\u00e4t blandad whisky fr\u00e5n Teacher&#8217;s, Highland Cream \u00e4r centrerad kring en k\u00e4rna av torvd single malt fr\u00e5n Ardmore-destilleriet, kombinerat med s\u00f6t, fruktig korn- och maltwhisky. Smaken ger toner av \u00e4pplen, rik torvr\u00f6k, honung, s\u00f6t malt och kr\u00e4mig vanilj som dr\u00f6jer sig kvar i finishen.<\/p>\n<p>Stor, rundad, sl\u00e4t. Full av krispig maltighet. Att dricka denna whisky \u00e4r som att bita i jordn\u00f6tsspr\u00f6da. Sedan kola. Sedan lakritssmaker. 8,5\/10<br \/>\nMichael Jackson, Whisky Magazine april 2000<\/p>\n<p>Det s\u00e4gs att William Teacher inte skulle ge sitt namn till sin blandning f\u00f6rr\u00e4n han hade hittat perfektion. Highland Cream var den d\u00e4r whiskyn. Med 45 % har den en av de h\u00f6gsta singelmalthalterna av n\u00e5gon blandning och anv\u00e4nder helt torvad Ardmore-whisky som sin fingeravtrycksmalt. Kombinationen \u00e4r ett otroligt djup och mjukhet kombinerat med rika r\u00f6kiga undertoner. Verkligen ett m\u00e4sterverk.<\/p>\n","protected":false},"excerpt":{"rendered":"<p>Blended Scotch Whisky<\/p>\n","protected":false},"featured_media":33042,"template":"","meta":{"_acf_changed":false,"rs_blank_template":"","rs_page_bg_color":"","slide_template_v7":""},"product_brand":[],"product_cat":[2387,4765,2392],"product_tag":[],"class_list":{"0":"post-33039","1":"product","2":"type-product","3":"status-publish","4":"has-post-thumbnail","6":"product_cat-avec-sv","7":"product_cat-blended-sv","8":"product_cat-whisky-sv","9":"pa_land-skottland","10":"pa_procent-40-sv-2","11":"pa_region-highland-sv","12":"pa_volume-70-sv-2","14":"first","15":"instock","16":"taxable","17":"shipping-taxable","18":"purchasable","19":"product-type-simple"},"bundled_by":[],"bundle_stock_status":"instock","bundle_stock_quantity":null,"bundle_virtual":false,"bundle_layout":"","bundle_add_to_cart_form_location":"","bundle_editable_in_cart":false,"bundle_sold_individually_context":"","bundle_item_grouping":"","bundle_min_size":"","bundle_max_size":"","bundle_price":[],"bundled_items":[],"bundle_sell_ids":[],"acf":[],"_links":{"self":[{"href":"https:\/\/www.raschvin.com\/sv\/wp-json\/wp\/v2\/product\/33039","targetHints":{"allow":["GET"]}}],"collection":[{"href":"https:\/\/www.raschvin.com\/sv\/wp-json\/wp\/v2\/product"}],"about":[{"href":"https:\/\/www.raschvin.com\/sv\/wp-json\/wp\/v2\/types\/product"}],"wp:featuredmedia":[{"embeddable":true,"href":"https:\/\/www.raschvin.com\/sv\/wp-json\/wp\/v2\/media\/33042"}],"wp:attachment":[{"href":"https:\/\/www.raschvin.com\/sv\/wp-json\/wp\/v2\/media?parent=33039"}],"wp:term":[{"taxonomy":"product_brand","embeddable":true,"href":"https:\/\/www.raschvin.com\/sv\/wp-json\/wp\/v2\/product_brand?post=33039"},{"taxonomy":"product_cat","embeddable":true,"href":"https:\/\/www.raschvin.com\/sv\/wp-json\/wp\/v2\/product_cat?post=33039"},{"taxonomy":"product_tag","embeddable":true,"href":"https:\/\/www.raschvin.com\/sv\/wp-json\/wp\/v2\/product_tag?post=33039"}],"curies":[{"name":"wp","href":"https:\/\/api.w.org\/{rel}","templated":true}]}}