{"id":33036,"date":"2025-03-26T12:54:06","date_gmt":"2025-03-26T11:54:06","guid":{"rendered":"https:\/\/www.raschvin.com\/produkt\/the-glendronach-original-12-years-70-cl-43\/"},"modified":"2025-03-26T12:55:40","modified_gmt":"2025-03-26T11:55:40","slug":"the-glendronach-original-12-years-70-cl-43","status":"publish","type":"product","link":"https:\/\/www.raschvin.com\/sv\/produkt\/the-glendronach-original-12-years-70-cl-43\/","title":{"rendered":"The Glendronach Original 12 Years 70 cl. 43%"},"content":{"rendered":"<p>Denna suver\u00e4na rik sherry-singmalt har lagrats i minst 12 \u00e5r i en kombination av de finaste spanska Pedro Ximenez- och Oloroso-sherryfaten. Detta GlenDronach-uttryck bel\u00f6nades med guld i 2016 \u00e5rs internationella vin- och spritt\u00e4vling i kategorin 10-12 \u00e5r gamla Highland Single Malt Scotch Whisky.<\/p>\n<p>N\u00e4san bjuder p\u00e5 aromer av stuvade frukter, rabarber och sylt med lite krossade hasseln\u00f6tter och farinsocker och en svag kolr\u00f6kighet n\u00e4r den \u00f6ppnar sig med tiden. Rik smaksatt med rik sherryfruktighet i f\u00f6rgrunden, lite Turkish Delight och anis bidrar till dess komplexitet. Finishen \u00e4r ren och balanserad men rik och kryddig \u2013 en klassisk v\u00e4rmande dram.<\/p>\n","protected":false},"excerpt":{"rendered":"<p>Highland Single Malt Scotch Whisky<\/p>\n","protected":false},"featured_media":85889,"template":"","meta":{"_acf_changed":false,"rs_blank_template":"","rs_page_bg_color":"","slide_template_v7":""},"product_brand":[],"product_cat":[2387,4651,2392],"product_tag":[],"class_list":{"0":"post-33036","1":"product","2":"type-product","3":"status-publish","4":"has-post-thumbnail","6":"product_cat-avec-sv","7":"product_cat-single-malt-sv","8":"product_cat-whisky-sv","9":"pa_land-skottland","10":"pa_procent-43-sv","11":"pa_producent-glendronach-sv","12":"pa_region-speyside-sv","13":"pa_traefad-sherry-sv","14":"pa_volume-70-sv-2","16":"first","17":"instock","18":"sale","19":"taxable","20":"shipping-taxable","21":"purchasable","22":"product-type-simple"},"bundled_by":[],"bundle_stock_status":"instock","bundle_stock_quantity":null,"bundle_virtual":false,"bundle_layout":"","bundle_add_to_cart_form_location":"","bundle_editable_in_cart":false,"bundle_sold_individually_context":"","bundle_item_grouping":"","bundle_min_size":"","bundle_max_size":"","bundle_price":[],"bundled_items":[],"bundle_sell_ids":[],"acf":[],"_links":{"self":[{"href":"https:\/\/www.raschvin.com\/sv\/wp-json\/wp\/v2\/product\/33036","targetHints":{"allow":["GET"]}}],"collection":[{"href":"https:\/\/www.raschvin.com\/sv\/wp-json\/wp\/v2\/product"}],"about":[{"href":"https:\/\/www.raschvin.com\/sv\/wp-json\/wp\/v2\/types\/product"}],"wp:featuredmedia":[{"embeddable":true,"href":"https:\/\/www.raschvin.com\/sv\/wp-json\/wp\/v2\/media\/85889"}],"wp:attachment":[{"href":"https:\/\/www.raschvin.com\/sv\/wp-json\/wp\/v2\/media?parent=33036"}],"wp:term":[{"taxonomy":"product_brand","embeddable":true,"href":"https:\/\/www.raschvin.com\/sv\/wp-json\/wp\/v2\/product_brand?post=33036"},{"taxonomy":"product_cat","embeddable":true,"href":"https:\/\/www.raschvin.com\/sv\/wp-json\/wp\/v2\/product_cat?post=33036"},{"taxonomy":"product_tag","embeddable":true,"href":"https:\/\/www.raschvin.com\/sv\/wp-json\/wp\/v2\/product_tag?post=33036"}],"curies":[{"name":"wp","href":"https:\/\/api.w.org\/{rel}","templated":true}]}}