{"id":33033,"date":"2023-03-01T17:45:17","date_gmt":"2023-03-01T16:45:17","guid":{"rendered":"https:\/\/www.raschvin.com\/produkt\/g-vine-june-royal-pear-cardamom-5-cl-375\/"},"modified":"2023-03-01T17:45:17","modified_gmt":"2023-03-01T16:45:17","slug":"g-vine-june-royal-pear-cardamom-5-cl-375","status":"publish","type":"product","link":"https:\/\/www.raschvin.com\/sv\/produkt\/g-vine-june-royal-pear-cardamom-5-cl-375\/","title":{"rendered":"G Vine \u2013 June Royal Pear &#038; Cardamom 5 cl. 37,5%"},"content":{"rendered":"<p>Om produkten<br \/>\nJUNI GIN Royal Pear and Cardamum, \u00e4r Maison Villeverts nya superstj\u00e4rna p\u00e5 ginmarknaden och June Wild Peachs krispiga lillasyster, full av \u00f6verraskning och massor av smak. JUNI \u00e4r s\u00f6t och gjord p\u00e5 basis av G&#8217;Vine Floraison, och har Maison Villeverts DNA av renhet, klass och god smak med sig. Med l\u00e4ckra toner av p\u00e4ron och kardemumma \u00e4r den en hit utan like.<\/p>\n<p>H\u00e4r \u00e4r n\u00e5gra l\u00e4ckra junirecept:<\/p>\n<p>Skinny June: I ett vinglas fyllt med is l\u00e4gg 4cl June Royal Pear och Kardemumma, fyll p\u00e5 med mousserande vatten (ca 10-15cl) Garnera med Pear.<\/p>\n<p>June Collins: Skaka f\u00f6ljande med mycket is: 6cl June Royal P\u00e4ron och Kardemumma, 3cl f\u00e4rskpressad citronsaft, 1cl sockersirap (1 del socker: 1 del vatten). Sila upp i ett vinglas fyllt med is. Fyll p\u00e5 med 3-4cl kolsyrat vatten och r\u00f6r om tyst. Garnera med en persika och en citronklyfta.<\/p>\n<p>June Pear Spritz: fyll ett vinglas med isbitar, l\u00e4gg 6cl June Royal Pear och Kardemumma i glaset och fyll p\u00e5 med 12cl mousserande vin, toppa eventuellt med mousserande vatten och garnera med p\u00e4ronskivor och limeklyftor.<\/p>\n","protected":false},"excerpt":{"rendered":"<p>Distilled Infused Gin \u2013 France<\/p>\n","protected":false},"featured_media":79207,"template":"","meta":{"_acf_changed":false,"rs_blank_template":"","rs_page_bg_color":"","slide_template_v7":""},"product_brand":[],"product_cat":[2402,2404,4700],"product_tag":[],"class_list":{"0":"post-33033","1":"product","2":"type-product","3":"status-publish","4":"has-post-thumbnail","6":"product_cat-sprit-sv","7":"product_cat-gin-sv","8":"product_cat-flavoured-gin-sv","9":"pa_land-frankrike","10":"pa_procent-37-5-sv","11":"pa_producent-g-vine-sv","12":"pa_region-cognac-sv","13":"pa_volume-5-sv","15":"first","16":"instock","17":"taxable","18":"shipping-taxable","19":"purchasable","20":"product-type-simple"},"bundled_by":[],"bundle_stock_status":"instock","bundle_stock_quantity":null,"bundle_virtual":false,"bundle_layout":"","bundle_add_to_cart_form_location":"","bundle_editable_in_cart":false,"bundle_sold_individually_context":"","bundle_item_grouping":"","bundle_min_size":"","bundle_max_size":"","bundle_price":[],"bundled_items":[],"bundle_sell_ids":[],"acf":[],"_links":{"self":[{"href":"https:\/\/www.raschvin.com\/sv\/wp-json\/wp\/v2\/product\/33033","targetHints":{"allow":["GET"]}}],"collection":[{"href":"https:\/\/www.raschvin.com\/sv\/wp-json\/wp\/v2\/product"}],"about":[{"href":"https:\/\/www.raschvin.com\/sv\/wp-json\/wp\/v2\/types\/product"}],"wp:featuredmedia":[{"embeddable":true,"href":"https:\/\/www.raschvin.com\/sv\/wp-json\/wp\/v2\/media\/79207"}],"wp:attachment":[{"href":"https:\/\/www.raschvin.com\/sv\/wp-json\/wp\/v2\/media?parent=33033"}],"wp:term":[{"taxonomy":"product_brand","embeddable":true,"href":"https:\/\/www.raschvin.com\/sv\/wp-json\/wp\/v2\/product_brand?post=33033"},{"taxonomy":"product_cat","embeddable":true,"href":"https:\/\/www.raschvin.com\/sv\/wp-json\/wp\/v2\/product_cat?post=33033"},{"taxonomy":"product_tag","embeddable":true,"href":"https:\/\/www.raschvin.com\/sv\/wp-json\/wp\/v2\/product_tag?post=33033"}],"curies":[{"name":"wp","href":"https:\/\/api.w.org\/{rel}","templated":true}]}}