{"id":32869,"date":"2023-02-25T13:46:43","date_gmt":"2023-02-25T12:46:43","guid":{"rendered":"https:\/\/www.raschvin.com\/produkt\/knockando-18-years-70-cl-43\/"},"modified":"2023-02-25T13:46:43","modified_gmt":"2023-02-25T12:46:43","slug":"knockando-18-years-70-cl-43","status":"publish","type":"product","link":"https:\/\/www.raschvin.com\/sv\/produkt\/knockando-18-years-70-cl-43\/","title":{"rendered":"Knockando 18 Years 70 cl. 43%"},"content":{"rendered":"<p>Knockando-destilleriet ligger i en by med samma namn i Moray, Skottland. Knockando grundades av John Thompson 1898 och \u00e4r gaeliska f\u00f6r &#8221;black hill&#8221;. Idag tillh\u00f6r destilleriet Diageo, ett f\u00f6retag som verkar \u00f6ver hela v\u00e4rlden och producerar alkoholhaltiga drycker. Knockando 18 Years Old Slow Matured lagras i minst 18 \u00e5r p\u00e5 sherryfat.<\/p>\n<p>Smaknoter: F\u00e4rg: b\u00e4rnsten. N\u00e4sa: Sherry, inslag av malt, n\u00f6tter, mogna plommon, p\u00e4ron, mandariner, vanilj, farinsocker. Smak: Mjuk, n\u00f6tig, fyllig, fruktig toner, inslag av tr\u00e4, mandel, malt, fullkornskakor. Finish: L\u00e5ngvarig, varm och s\u00f6t.<\/p>\n","protected":false},"excerpt":{"rendered":"<p>Single Malt Scotch Whisky<\/p>\n","protected":false},"featured_media":32902,"template":"","meta":{"_acf_changed":false,"rs_blank_template":"","rs_page_bg_color":"","slide_template_v7":""},"product_brand":[],"product_cat":[2387,4651,2392],"product_tag":[],"class_list":{"0":"post-32869","1":"product","2":"type-product","3":"status-publish","4":"has-post-thumbnail","6":"product_cat-avec-sv","7":"product_cat-single-malt-sv","8":"product_cat-whisky-sv","9":"pa_land-skottland","10":"pa_procent-43-sv","11":"pa_producent-knockando-distillery-sv","12":"pa_region-speyside-sv","13":"pa_traefad-sherry-sv","14":"pa_volume-70-sv-2","16":"first","17":"instock","18":"sale","19":"taxable","20":"shipping-taxable","21":"purchasable","22":"product-type-simple"},"bundled_by":[],"bundle_stock_status":"instock","bundle_stock_quantity":null,"bundle_virtual":false,"bundle_layout":"","bundle_add_to_cart_form_location":"","bundle_editable_in_cart":false,"bundle_sold_individually_context":"","bundle_item_grouping":"","bundle_min_size":"","bundle_max_size":"","bundle_price":[],"bundled_items":[],"bundle_sell_ids":[],"acf":[],"_links":{"self":[{"href":"https:\/\/www.raschvin.com\/sv\/wp-json\/wp\/v2\/product\/32869","targetHints":{"allow":["GET"]}}],"collection":[{"href":"https:\/\/www.raschvin.com\/sv\/wp-json\/wp\/v2\/product"}],"about":[{"href":"https:\/\/www.raschvin.com\/sv\/wp-json\/wp\/v2\/types\/product"}],"wp:featuredmedia":[{"embeddable":true,"href":"https:\/\/www.raschvin.com\/sv\/wp-json\/wp\/v2\/media\/32902"}],"wp:attachment":[{"href":"https:\/\/www.raschvin.com\/sv\/wp-json\/wp\/v2\/media?parent=32869"}],"wp:term":[{"taxonomy":"product_brand","embeddable":true,"href":"https:\/\/www.raschvin.com\/sv\/wp-json\/wp\/v2\/product_brand?post=32869"},{"taxonomy":"product_cat","embeddable":true,"href":"https:\/\/www.raschvin.com\/sv\/wp-json\/wp\/v2\/product_cat?post=32869"},{"taxonomy":"product_tag","embeddable":true,"href":"https:\/\/www.raschvin.com\/sv\/wp-json\/wp\/v2\/product_tag?post=32869"}],"curies":[{"name":"wp","href":"https:\/\/api.w.org\/{rel}","templated":true}]}}