{"id":32866,"date":"2023-02-25T13:39:03","date_gmt":"2023-02-25T12:39:03","guid":{"rendered":"https:\/\/www.raschvin.com\/produkt\/knockando-12-years-70-cl-43\/"},"modified":"2023-02-25T13:39:03","modified_gmt":"2023-02-25T12:39:03","slug":"knockando-12-years-70-cl-43","status":"publish","type":"product","link":"https:\/\/www.raschvin.com\/sv\/produkt\/knockando-12-years-70-cl-43\/","title":{"rendered":"Knockando 12 Years 70 cl. 43%"},"content":{"rendered":"<p>Knockando-destilleriet ligger i en by med samma namn i Moray, Skottland. Det grundades av John Thompson 1898.<br \/>\nIdag tillh\u00f6r destilleriet Diageo, ett f\u00f6retag som verkar \u00f6ver hela v\u00e4rlden och producerar alkoholhaltiga drycker.<\/p>\n<p>I varje flaska hittar du alltid produkten av endast en \u00e5rg\u00e5ng &#8211; en egenhet som forts\u00e4tter att s\u00e4rskilja Knockando fr\u00e5n n\u00e4stan alla andra singelmalter.<br \/>\nDenna Knockando 12 Years Old mognar i minst 12 \u00e5r p\u00e5 bourbonfat.<br \/>\nS\u00e4rskilt fin, fruktig och subtil Speyside whisky med n\u00f6tiga, blommiga smaker. (automatisk \u00f6vers\u00e4ttning)<br \/>\nSmakanteckningar:<\/p>\n<p>F\u00e4rg: Ljus b\u00e4rnsten.<br \/>\nN\u00e4sa: Fruktig, blommig, inslag av svarta vinb\u00e4r.<br \/>\nSmak: L\u00e4tt, behaglig, s\u00f6t, inslag av syra, mandel.<br \/>\nFinish: L\u00e5ngvarig. (automatisk \u00f6vers\u00e4ttning)<\/p>\n","protected":false},"excerpt":{"rendered":"<p>Single Malt Scotch Whisky<\/p>\n","protected":false},"featured_media":32878,"template":"","meta":{"_acf_changed":false,"rs_blank_template":"","rs_page_bg_color":"","slide_template_v7":""},"product_brand":[],"product_cat":[2387,4651,2392],"product_tag":[],"class_list":{"0":"post-32866","1":"product","2":"type-product","3":"status-publish","4":"has-post-thumbnail","6":"product_cat-avec-sv","7":"product_cat-single-malt-sv","8":"product_cat-whisky-sv","9":"pa_land-skottland","10":"pa_procent-43-sv","11":"pa_producent-knockando-distillery-sv","12":"pa_region-speyside-sv","13":"pa_traefad-bourbon-sv","14":"pa_volume-70-sv-2","16":"first","17":"instock","18":"sale","19":"taxable","20":"shipping-taxable","21":"purchasable","22":"product-type-simple"},"bundled_by":[],"bundle_stock_status":"instock","bundle_stock_quantity":null,"bundle_virtual":false,"bundle_layout":"","bundle_add_to_cart_form_location":"","bundle_editable_in_cart":false,"bundle_sold_individually_context":"","bundle_item_grouping":"","bundle_min_size":"","bundle_max_size":"","bundle_price":[],"bundled_items":[],"bundle_sell_ids":[],"acf":[],"_links":{"self":[{"href":"https:\/\/www.raschvin.com\/sv\/wp-json\/wp\/v2\/product\/32866","targetHints":{"allow":["GET"]}}],"collection":[{"href":"https:\/\/www.raschvin.com\/sv\/wp-json\/wp\/v2\/product"}],"about":[{"href":"https:\/\/www.raschvin.com\/sv\/wp-json\/wp\/v2\/types\/product"}],"wp:featuredmedia":[{"embeddable":true,"href":"https:\/\/www.raschvin.com\/sv\/wp-json\/wp\/v2\/media\/32878"}],"wp:attachment":[{"href":"https:\/\/www.raschvin.com\/sv\/wp-json\/wp\/v2\/media?parent=32866"}],"wp:term":[{"taxonomy":"product_brand","embeddable":true,"href":"https:\/\/www.raschvin.com\/sv\/wp-json\/wp\/v2\/product_brand?post=32866"},{"taxonomy":"product_cat","embeddable":true,"href":"https:\/\/www.raschvin.com\/sv\/wp-json\/wp\/v2\/product_cat?post=32866"},{"taxonomy":"product_tag","embeddable":true,"href":"https:\/\/www.raschvin.com\/sv\/wp-json\/wp\/v2\/product_tag?post=32866"}],"curies":[{"name":"wp","href":"https:\/\/api.w.org\/{rel}","templated":true}]}}