{"id":32863,"date":"2023-02-25T13:29:20","date_gmt":"2023-02-25T12:29:20","guid":{"rendered":"https:\/\/www.raschvin.com\/produkt\/knockando-21-years-master-reserve-2-glasses-70-cl-43\/"},"modified":"2023-02-25T13:29:20","modified_gmt":"2023-02-25T12:29:20","slug":"knockando-21-years-master-reserve-2-glasses-70-cl-43","status":"publish","type":"product","link":"https:\/\/www.raschvin.com\/sv\/produkt\/knockando-21-years-master-reserve-2-glasses-70-cl-43\/","title":{"rendered":"Knockando 21 Years Master Reserve + 2 Glasses 70 cl. 43%"},"content":{"rendered":"<p>Knockando-destilleriet ligger i en by med samma namn i Moray, Skottland. Det grundades av John Thompson 1898.<br \/>\nIdag tillh\u00f6r destilleriet Diageo, ett f\u00f6retag som verkar \u00f6ver hela v\u00e4rlden och producerar alkoholhaltiga drycker.<\/p>\n<p>De \u00e4ldre \u00e5rg\u00e5ngarna av Knockando \u00e4r mer och mer intensiva och komplexa.<br \/>\nDen 21 \u00e5r l\u00e5nga mognaden leder till en exceptionellt djup och mjuk singelmalt, som balanserar rika fruktiga smaker med delikata ektoner. (automatisk \u00f6vers\u00e4ttning)<br \/>\nSmakanteckningar:<\/p>\n<p>F\u00e4rg: Guld.<br \/>\nN\u00e4sa: Varm, komplex, fruktig, toner av vanilj, ek.<br \/>\nSmak: Mjuk, intensiv, toner av mandel, inslag av jordgubbar, frukt.<br \/>\nFinish: L\u00e5ng, intensiv, toner av ek, frukt, r\u00f6k. (automatisk \u00f6vers\u00e4ttning)<\/p>\n","protected":false},"excerpt":{"rendered":"<p>Single Malt Scotch Whisky<\/p>\n","protected":false},"featured_media":32908,"template":"","meta":{"_acf_changed":false,"rs_blank_template":"","rs_page_bg_color":"","slide_template_v7":""},"product_brand":[],"product_cat":[2387,4651,2392],"product_tag":[],"class_list":{"0":"post-32863","1":"product","2":"type-product","3":"status-publish","4":"has-post-thumbnail","6":"product_cat-avec-sv","7":"product_cat-single-malt-sv","8":"product_cat-whisky-sv","9":"pa_land-skottland","10":"pa_procent-43-sv","11":"pa_producent-knockando-distillery-sv","12":"pa_region-speyside-sv","13":"pa_volume-70-sv-2","15":"first","16":"instock","17":"taxable","18":"shipping-taxable","19":"purchasable","20":"product-type-simple"},"bundled_by":[],"bundle_stock_status":"instock","bundle_stock_quantity":null,"bundle_virtual":false,"bundle_layout":"","bundle_add_to_cart_form_location":"","bundle_editable_in_cart":false,"bundle_sold_individually_context":"","bundle_item_grouping":"","bundle_min_size":"","bundle_max_size":"","bundle_price":[],"bundled_items":[],"bundle_sell_ids":[],"acf":[],"_links":{"self":[{"href":"https:\/\/www.raschvin.com\/sv\/wp-json\/wp\/v2\/product\/32863","targetHints":{"allow":["GET"]}}],"collection":[{"href":"https:\/\/www.raschvin.com\/sv\/wp-json\/wp\/v2\/product"}],"about":[{"href":"https:\/\/www.raschvin.com\/sv\/wp-json\/wp\/v2\/types\/product"}],"wp:featuredmedia":[{"embeddable":true,"href":"https:\/\/www.raschvin.com\/sv\/wp-json\/wp\/v2\/media\/32908"}],"wp:attachment":[{"href":"https:\/\/www.raschvin.com\/sv\/wp-json\/wp\/v2\/media?parent=32863"}],"wp:term":[{"taxonomy":"product_brand","embeddable":true,"href":"https:\/\/www.raschvin.com\/sv\/wp-json\/wp\/v2\/product_brand?post=32863"},{"taxonomy":"product_cat","embeddable":true,"href":"https:\/\/www.raschvin.com\/sv\/wp-json\/wp\/v2\/product_cat?post=32863"},{"taxonomy":"product_tag","embeddable":true,"href":"https:\/\/www.raschvin.com\/sv\/wp-json\/wp\/v2\/product_tag?post=32863"}],"curies":[{"name":"wp","href":"https:\/\/api.w.org\/{rel}","templated":true}]}}