{"id":32860,"date":"2023-02-25T13:16:41","date_gmt":"2023-02-25T12:16:41","guid":{"rendered":"https:\/\/www.raschvin.com\/produkt\/ron-centenario-12-anos-gran-legado-70-cl-40\/"},"modified":"2023-02-25T13:16:41","modified_gmt":"2023-02-25T12:16:41","slug":"ron-centenario-12-anos-gran-legado-70-cl-40","status":"publish","type":"product","link":"https:\/\/www.raschvin.com\/sv\/produkt\/ron-centenario-12-anos-gran-legado-70-cl-40\/","title":{"rendered":"Ron Centenario 12 A\u00f1os Gran Legado 70 cl. 40%"},"content":{"rendered":"<p>Ron Centenario Gran Legado har lagrats i minst 12 \u00e5r p\u00e5 utvalda ekfat efter att ha genomg\u00e5tt en speciell destillationsprocess.<\/p>\n<p>Den b\u00e4rnstensf\u00e4rgade rommen erbjuder vackra aromer av m\u00f6rk karamell samt kryddiga och n\u00f6taktiga toner. Den kvardr\u00f6jande finishen understryks av eknoter. Denna fantastiska prisv\u00e4rda rom serveras b\u00e4st snyggt och i rumstemperatur.<\/p>\n<p>Ron Centenario Gran Legado 12 \u00e5r \u00e4r blandningen av mogen rom som har f\u00e5tt sitt livs arv mellan ekfat, med toner av mogna r\u00f6da frukter \u00f6ver tiden. En rom som omsluter alla sinnen. Avnjutas med is, g\u00e4rna med vanligt vatten. F\u00e4rg: b\u00e4rnsten Lukt: behaglig doft av mogna r\u00f6da frukter och mycket tr\u00e4 Smak: s\u00f6t, med harmoni av mogna r\u00f6da frukter.<\/p>\n","protected":false},"excerpt":{"rendered":"<p>Premium Aged Rum \u2013 Product of Costa Rica<\/p>\n","protected":false},"featured_media":32896,"template":"","meta":{"_acf_changed":false,"rs_blank_template":"","rs_page_bg_color":"","slide_template_v7":""},"product_brand":[],"product_cat":[2387,4634,2391],"product_tag":[],"class_list":{"0":"post-32860","1":"product","2":"type-product","3":"status-publish","4":"has-post-thumbnail","6":"product_cat-avec-sv","7":"product_cat-premium-aged-sv","8":"product_cat-rom-sv","9":"pa_land-costa-rica-sv","10":"pa_procent-40-sv-2","11":"pa_producent-centenario-internacional-sv","12":"pa_volume-70-sv-2","14":"first","15":"instock","16":"sale","17":"taxable","18":"shipping-taxable","19":"purchasable","20":"product-type-simple"},"bundled_by":[],"bundle_stock_status":"instock","bundle_stock_quantity":null,"bundle_virtual":false,"bundle_layout":"","bundle_add_to_cart_form_location":"","bundle_editable_in_cart":false,"bundle_sold_individually_context":"","bundle_item_grouping":"","bundle_min_size":"","bundle_max_size":"","bundle_price":[],"bundled_items":[],"bundle_sell_ids":[],"acf":[],"_links":{"self":[{"href":"https:\/\/www.raschvin.com\/sv\/wp-json\/wp\/v2\/product\/32860","targetHints":{"allow":["GET"]}}],"collection":[{"href":"https:\/\/www.raschvin.com\/sv\/wp-json\/wp\/v2\/product"}],"about":[{"href":"https:\/\/www.raschvin.com\/sv\/wp-json\/wp\/v2\/types\/product"}],"wp:featuredmedia":[{"embeddable":true,"href":"https:\/\/www.raschvin.com\/sv\/wp-json\/wp\/v2\/media\/32896"}],"wp:attachment":[{"href":"https:\/\/www.raschvin.com\/sv\/wp-json\/wp\/v2\/media?parent=32860"}],"wp:term":[{"taxonomy":"product_brand","embeddable":true,"href":"https:\/\/www.raschvin.com\/sv\/wp-json\/wp\/v2\/product_brand?post=32860"},{"taxonomy":"product_cat","embeddable":true,"href":"https:\/\/www.raschvin.com\/sv\/wp-json\/wp\/v2\/product_cat?post=32860"},{"taxonomy":"product_tag","embeddable":true,"href":"https:\/\/www.raschvin.com\/sv\/wp-json\/wp\/v2\/product_tag?post=32860"}],"curies":[{"name":"wp","href":"https:\/\/api.w.org\/{rel}","templated":true}]}}