{"id":32857,"date":"2023-02-25T13:04:38","date_gmt":"2023-02-25T12:04:38","guid":{"rendered":"https:\/\/www.raschvin.com\/produkt\/ron-centenario-edicion-1985-70-cl-43\/"},"modified":"2023-04-07T09:17:54","modified_gmt":"2023-04-07T07:17:54","slug":"ron-centenario-edicion-1985-70-cl-43","status":"publish","type":"product","link":"https:\/\/www.raschvin.com\/sv\/produkt\/ron-centenario-edicion-1985-70-cl-43\/","title":{"rendered":"Ron Centenario Edici\u00f3n 1985 70 cl. 43%"},"content":{"rendered":"<p>Batch No.2<\/p>\n<p>Rum Centenario 1985 Cask Selection producerades f\u00f6r att fira varum\u00e4rkets 35-\u00e5rsjubileum. Den unika blandningen av rom har lagrats p\u00e5 fat som importerats fr\u00e5n Skottland, speciellt fr\u00e5n Highlands-regionen, och sedan mognat i Costa Ricas djungel. Karakt\u00e4ren hos de skotska h\u00f6glandsfaten ger toner av f\u00e4rska och mogna b\u00e4r (som k\u00f6rsb\u00e4r och jordgubbar) och sedan toner av r\u00f6tt \u00e4pple, ek, r\u00f6k och tr\u00e4. Centenario 1985 \u00e4r en hyllning till 35 \u00e5rs arbete f\u00f6r alla som \u00e4r involverade i produktionen av den v\u00e4rldsber\u00f6mda Centenario-romen. Det \u00e4r en unik blandning som kommer att f\u00f6rtrolla dina sinnen med essensen av tv\u00e5 helt olika tr\u00e4slag g\u00f6mda i en flaska.<\/p>\n<p>F\u00e4rg: Guld.<br \/>\nN\u00e4sa: Frukt, r\u00f6k, tr\u00e4.<br \/>\nSmak: F\u00e4rska, k\u00f6rsb\u00e4r, jordgubbar, r\u00f6da \u00e4pplen, ek, r\u00f6k, ved och buskar.<br \/>\nFinish: L\u00e5ngvarig.<\/p>\n","protected":false},"excerpt":{"rendered":"<p>Cask Selection Rum &#8211; Product of Costa Rica<\/p>\n","protected":false},"featured_media":35064,"template":"","meta":{"_acf_changed":false,"rs_blank_template":"","rs_page_bg_color":"","slide_template_v7":""},"product_brand":[],"product_cat":[2387,4634,2391],"product_tag":[],"class_list":{"0":"post-32857","1":"product","2":"type-product","3":"status-publish","4":"has-post-thumbnail","6":"product_cat-avec-sv","7":"product_cat-premium-aged-sv","8":"product_cat-rom-sv","9":"pa_land-costa-rica-sv","10":"pa_procent-43-sv","11":"pa_producent-centenario-internacional-sv","12":"pa_volume-70-sv-2","14":"first","15":"instock","16":"sale","17":"taxable","18":"shipping-taxable","19":"purchasable","20":"product-type-simple"},"bundled_by":[],"bundle_stock_status":"instock","bundle_stock_quantity":null,"bundle_virtual":false,"bundle_layout":"","bundle_add_to_cart_form_location":"","bundle_editable_in_cart":false,"bundle_sold_individually_context":"","bundle_item_grouping":"","bundle_min_size":"","bundle_max_size":"","bundle_price":[],"bundled_items":[],"bundle_sell_ids":[],"acf":[],"_links":{"self":[{"href":"https:\/\/www.raschvin.com\/sv\/wp-json\/wp\/v2\/product\/32857","targetHints":{"allow":["GET"]}}],"collection":[{"href":"https:\/\/www.raschvin.com\/sv\/wp-json\/wp\/v2\/product"}],"about":[{"href":"https:\/\/www.raschvin.com\/sv\/wp-json\/wp\/v2\/types\/product"}],"wp:featuredmedia":[{"embeddable":true,"href":"https:\/\/www.raschvin.com\/sv\/wp-json\/wp\/v2\/media\/35064"}],"wp:attachment":[{"href":"https:\/\/www.raschvin.com\/sv\/wp-json\/wp\/v2\/media?parent=32857"}],"wp:term":[{"taxonomy":"product_brand","embeddable":true,"href":"https:\/\/www.raschvin.com\/sv\/wp-json\/wp\/v2\/product_brand?post=32857"},{"taxonomy":"product_cat","embeddable":true,"href":"https:\/\/www.raschvin.com\/sv\/wp-json\/wp\/v2\/product_cat?post=32857"},{"taxonomy":"product_tag","embeddable":true,"href":"https:\/\/www.raschvin.com\/sv\/wp-json\/wp\/v2\/product_tag?post=32857"}],"curies":[{"name":"wp","href":"https:\/\/api.w.org\/{rel}","templated":true}]}}