{"id":32816,"date":"2023-02-24T19:43:48","date_gmt":"2023-02-24T18:43:48","guid":{"rendered":"https:\/\/www.raschvin.com\/produkt\/leitz-eins-zwei-dry-rheingau-riesling-dry-75-cl\/"},"modified":"2023-02-24T19:43:48","modified_gmt":"2023-02-24T18:43:48","slug":"leitz-eins-zwei-dry-rheingau-riesling-dry-75-cl","status":"publish","type":"product","link":"https:\/\/www.raschvin.com\/sv\/produkt\/leitz-eins-zwei-dry-rheingau-riesling-dry-75-cl\/","title":{"rendered":"Leitz Eins Zwei Dry &#8211; Rheingau Riesling Dry 75 cl."},"content":{"rendered":"<p>Eins-Zwei-Dry Riesling \u00e4r den perfekta introduktionen till Weingut Leitz stil. Druvorna kommer fr\u00e5n f\u00e4lten runt Geisenheim, Hattenheim och Erbach i Rheingau. Eins-Zwei-Dry \u00e4r komplex och elegant med delikat friskhet och fruktiga toner av citrus och stenfrukt, mineralitet, livlig syra och en liten touch av s\u00f6tma. Helt enkelt perfekt balans och anm\u00e4rkningsv\u00e4rt h\u00f6g kvalitet f\u00f6r ett &#8221;standardvin&#8221;!<\/p>\n<p>F\u00e4rg: Ljus gyllene.<br \/>\nDoft: Krispigt, gr\u00f6nt \u00e4pple, stenfrukt och kanderad citrus.<br \/>\nSmaknoter: I smaken en perfekt balans mellan s\u00f6tma och syra \u2013 fast\u00e4n definitivt torr \u2013 med toner av grapefrukt, persika och citronskal.<\/p>\n<p>Serveringsf\u00f6rslag: Perfekt till fisk, skaldjur eller sushi.<\/p>\n<p>Johannes Leitz tog \u00f6ver familjens ving\u00e5rd fr\u00e5n sin far 1999, efter att ha varit ansvarig f\u00f6r vinframst\u00e4llningen sedan 1985. Under Johannes \u00e4gande har Leitz bara g\u00e5tt en v\u00e4g &#8211; upp\u00e5t! Kvaliteten har \u00f6kat fr\u00e5n bra till v\u00e4rldsklass och de har lyckats ut\u00f6ka f\u00e4lten med n\u00e5gra av de b\u00e4sta paketen runt staden R\u00fcdesheim.<\/p>\n<p>Bergssluttningen v\u00e4ster om och omedelbart runt R\u00fcdesheim \u00e4r en av de mest magiska terroirerna i hela v\u00e4rlden f\u00f6r framst\u00e4llning av viner fr\u00e5n rieslingdruvan \u2013 och d\u00e4rmed en av de mest magiska terroirerna i hela v\u00e4rlden f\u00f6r framst\u00e4llning av vitt vin!<\/p>\n<p>Det \u00e4r h\u00e4r vi hittar bland annat paketen Berg Schlo\u00dfberg, Berg Rottland, Berg Roseneck och Berg Kaisersteinfels, som alla fyra \u00e5tnjuter h\u00f6gsta m\u00f6jliga klassificering och erk\u00e4nnande i Tysklands hierarki.<\/p>\n","protected":false},"excerpt":{"rendered":"<p>Weingut Leitz &#8211; Germany<\/p>\n","protected":false},"featured_media":32843,"template":"","meta":{"_acf_changed":false,"rs_blank_template":"","rs_page_bg_color":"","slide_template_v7":""},"product_brand":[],"product_cat":[2788,2792],"product_tag":[],"class_list":{"0":"post-32816","1":"product","2":"type-product","3":"status-publish","4":"has-post-thumbnail","6":"product_cat-vin-sv","7":"product_cat-vitt-vin","8":"pa_drue-riesling-sv","9":"pa_land-tyskland-sv","10":"pa_procent-12-5-sv","11":"pa_producent-leitz-sv","12":"pa_region-rheingau-sv","13":"pa_serveringstemperatur-10-12-sv-2","14":"pa_volume-75-sv","16":"first","17":"instock","18":"taxable","19":"shipping-taxable","20":"purchasable","21":"product-type-simple"},"bundled_by":[],"bundle_stock_status":"instock","bundle_stock_quantity":null,"bundle_virtual":false,"bundle_layout":"","bundle_add_to_cart_form_location":"","bundle_editable_in_cart":false,"bundle_sold_individually_context":"","bundle_item_grouping":"","bundle_min_size":"","bundle_max_size":"","bundle_price":[],"bundled_items":[],"bundle_sell_ids":[],"acf":[],"_links":{"self":[{"href":"https:\/\/www.raschvin.com\/sv\/wp-json\/wp\/v2\/product\/32816","targetHints":{"allow":["GET"]}}],"collection":[{"href":"https:\/\/www.raschvin.com\/sv\/wp-json\/wp\/v2\/product"}],"about":[{"href":"https:\/\/www.raschvin.com\/sv\/wp-json\/wp\/v2\/types\/product"}],"wp:featuredmedia":[{"embeddable":true,"href":"https:\/\/www.raschvin.com\/sv\/wp-json\/wp\/v2\/media\/32843"}],"wp:attachment":[{"href":"https:\/\/www.raschvin.com\/sv\/wp-json\/wp\/v2\/media?parent=32816"}],"wp:term":[{"taxonomy":"product_brand","embeddable":true,"href":"https:\/\/www.raschvin.com\/sv\/wp-json\/wp\/v2\/product_brand?post=32816"},{"taxonomy":"product_cat","embeddable":true,"href":"https:\/\/www.raschvin.com\/sv\/wp-json\/wp\/v2\/product_cat?post=32816"},{"taxonomy":"product_tag","embeddable":true,"href":"https:\/\/www.raschvin.com\/sv\/wp-json\/wp\/v2\/product_tag?post=32816"}],"curies":[{"name":"wp","href":"https:\/\/api.w.org\/{rel}","templated":true}]}}