{"id":32807,"date":"2025-02-20T16:32:29","date_gmt":"2025-02-20T15:32:29","guid":{"rendered":"https:\/\/www.raschvin.com\/produkt\/monte-pinadillo-crianza-75-cl\/"},"modified":"2025-11-12T16:53:28","modified_gmt":"2025-11-12T15:53:28","slug":"monte-pinadillo-crianza-75-cl","status":"publish","type":"product","link":"https:\/\/www.raschvin.com\/sv\/produkt\/monte-pinadillo-crianza-75-cl\/","title":{"rendered":"Monte Pinadillo Crianza 2021 75 cl."},"content":{"rendered":"<p>Ribera del Duero \u00e4r Spaniens lysande internationella stj\u00e4rna och \u00e4r gjord p\u00e5 den spanska &#8221;lokala druvan&#8221; tempranillo, k\u00e4nd i omr\u00e5det som tinta del pa\u00eds eller tinto fino.<\/p>\n<p>Ving\u00e5rdarna i omr\u00e5det ligger 700-800 meter \u00f6ver havet, men korta och varma somrar, med svala n\u00e4tter. I Ribera del Dueros perfekta klimat skapas viner i balans och harmoni, vilket g\u00f6r att Tempranillo-druvan h\u00e4r kan st\u00e5 ensam utan att blandas med andra druvor, som t.ex. i Rioja. Fram till mitten av 80-talet dominerades omr\u00e5det av kooperativ, men allt fler odlare b\u00f6rjar buteljera under eget namn, vilket har h\u00f6jt kvalitetsniv\u00e5n generellt och s\u00e4kert \u00e4ven priserna.<\/p>\n<p>Monte Pinadillo Crianza \u00e4r gjord av handsk\u00f6rdade Tempranillo-druvor, som efter sk\u00f6rden macererades i 3 veckor under temperaturkontroll och sedan lagrades i ett \u00e5r i en blandning av fransk och amerikansk ek. Flasklagringen har rundat av frukten och integrerat fatet, s\u00e5 att vinet nu framst\u00e5r som drickf\u00e4rdigt med harmonisk och mjuk frukt och rostade aromer fr\u00e5n fatet.<\/p>\n<p>N\u00e4sa och smak har intensiva aromer av bl\u00e5b\u00e4r, bj\u00f6rnb\u00e4rskompott och m\u00f6rka k\u00f6rsb\u00e4r med balsamiska undertoner, r\u00f6k och espresso.<\/p>\n<p>Monte Pinadillo crianza \u00e4r ett intensivt, fylligt vin med smidiga tanniner, vilket \u00e4r ett sj\u00e4lvklart &#8217;k\u00f6ttvin&#8217; nu och under de kommande 3-4 \u00e5ren.<\/p>\n<p>Om du har tid kan du syres\u00e4tta vinet i en timme innan det serveras vid 17\u00b0 i ett rymligt &#8217;Bordeaux&#8217;-glas<\/p>\n","protected":false},"excerpt":{"rendered":"<p>Ribera del Duero- Spain <\/p>\n","protected":false},"featured_media":105362,"template":"","meta":{"_acf_changed":false,"rs_blank_template":"","rs_page_bg_color":"","slide_template_v7":""},"product_brand":[],"product_cat":[2788,2798],"product_tag":[],"class_list":{"0":"post-32807","1":"product","2":"type-product","3":"status-publish","4":"has-post-thumbnail","6":"product_cat-vin-sv","7":"product_cat-roedvin-sv","8":"pa_aargang-2021-sv","9":"pa_drue-tempranillo-sv","10":"pa_land-spanien-sv","11":"pa_procent-14-sv","12":"pa_region-ribera-del-duero-sv","13":"pa_serveringstemperatur-17-18-sv","14":"pa_volume-75-sv","16":"first","17":"instock","18":"taxable","19":"shipping-taxable","20":"purchasable","21":"product-type-simple"},"bundled_by":["119961","119970"],"bundle_stock_status":"instock","bundle_stock_quantity":null,"bundle_virtual":false,"bundle_layout":"","bundle_add_to_cart_form_location":"","bundle_editable_in_cart":false,"bundle_sold_individually_context":"","bundle_item_grouping":"","bundle_min_size":"","bundle_max_size":"","bundle_price":[],"bundled_items":[],"bundle_sell_ids":[],"acf":[],"_links":{"self":[{"href":"https:\/\/www.raschvin.com\/sv\/wp-json\/wp\/v2\/product\/32807","targetHints":{"allow":["GET"]}}],"collection":[{"href":"https:\/\/www.raschvin.com\/sv\/wp-json\/wp\/v2\/product"}],"about":[{"href":"https:\/\/www.raschvin.com\/sv\/wp-json\/wp\/v2\/types\/product"}],"wp:featuredmedia":[{"embeddable":true,"href":"https:\/\/www.raschvin.com\/sv\/wp-json\/wp\/v2\/media\/105362"}],"wp:attachment":[{"href":"https:\/\/www.raschvin.com\/sv\/wp-json\/wp\/v2\/media?parent=32807"}],"wp:term":[{"taxonomy":"product_brand","embeddable":true,"href":"https:\/\/www.raschvin.com\/sv\/wp-json\/wp\/v2\/product_brand?post=32807"},{"taxonomy":"product_cat","embeddable":true,"href":"https:\/\/www.raschvin.com\/sv\/wp-json\/wp\/v2\/product_cat?post=32807"},{"taxonomy":"product_tag","embeddable":true,"href":"https:\/\/www.raschvin.com\/sv\/wp-json\/wp\/v2\/product_tag?post=32807"}],"curies":[{"name":"wp","href":"https:\/\/api.w.org\/{rel}","templated":true}]}}