{"id":32803,"date":"2023-02-24T18:59:44","date_gmt":"2023-02-24T17:59:44","guid":{"rendered":"https:\/\/www.raschvin.com\/produkt\/yushan-single-malt-peated-50-cl-46\/"},"modified":"2023-02-24T18:59:44","modified_gmt":"2023-02-24T17:59:44","slug":"yushan-single-malt-peated-50-cl-46","status":"publish","type":"product","link":"https:\/\/www.raschvin.com\/sv\/produkt\/yushan-single-malt-peated-50-cl-46\/","title":{"rendered":"Yushan Single Malt &#8211; Peated 50 cl. 46%"},"content":{"rendered":"<p>S\u00f6t och fint balanserad doft, d\u00e4r \u00e4ven blommor och citrusfrukt f\u00f6ljer med. N\u00e4r du smakar kommer du att uppleva toner av brunt, karamelliserat socker och givetvis n\u00e5gra r\u00f6kiga intryck. Eftersmaken \u00e4r behagligt l\u00e5ng och kan avnjutas med sm\u00e5 minnen av whiskyns fina torvr\u00f6k.<\/p>\n<p>Destillerad i kopparpot stills fr\u00e5n Skottland och Belgien.<\/p>\n<p>Om Nantou Distillery<br \/>\nNantou Distillery ligger i Nantou Hsien i Taiwan och grundades av Taiwan Tobacco &#038; Liquor Corporation 1978. Det var dock inte f\u00f6rr\u00e4n 2008 som Nantou Distillery producerade sin f\u00f6rsta whisky. Nantou Distillery har f\u00f6r n\u00e4rvarande fyra stillbilder tillverkade av Forsyths i Rothes i Speyside, Skottland. Det varma och fuktiga klimatet i Taiwan g\u00f6r att den ber\u00f6mda &#8221;Angel&#8217;s Share&#8221; \u00e4r runt 5% per \u00e5r<\/p>\n","protected":false},"excerpt":{"rendered":"<p>Taiwanese Single Malt Whisky<\/p>\n","protected":false},"featured_media":32822,"template":"","meta":{"_acf_changed":false,"rs_blank_template":"","rs_page_bg_color":"","slide_template_v7":""},"product_brand":[],"product_cat":[2387,4651,2392],"product_tag":[],"class_list":{"0":"post-32803","1":"product","2":"type-product","3":"status-publish","4":"has-post-thumbnail","6":"product_cat-avec-sv","7":"product_cat-single-malt-sv","8":"product_cat-whisky-sv","9":"pa_land-taiwan-sv","10":"pa_procent-46-sv","11":"pa_producent-nantou-distillery-sv","12":"pa_region-nantou-hsien-sv","13":"pa_volume-50-sv","15":"first","16":"instock","17":"sale","18":"taxable","19":"shipping-taxable","20":"purchasable","21":"product-type-simple"},"bundled_by":[],"bundle_stock_status":"instock","bundle_stock_quantity":null,"bundle_virtual":false,"bundle_layout":"","bundle_add_to_cart_form_location":"","bundle_editable_in_cart":false,"bundle_sold_individually_context":"","bundle_item_grouping":"","bundle_min_size":"","bundle_max_size":"","bundle_price":[],"bundled_items":[],"bundle_sell_ids":[],"acf":[],"_links":{"self":[{"href":"https:\/\/www.raschvin.com\/sv\/wp-json\/wp\/v2\/product\/32803","targetHints":{"allow":["GET"]}}],"collection":[{"href":"https:\/\/www.raschvin.com\/sv\/wp-json\/wp\/v2\/product"}],"about":[{"href":"https:\/\/www.raschvin.com\/sv\/wp-json\/wp\/v2\/types\/product"}],"wp:featuredmedia":[{"embeddable":true,"href":"https:\/\/www.raschvin.com\/sv\/wp-json\/wp\/v2\/media\/32822"}],"wp:attachment":[{"href":"https:\/\/www.raschvin.com\/sv\/wp-json\/wp\/v2\/media?parent=32803"}],"wp:term":[{"taxonomy":"product_brand","embeddable":true,"href":"https:\/\/www.raschvin.com\/sv\/wp-json\/wp\/v2\/product_brand?post=32803"},{"taxonomy":"product_cat","embeddable":true,"href":"https:\/\/www.raschvin.com\/sv\/wp-json\/wp\/v2\/product_cat?post=32803"},{"taxonomy":"product_tag","embeddable":true,"href":"https:\/\/www.raschvin.com\/sv\/wp-json\/wp\/v2\/product_tag?post=32803"}],"curies":[{"name":"wp","href":"https:\/\/api.w.org\/{rel}","templated":true}]}}